{"id":84,"date":"2023-08-10T08:31:54","date_gmt":"2023-08-10T08:31:54","guid":{"rendered":"https:\/\/www.cotefleurs.ch\/?post_type=product&#038;p=84"},"modified":"2023-10-18T16:27:08","modified_gmt":"2023-10-18T16:27:08","slug":"coeur-pastel","status":"publish","type":"product","link":"https:\/\/www.cotefleurs.ch\/fr\/acheter-en-ligne\/dernier-hommage\/coeurs\/pastel\/","title":{"rendered":"Coeur pastel"},"content":{"rendered":"","protected":false},"excerpt":{"rendered":"","protected":false},"featured_media":120,"comment_status":"open","ping_status":"closed","template":"","meta":{"_acf_changed":false},"product_cat":[37,35,38],"product_tag":[],"class_list":{"0":"post-84","1":"product","2":"type-product","3":"status-publish","4":"has-post-thumbnail","6":"product_cat-coeurs","7":"product_cat-dernier-hommage","8":"product_cat-melange-de-varietes","10":"first","11":"instock","12":"taxable","13":"shipping-taxable","14":"purchasable","15":"product-type-simple"},"acf":[],"yoast_head":"<!-- This site is optimized with the Yoast SEO plugin v23.0 - https:\/\/yoast.com\/wordpress\/plugins\/seo\/ -->\n<title>Coeurs de fleurs Pastel pour enterrement \u00e0 Gen\u00e8ve<\/title>\n<meta name=\"description\" content=\"Nos Coeurs Pastel sont un tendre t\u00e9moignage de votre affection. Boutique en ligne sp\u00e9cialis\u00e9e, pr\u00eate pour votre livraison de fleurs \u00e0 Gen\u00e8ve.\" \/>\n<meta name=\"robots\" content=\"index, follow, max-snippet:-1, max-image-preview:large, max-video-preview:-1\" \/>\n<link rel=\"canonical\" href=\"https:\/\/www.cotefleurs.ch\/fr\/acheter-en-ligne\/dernier-hommage\/coeurs\/pastel\/\" \/>\n<meta property=\"og:locale\" content=\"fr_FR\" \/>\n<meta property=\"og:type\" content=\"article\" \/>\n<meta property=\"og:title\" content=\"Coeurs de fleurs Pastel pour enterrement \u00e0 Gen\u00e8ve\" \/>\n<meta property=\"og:description\" content=\"Nos Coeurs Pastel sont un tendre t\u00e9moignage de votre affection. Boutique en ligne sp\u00e9cialis\u00e9e, pr\u00eate pour votre livraison de fleurs \u00e0 Gen\u00e8ve.\" \/>\n<meta property=\"og:url\" content=\"https:\/\/www.cotefleurs.ch\/fr\/acheter-en-ligne\/dernier-hommage\/coeurs\/pastel\/\" \/>\n<meta property=\"og:site_name\" content=\"C\u00f4t\u00e9 fleurs\" \/>\n<meta property=\"article:modified_time\" content=\"2023-10-18T16:27:08+00:00\" \/>\n<meta property=\"og:image\" content=\"https:\/\/www.cotefleurs.ch\/wp-content\/uploads\/2023\/08\/Coeur-Deuil-pastel-rose-400-CHF.webp\" \/>\n\t<meta property=\"og:image:width\" content=\"1500\" \/>\n\t<meta property=\"og:image:height\" content=\"2000\" \/>\n\t<meta property=\"og:image:type\" content=\"image\/webp\" \/>\n<meta name=\"twitter:card\" content=\"summary_large_image\" \/>\n<script type=\"application\/ld+json\" class=\"yoast-schema-graph\">{\"@context\":\"https:\/\/schema.org\",\"@graph\":[{\"@type\":\"WebPage\",\"@id\":\"https:\/\/www.cotefleurs.ch\/fr\/acheter-en-ligne\/dernier-hommage\/coeurs\/pastel\/\",\"url\":\"https:\/\/www.cotefleurs.ch\/fr\/acheter-en-ligne\/dernier-hommage\/coeurs\/pastel\/\",\"name\":\"Coeurs de fleurs Pastel pour enterrement \u00e0 Gen\u00e8ve\",\"isPartOf\":{\"@id\":\"https:\/\/www.cotefleurs.ch\/fr\/#website\"},\"primaryImageOfPage\":{\"@id\":\"https:\/\/www.cotefleurs.ch\/fr\/acheter-en-ligne\/dernier-hommage\/coeurs\/pastel\/#primaryimage\"},\"image\":{\"@id\":\"https:\/\/www.cotefleurs.ch\/fr\/acheter-en-ligne\/dernier-hommage\/coeurs\/pastel\/#primaryimage\"},\"thumbnailUrl\":\"https:\/\/www.cotefleurs.ch\/wp-content\/uploads\/2023\/08\/Coeur-Deuil-pastel-rose-400-CHF.webp\",\"datePublished\":\"2023-08-10T08:31:54+00:00\",\"dateModified\":\"2023-10-18T16:27:08+00:00\",\"description\":\"Nos Coeurs Pastel sont un tendre t\u00e9moignage de votre affection. Boutique en ligne sp\u00e9cialis\u00e9e, pr\u00eate pour votre livraison de fleurs \u00e0 Gen\u00e8ve.\",\"breadcrumb\":{\"@id\":\"https:\/\/www.cotefleurs.ch\/fr\/acheter-en-ligne\/dernier-hommage\/coeurs\/pastel\/#breadcrumb\"},\"inLanguage\":\"fr-FR\",\"potentialAction\":[{\"@type\":\"ReadAction\",\"target\":[\"https:\/\/www.cotefleurs.ch\/fr\/acheter-en-ligne\/dernier-hommage\/coeurs\/pastel\/\"]}]},{\"@type\":\"ImageObject\",\"inLanguage\":\"fr-FR\",\"@id\":\"https:\/\/www.cotefleurs.ch\/fr\/acheter-en-ligne\/dernier-hommage\/coeurs\/pastel\/#primaryimage\",\"url\":\"https:\/\/www.cotefleurs.ch\/wp-content\/uploads\/2023\/08\/Coeur-Deuil-pastel-rose-400-CHF.webp\",\"contentUrl\":\"https:\/\/www.cotefleurs.ch\/wp-content\/uploads\/2023\/08\/Coeur-Deuil-pastel-rose-400-CHF.webp\",\"width\":1500,\"height\":2000,\"caption\":\"Coeur enterrement pastel rose\"},{\"@type\":\"BreadcrumbList\",\"@id\":\"https:\/\/www.cotefleurs.ch\/fr\/acheter-en-ligne\/dernier-hommage\/coeurs\/pastel\/#breadcrumb\",\"itemListElement\":[{\"@type\":\"ListItem\",\"position\":1,\"name\":\"Home\",\"item\":\"https:\/\/www.cotefleurs.ch\/en\/\"},{\"@type\":\"ListItem\",\"position\":2,\"name\":\"Produits\",\"item\":\"https:\/\/www.cotefleurs.ch\/fr\/shop\/\"},{\"@type\":\"ListItem\",\"position\":3,\"name\":\"Coeur pastel\"}]},{\"@type\":\"WebSite\",\"@id\":\"https:\/\/www.cotefleurs.ch\/fr\/#website\",\"url\":\"https:\/\/www.cotefleurs.ch\/fr\/\",\"name\":\"C\u00f4t\u00e9 fleurs\",\"description\":\"Fleuriste \u00e0 Gen\u00e8ve\",\"publisher\":{\"@id\":\"https:\/\/www.cotefleurs.ch\/fr\/#organization\"},\"potentialAction\":[{\"@type\":\"SearchAction\",\"target\":{\"@type\":\"EntryPoint\",\"urlTemplate\":\"https:\/\/www.cotefleurs.ch\/fr\/?s={search_term_string}\"},\"query-input\":\"required name=search_term_string\"}],\"inLanguage\":\"fr-FR\"},{\"@type\":\"Organization\",\"@id\":\"https:\/\/www.cotefleurs.ch\/fr\/#organization\",\"name\":\"C\u00f4t\u00e9 fleurs\",\"url\":\"https:\/\/www.cotefleurs.ch\/fr\/\",\"logo\":{\"@type\":\"ImageObject\",\"inLanguage\":\"fr-FR\",\"@id\":\"https:\/\/www.cotefleurs.ch\/fr\/#\/schema\/logo\/image\/\",\"url\":\"https:\/\/www.cotefleurs.ch\/wp-content\/uploads\/2023\/08\/logo-cote-fleurs-fleuriste-geneve-livraison-fleurs.webp\",\"contentUrl\":\"https:\/\/www.cotefleurs.ch\/wp-content\/uploads\/2023\/08\/logo-cote-fleurs-fleuriste-geneve-livraison-fleurs.webp\",\"width\":400,\"height\":400,\"caption\":\"C\u00f4t\u00e9 fleurs\"},\"image\":{\"@id\":\"https:\/\/www.cotefleurs.ch\/fr\/#\/schema\/logo\/image\/\"}}]}<\/script>\n<!-- \/ Yoast SEO plugin. -->","yoast_head_json":{"title":"Coeurs de fleurs Pastel pour enterrement \u00e0 Gen\u00e8ve","description":"Nos Coeurs Pastel sont un tendre t\u00e9moignage de votre affection. Boutique en ligne sp\u00e9cialis\u00e9e, pr\u00eate pour votre livraison de fleurs \u00e0 Gen\u00e8ve.","robots":{"index":"index","follow":"follow","max-snippet":"max-snippet:-1","max-image-preview":"max-image-preview:large","max-video-preview":"max-video-preview:-1"},"canonical":"https:\/\/www.cotefleurs.ch\/fr\/acheter-en-ligne\/dernier-hommage\/coeurs\/pastel\/","og_locale":"fr_FR","og_type":"article","og_title":"Coeurs de fleurs Pastel pour enterrement \u00e0 Gen\u00e8ve","og_description":"Nos Coeurs Pastel sont un tendre t\u00e9moignage de votre affection. Boutique en ligne sp\u00e9cialis\u00e9e, pr\u00eate pour votre livraison de fleurs \u00e0 Gen\u00e8ve.","og_url":"https:\/\/www.cotefleurs.ch\/fr\/acheter-en-ligne\/dernier-hommage\/coeurs\/pastel\/","og_site_name":"C\u00f4t\u00e9 fleurs","article_modified_time":"2023-10-18T16:27:08+00:00","og_image":[{"width":1500,"height":2000,"url":"https:\/\/www.cotefleurs.ch\/wp-content\/uploads\/2023\/08\/Coeur-Deuil-pastel-rose-400-CHF.webp","type":"image\/webp"}],"twitter_card":"summary_large_image","schema":{"@context":"https:\/\/schema.org","@graph":[{"@type":"WebPage","@id":"https:\/\/www.cotefleurs.ch\/fr\/acheter-en-ligne\/dernier-hommage\/coeurs\/pastel\/","url":"https:\/\/www.cotefleurs.ch\/fr\/acheter-en-ligne\/dernier-hommage\/coeurs\/pastel\/","name":"Coeurs de fleurs Pastel pour enterrement \u00e0 Gen\u00e8ve","isPartOf":{"@id":"https:\/\/www.cotefleurs.ch\/fr\/#website"},"primaryImageOfPage":{"@id":"https:\/\/www.cotefleurs.ch\/fr\/acheter-en-ligne\/dernier-hommage\/coeurs\/pastel\/#primaryimage"},"image":{"@id":"https:\/\/www.cotefleurs.ch\/fr\/acheter-en-ligne\/dernier-hommage\/coeurs\/pastel\/#primaryimage"},"thumbnailUrl":"https:\/\/www.cotefleurs.ch\/wp-content\/uploads\/2023\/08\/Coeur-Deuil-pastel-rose-400-CHF.webp","datePublished":"2023-08-10T08:31:54+00:00","dateModified":"2023-10-18T16:27:08+00:00","description":"Nos Coeurs Pastel sont un tendre t\u00e9moignage de votre affection. Boutique en ligne sp\u00e9cialis\u00e9e, pr\u00eate pour votre livraison de fleurs \u00e0 Gen\u00e8ve.","breadcrumb":{"@id":"https:\/\/www.cotefleurs.ch\/fr\/acheter-en-ligne\/dernier-hommage\/coeurs\/pastel\/#breadcrumb"},"inLanguage":"fr-FR","potentialAction":[{"@type":"ReadAction","target":["https:\/\/www.cotefleurs.ch\/fr\/acheter-en-ligne\/dernier-hommage\/coeurs\/pastel\/"]}]},{"@type":"ImageObject","inLanguage":"fr-FR","@id":"https:\/\/www.cotefleurs.ch\/fr\/acheter-en-ligne\/dernier-hommage\/coeurs\/pastel\/#primaryimage","url":"https:\/\/www.cotefleurs.ch\/wp-content\/uploads\/2023\/08\/Coeur-Deuil-pastel-rose-400-CHF.webp","contentUrl":"https:\/\/www.cotefleurs.ch\/wp-content\/uploads\/2023\/08\/Coeur-Deuil-pastel-rose-400-CHF.webp","width":1500,"height":2000,"caption":"Coeur enterrement pastel rose"},{"@type":"BreadcrumbList","@id":"https:\/\/www.cotefleurs.ch\/fr\/acheter-en-ligne\/dernier-hommage\/coeurs\/pastel\/#breadcrumb","itemListElement":[{"@type":"ListItem","position":1,"name":"Home","item":"https:\/\/www.cotefleurs.ch\/en\/"},{"@type":"ListItem","position":2,"name":"Produits","item":"https:\/\/www.cotefleurs.ch\/fr\/shop\/"},{"@type":"ListItem","position":3,"name":"Coeur pastel"}]},{"@type":"WebSite","@id":"https:\/\/www.cotefleurs.ch\/fr\/#website","url":"https:\/\/www.cotefleurs.ch\/fr\/","name":"C\u00f4t\u00e9 fleurs","description":"Fleuriste \u00e0 Gen\u00e8ve","publisher":{"@id":"https:\/\/www.cotefleurs.ch\/fr\/#organization"},"potentialAction":[{"@type":"SearchAction","target":{"@type":"EntryPoint","urlTemplate":"https:\/\/www.cotefleurs.ch\/fr\/?s={search_term_string}"},"query-input":"required name=search_term_string"}],"inLanguage":"fr-FR"},{"@type":"Organization","@id":"https:\/\/www.cotefleurs.ch\/fr\/#organization","name":"C\u00f4t\u00e9 fleurs","url":"https:\/\/www.cotefleurs.ch\/fr\/","logo":{"@type":"ImageObject","inLanguage":"fr-FR","@id":"https:\/\/www.cotefleurs.ch\/fr\/#\/schema\/logo\/image\/","url":"https:\/\/www.cotefleurs.ch\/wp-content\/uploads\/2023\/08\/logo-cote-fleurs-fleuriste-geneve-livraison-fleurs.webp","contentUrl":"https:\/\/www.cotefleurs.ch\/wp-content\/uploads\/2023\/08\/logo-cote-fleurs-fleuriste-geneve-livraison-fleurs.webp","width":400,"height":400,"caption":"C\u00f4t\u00e9 fleurs"},"image":{"@id":"https:\/\/www.cotefleurs.ch\/fr\/#\/schema\/logo\/image\/"}}]}},"_links":{"self":[{"href":"https:\/\/www.cotefleurs.ch\/fr\/wp-json\/wp\/v2\/product\/84","targetHints":{"allow":["GET"]}}],"collection":[{"href":"https:\/\/www.cotefleurs.ch\/fr\/wp-json\/wp\/v2\/product"}],"about":[{"href":"https:\/\/www.cotefleurs.ch\/fr\/wp-json\/wp\/v2\/types\/product"}],"replies":[{"embeddable":true,"href":"https:\/\/www.cotefleurs.ch\/fr\/wp-json\/wp\/v2\/comments?post=84"}],"version-history":[{"count":4,"href":"https:\/\/www.cotefleurs.ch\/fr\/wp-json\/wp\/v2\/product\/84\/revisions"}],"predecessor-version":[{"id":2903,"href":"https:\/\/www.cotefleurs.ch\/fr\/wp-json\/wp\/v2\/product\/84\/revisions\/2903"}],"wp:featuredmedia":[{"embeddable":true,"href":"https:\/\/www.cotefleurs.ch\/fr\/wp-json\/wp\/v2\/media\/120"}],"wp:attachment":[{"href":"https:\/\/www.cotefleurs.ch\/fr\/wp-json\/wp\/v2\/media?parent=84"}],"wp:term":[{"taxonomy":"product_cat","embeddable":true,"href":"https:\/\/www.cotefleurs.ch\/fr\/wp-json\/wp\/v2\/product_cat?post=84"},{"taxonomy":"product_tag","embeddable":true,"href":"https:\/\/www.cotefleurs.ch\/fr\/wp-json\/wp\/v2\/product_tag?post=84"}],"curies":[{"name":"wp","href":"https:\/\/api.w.org\/{rel}","templated":true}]}}