{"id":78,"date":"2023-08-10T08:31:54","date_gmt":"2023-08-10T08:31:54","guid":{"rendered":"https:\/\/www.cotefleurs.ch\/?post_type=product&#038;p=78"},"modified":"2024-09-25T14:27:29","modified_gmt":"2024-09-25T14:27:29","slug":"orchidees-blanches-wave","status":"publish","type":"product","link":"https:\/\/www.cotefleurs.ch\/fr\/acheter-en-ligne\/orchidees\/orchidees-blanches\/tablo\/","title":{"rendered":"Orchid\u00e9es blanches Tablo"},"content":{"rendered":"<p>Transformez votre maison en galerie d&rsquo;art avec les Orchid\u00e9es Blanche Tablo. Leur apparence spectaculaire \u00e9veillera votre cr\u00e9ativit\u00e9 et ajoutera une touche d&rsquo;inspiration quotidienne. L\u2019orchid\u00e9e est souvent pr\u00e9f\u00e9r\u00e9e aux autres fleurs pour sa long\u00e9vit\u00e9. Elle reste g\u00e9n\u00e9ralement fleurie de 1 et 3 mois. N&rsquo;attendez plus, elles peuvent \u00eatre chez vous aujourd&rsquo;hui m\u00eame \u00e0 Gen\u00e8ve.<\/p>\n","protected":false},"excerpt":{"rendered":"<p>Transformez votre maison en galerie d&rsquo;art avec les Orchid\u00e9es Blanche Tablo. Leur apparence spectaculaire \u00e9veillera votre cr\u00e9ativit\u00e9 et ajoutera une touche d&rsquo;inspiration quotidienne. L\u2019orchid\u00e9e est souvent pr\u00e9f\u00e9r\u00e9e aux autres fleurs pour sa long\u00e9vit\u00e9. Elle reste g\u00e9n\u00e9ralement fleurie de 1 et 3 mois. N&rsquo;attendez plus, elles peuvent \u00eatre chez vous aujourd&rsquo;hui m\u00eame \u00e0 Gen\u00e8ve.<\/p>\n","protected":false},"featured_media":3791,"comment_status":"open","ping_status":"closed","template":"","meta":{"_acf_changed":false},"product_cat":[34,33],"product_tag":[],"class_list":{"0":"post-78","1":"product","2":"type-product","3":"status-publish","4":"has-post-thumbnail","6":"product_cat-blanche","7":"product_cat-orchidees","9":"first","10":"instock","11":"taxable","12":"shipping-taxable","13":"purchasable","14":"product-type-simple"},"acf":[],"yoast_head":"<!-- This site is optimized with the Yoast SEO plugin v23.0 - https:\/\/yoast.com\/wordpress\/plugins\/seo\/ -->\n<title>Achat Orchid\u00e9es Blanche Tablo - C\u00f4t\u00e9 Fleurs Gen\u00e8ve<\/title>\n<meta name=\"description\" content=\"Nos Orchid\u00e9es Blanche Tablo sont parfaites pour apporter une touche d&#039;\u00e9l\u00e9gance. Boutique en ligne avec livraison fleurs Gen\u00e8ve. Ne manquez pas cette beaut\u00e9 exquise!\" \/>\n<meta name=\"robots\" content=\"index, follow, max-snippet:-1, max-image-preview:large, max-video-preview:-1\" \/>\n<link rel=\"canonical\" href=\"https:\/\/www.cotefleurs.ch\/fr\/acheter-en-ligne\/orchidees\/orchidees-blanches\/tablo\/\" \/>\n<meta property=\"og:locale\" content=\"fr_FR\" \/>\n<meta property=\"og:type\" content=\"article\" \/>\n<meta property=\"og:title\" content=\"Achat Orchid\u00e9es Blanche Tablo - C\u00f4t\u00e9 Fleurs Gen\u00e8ve\" \/>\n<meta property=\"og:description\" content=\"Nos Orchid\u00e9es Blanche Tablo sont parfaites pour apporter une touche d&#039;\u00e9l\u00e9gance. Boutique en ligne avec livraison fleurs Gen\u00e8ve. Ne manquez pas cette beaut\u00e9 exquise!\" \/>\n<meta property=\"og:url\" content=\"https:\/\/www.cotefleurs.ch\/fr\/acheter-en-ligne\/orchidees\/orchidees-blanches\/tablo\/\" \/>\n<meta property=\"og:site_name\" content=\"C\u00f4t\u00e9 fleurs\" \/>\n<meta property=\"article:modified_time\" content=\"2024-09-25T14:27:29+00:00\" \/>\n<meta property=\"og:image\" content=\"https:\/\/www.cotefleurs.ch\/wp-content\/uploads\/2023\/08\/49-Tablo-blanche-80-CHF-copie-scaled.webp\" \/>\n\t<meta property=\"og:image:width\" content=\"2560\" \/>\n\t<meta property=\"og:image:height\" content=\"2560\" \/>\n\t<meta property=\"og:image:type\" content=\"image\/webp\" \/>\n<meta name=\"twitter:card\" content=\"summary_large_image\" \/>\n<meta name=\"twitter:label1\" content=\"Dur\u00e9e de lecture estim\u00e9e\" \/>\n\t<meta name=\"twitter:data1\" content=\"1 minute\" \/>\n<script type=\"application\/ld+json\" class=\"yoast-schema-graph\">{\"@context\":\"https:\/\/schema.org\",\"@graph\":[{\"@type\":\"WebPage\",\"@id\":\"https:\/\/www.cotefleurs.ch\/fr\/acheter-en-ligne\/orchidees\/orchidees-blanches\/tablo\/\",\"url\":\"https:\/\/www.cotefleurs.ch\/fr\/acheter-en-ligne\/orchidees\/orchidees-blanches\/tablo\/\",\"name\":\"Achat Orchid\u00e9es Blanche Tablo - C\u00f4t\u00e9 Fleurs Gen\u00e8ve\",\"isPartOf\":{\"@id\":\"https:\/\/www.cotefleurs.ch\/fr\/#website\"},\"primaryImageOfPage\":{\"@id\":\"https:\/\/www.cotefleurs.ch\/fr\/acheter-en-ligne\/orchidees\/orchidees-blanches\/tablo\/#primaryimage\"},\"image\":{\"@id\":\"https:\/\/www.cotefleurs.ch\/fr\/acheter-en-ligne\/orchidees\/orchidees-blanches\/tablo\/#primaryimage\"},\"thumbnailUrl\":\"https:\/\/www.cotefleurs.ch\/wp-content\/uploads\/2023\/08\/49-Tablo-blanche-80-CHF-copie-scaled.webp\",\"datePublished\":\"2023-08-10T08:31:54+00:00\",\"dateModified\":\"2024-09-25T14:27:29+00:00\",\"description\":\"Nos Orchid\u00e9es Blanche Tablo sont parfaites pour apporter une touche d'\u00e9l\u00e9gance. Boutique en ligne avec livraison fleurs Gen\u00e8ve. Ne manquez pas cette beaut\u00e9 exquise!\",\"breadcrumb\":{\"@id\":\"https:\/\/www.cotefleurs.ch\/fr\/acheter-en-ligne\/orchidees\/orchidees-blanches\/tablo\/#breadcrumb\"},\"inLanguage\":\"fr-FR\",\"potentialAction\":[{\"@type\":\"ReadAction\",\"target\":[\"https:\/\/www.cotefleurs.ch\/fr\/acheter-en-ligne\/orchidees\/orchidees-blanches\/tablo\/\"]}]},{\"@type\":\"ImageObject\",\"inLanguage\":\"fr-FR\",\"@id\":\"https:\/\/www.cotefleurs.ch\/fr\/acheter-en-ligne\/orchidees\/orchidees-blanches\/tablo\/#primaryimage\",\"url\":\"https:\/\/www.cotefleurs.ch\/wp-content\/uploads\/2023\/08\/49-Tablo-blanche-80-CHF-copie-scaled.webp\",\"contentUrl\":\"https:\/\/www.cotefleurs.ch\/wp-content\/uploads\/2023\/08\/49-Tablo-blanche-80-CHF-copie-scaled.webp\",\"width\":2560,\"height\":2560,\"caption\":\"Orchid\u00e9es blanches tablo\"},{\"@type\":\"BreadcrumbList\",\"@id\":\"https:\/\/www.cotefleurs.ch\/fr\/acheter-en-ligne\/orchidees\/orchidees-blanches\/tablo\/#breadcrumb\",\"itemListElement\":[{\"@type\":\"ListItem\",\"position\":1,\"name\":\"Home\",\"item\":\"https:\/\/www.cotefleurs.ch\/en\/\"},{\"@type\":\"ListItem\",\"position\":2,\"name\":\"Produits\",\"item\":\"https:\/\/www.cotefleurs.ch\/fr\/shop\/\"},{\"@type\":\"ListItem\",\"position\":3,\"name\":\"Orchid\u00e9es blanches Tablo\"}]},{\"@type\":\"WebSite\",\"@id\":\"https:\/\/www.cotefleurs.ch\/fr\/#website\",\"url\":\"https:\/\/www.cotefleurs.ch\/fr\/\",\"name\":\"C\u00f4t\u00e9 fleurs\",\"description\":\"Fleuriste \u00e0 Gen\u00e8ve\",\"publisher\":{\"@id\":\"https:\/\/www.cotefleurs.ch\/fr\/#organization\"},\"potentialAction\":[{\"@type\":\"SearchAction\",\"target\":{\"@type\":\"EntryPoint\",\"urlTemplate\":\"https:\/\/www.cotefleurs.ch\/fr\/?s={search_term_string}\"},\"query-input\":\"required name=search_term_string\"}],\"inLanguage\":\"fr-FR\"},{\"@type\":\"Organization\",\"@id\":\"https:\/\/www.cotefleurs.ch\/fr\/#organization\",\"name\":\"C\u00f4t\u00e9 fleurs\",\"url\":\"https:\/\/www.cotefleurs.ch\/fr\/\",\"logo\":{\"@type\":\"ImageObject\",\"inLanguage\":\"fr-FR\",\"@id\":\"https:\/\/www.cotefleurs.ch\/fr\/#\/schema\/logo\/image\/\",\"url\":\"https:\/\/www.cotefleurs.ch\/wp-content\/uploads\/2023\/08\/logo-cote-fleurs-fleuriste-geneve-livraison-fleurs.webp\",\"contentUrl\":\"https:\/\/www.cotefleurs.ch\/wp-content\/uploads\/2023\/08\/logo-cote-fleurs-fleuriste-geneve-livraison-fleurs.webp\",\"width\":400,\"height\":400,\"caption\":\"C\u00f4t\u00e9 fleurs\"},\"image\":{\"@id\":\"https:\/\/www.cotefleurs.ch\/fr\/#\/schema\/logo\/image\/\"}}]}<\/script>\n<!-- \/ Yoast SEO plugin. -->","yoast_head_json":{"title":"Achat Orchid\u00e9es Blanche Tablo - C\u00f4t\u00e9 Fleurs Gen\u00e8ve","description":"Nos Orchid\u00e9es Blanche Tablo sont parfaites pour apporter une touche d'\u00e9l\u00e9gance. Boutique en ligne avec livraison fleurs Gen\u00e8ve. Ne manquez pas cette beaut\u00e9 exquise!","robots":{"index":"index","follow":"follow","max-snippet":"max-snippet:-1","max-image-preview":"max-image-preview:large","max-video-preview":"max-video-preview:-1"},"canonical":"https:\/\/www.cotefleurs.ch\/fr\/acheter-en-ligne\/orchidees\/orchidees-blanches\/tablo\/","og_locale":"fr_FR","og_type":"article","og_title":"Achat Orchid\u00e9es Blanche Tablo - C\u00f4t\u00e9 Fleurs Gen\u00e8ve","og_description":"Nos Orchid\u00e9es Blanche Tablo sont parfaites pour apporter une touche d'\u00e9l\u00e9gance. Boutique en ligne avec livraison fleurs Gen\u00e8ve. Ne manquez pas cette beaut\u00e9 exquise!","og_url":"https:\/\/www.cotefleurs.ch\/fr\/acheter-en-ligne\/orchidees\/orchidees-blanches\/tablo\/","og_site_name":"C\u00f4t\u00e9 fleurs","article_modified_time":"2024-09-25T14:27:29+00:00","og_image":[{"width":2560,"height":2560,"url":"https:\/\/www.cotefleurs.ch\/wp-content\/uploads\/2023\/08\/49-Tablo-blanche-80-CHF-copie-scaled.webp","type":"image\/webp"}],"twitter_card":"summary_large_image","twitter_misc":{"Dur\u00e9e de lecture estim\u00e9e":"1 minute"},"schema":{"@context":"https:\/\/schema.org","@graph":[{"@type":"WebPage","@id":"https:\/\/www.cotefleurs.ch\/fr\/acheter-en-ligne\/orchidees\/orchidees-blanches\/tablo\/","url":"https:\/\/www.cotefleurs.ch\/fr\/acheter-en-ligne\/orchidees\/orchidees-blanches\/tablo\/","name":"Achat Orchid\u00e9es Blanche Tablo - C\u00f4t\u00e9 Fleurs Gen\u00e8ve","isPartOf":{"@id":"https:\/\/www.cotefleurs.ch\/fr\/#website"},"primaryImageOfPage":{"@id":"https:\/\/www.cotefleurs.ch\/fr\/acheter-en-ligne\/orchidees\/orchidees-blanches\/tablo\/#primaryimage"},"image":{"@id":"https:\/\/www.cotefleurs.ch\/fr\/acheter-en-ligne\/orchidees\/orchidees-blanches\/tablo\/#primaryimage"},"thumbnailUrl":"https:\/\/www.cotefleurs.ch\/wp-content\/uploads\/2023\/08\/49-Tablo-blanche-80-CHF-copie-scaled.webp","datePublished":"2023-08-10T08:31:54+00:00","dateModified":"2024-09-25T14:27:29+00:00","description":"Nos Orchid\u00e9es Blanche Tablo sont parfaites pour apporter une touche d'\u00e9l\u00e9gance. Boutique en ligne avec livraison fleurs Gen\u00e8ve. Ne manquez pas cette beaut\u00e9 exquise!","breadcrumb":{"@id":"https:\/\/www.cotefleurs.ch\/fr\/acheter-en-ligne\/orchidees\/orchidees-blanches\/tablo\/#breadcrumb"},"inLanguage":"fr-FR","potentialAction":[{"@type":"ReadAction","target":["https:\/\/www.cotefleurs.ch\/fr\/acheter-en-ligne\/orchidees\/orchidees-blanches\/tablo\/"]}]},{"@type":"ImageObject","inLanguage":"fr-FR","@id":"https:\/\/www.cotefleurs.ch\/fr\/acheter-en-ligne\/orchidees\/orchidees-blanches\/tablo\/#primaryimage","url":"https:\/\/www.cotefleurs.ch\/wp-content\/uploads\/2023\/08\/49-Tablo-blanche-80-CHF-copie-scaled.webp","contentUrl":"https:\/\/www.cotefleurs.ch\/wp-content\/uploads\/2023\/08\/49-Tablo-blanche-80-CHF-copie-scaled.webp","width":2560,"height":2560,"caption":"Orchid\u00e9es blanches tablo"},{"@type":"BreadcrumbList","@id":"https:\/\/www.cotefleurs.ch\/fr\/acheter-en-ligne\/orchidees\/orchidees-blanches\/tablo\/#breadcrumb","itemListElement":[{"@type":"ListItem","position":1,"name":"Home","item":"https:\/\/www.cotefleurs.ch\/en\/"},{"@type":"ListItem","position":2,"name":"Produits","item":"https:\/\/www.cotefleurs.ch\/fr\/shop\/"},{"@type":"ListItem","position":3,"name":"Orchid\u00e9es blanches Tablo"}]},{"@type":"WebSite","@id":"https:\/\/www.cotefleurs.ch\/fr\/#website","url":"https:\/\/www.cotefleurs.ch\/fr\/","name":"C\u00f4t\u00e9 fleurs","description":"Fleuriste \u00e0 Gen\u00e8ve","publisher":{"@id":"https:\/\/www.cotefleurs.ch\/fr\/#organization"},"potentialAction":[{"@type":"SearchAction","target":{"@type":"EntryPoint","urlTemplate":"https:\/\/www.cotefleurs.ch\/fr\/?s={search_term_string}"},"query-input":"required name=search_term_string"}],"inLanguage":"fr-FR"},{"@type":"Organization","@id":"https:\/\/www.cotefleurs.ch\/fr\/#organization","name":"C\u00f4t\u00e9 fleurs","url":"https:\/\/www.cotefleurs.ch\/fr\/","logo":{"@type":"ImageObject","inLanguage":"fr-FR","@id":"https:\/\/www.cotefleurs.ch\/fr\/#\/schema\/logo\/image\/","url":"https:\/\/www.cotefleurs.ch\/wp-content\/uploads\/2023\/08\/logo-cote-fleurs-fleuriste-geneve-livraison-fleurs.webp","contentUrl":"https:\/\/www.cotefleurs.ch\/wp-content\/uploads\/2023\/08\/logo-cote-fleurs-fleuriste-geneve-livraison-fleurs.webp","width":400,"height":400,"caption":"C\u00f4t\u00e9 fleurs"},"image":{"@id":"https:\/\/www.cotefleurs.ch\/fr\/#\/schema\/logo\/image\/"}}]}},"_links":{"self":[{"href":"https:\/\/www.cotefleurs.ch\/fr\/wp-json\/wp\/v2\/product\/78","targetHints":{"allow":["GET"]}}],"collection":[{"href":"https:\/\/www.cotefleurs.ch\/fr\/wp-json\/wp\/v2\/product"}],"about":[{"href":"https:\/\/www.cotefleurs.ch\/fr\/wp-json\/wp\/v2\/types\/product"}],"replies":[{"embeddable":true,"href":"https:\/\/www.cotefleurs.ch\/fr\/wp-json\/wp\/v2\/comments?post=78"}],"version-history":[{"count":6,"href":"https:\/\/www.cotefleurs.ch\/fr\/wp-json\/wp\/v2\/product\/78\/revisions"}],"predecessor-version":[{"id":3793,"href":"https:\/\/www.cotefleurs.ch\/fr\/wp-json\/wp\/v2\/product\/78\/revisions\/3793"}],"wp:featuredmedia":[{"embeddable":true,"href":"https:\/\/www.cotefleurs.ch\/fr\/wp-json\/wp\/v2\/media\/3791"}],"wp:attachment":[{"href":"https:\/\/www.cotefleurs.ch\/fr\/wp-json\/wp\/v2\/media?parent=78"}],"wp:term":[{"taxonomy":"product_cat","embeddable":true,"href":"https:\/\/www.cotefleurs.ch\/fr\/wp-json\/wp\/v2\/product_cat?post=78"},{"taxonomy":"product_tag","embeddable":true,"href":"https:\/\/www.cotefleurs.ch\/fr\/wp-json\/wp\/v2\/product_tag?post=78"}],"curies":[{"name":"wp","href":"https:\/\/api.w.org\/{rel}","templated":true}]}}