{"id":77,"date":"2023-08-10T08:31:53","date_gmt":"2023-08-10T08:31:53","guid":{"rendered":"https:\/\/www.cotefleurs.ch\/?post_type=product&#038;p=77"},"modified":"2023-10-25T14:32:50","modified_gmt":"2023-10-25T14:32:50","slug":"orchidees-blanches-bellissimo","status":"publish","type":"product","link":"https:\/\/www.cotefleurs.ch\/fr\/acheter-en-ligne\/orchidees\/orchidees-blanches\/bellissimo\/","title":{"rendered":"Orchid\u00e9es blanches bellissimo"},"content":{"rendered":"<p>Les Orchid\u00e9es Blanche Belissimo sont une v\u00e9ritable ode \u00e0 la beaut\u00e9. Leur blanc pur \u00e9voque une d\u00e9licatesse qui transformera votre espace en un sanctuaire de tranquillit\u00e9. L\u2019orchid\u00e9e est souvent pr\u00e9f\u00e9r\u00e9e aux autres fleurs pour sa long\u00e9vit\u00e9. Elle reste g\u00e9n\u00e9ralement fleurie de 1 et 3 mois. Offrez-vous ce luxe, avec une livraison express \u00e0 domicile sur Gen\u00e8ve.<\/p>\n","protected":false},"excerpt":{"rendered":"<p>Les Orchid\u00e9es Blanche Belissimo sont une v\u00e9ritable ode \u00e0 la beaut\u00e9. Leur blanc pur \u00e9voque une d\u00e9licatesse qui transformera votre espace en un sanctuaire de tranquillit\u00e9. L\u2019orchid\u00e9e est souvent pr\u00e9f\u00e9r\u00e9e aux autres fleurs pour sa long\u00e9vit\u00e9. Elle reste g\u00e9n\u00e9ralement fleurie de 1 et 3 mois. Offrez-vous ce luxe, avec une livraison express \u00e0 domicile sur [&hellip;]<\/p>\n","protected":false},"featured_media":101,"comment_status":"open","ping_status":"closed","template":"","meta":{"_acf_changed":false},"product_cat":[34,33],"product_tag":[],"class_list":{"0":"post-77","1":"product","2":"type-product","3":"status-publish","4":"has-post-thumbnail","6":"product_cat-blanche","7":"product_cat-orchidees","9":"first","10":"instock","11":"taxable","12":"shipping-taxable","13":"purchasable","14":"product-type-simple"},"acf":[],"yoast_head":"<!-- This site is optimized with the Yoast SEO plugin v23.0 - https:\/\/yoast.com\/wordpress\/plugins\/seo\/ -->\n<title>Orchid\u00e9es Blanche Belissimo en ligne - C\u00f4t\u00e9 Fleurs Gen\u00e8ve<\/title>\n<meta name=\"description\" content=\"Orchid\u00e9es Blanche Belissimo, une beaut\u00e9 in\u00e9gal\u00e9e. Achetez en ligne et profitez de la livraison de fleurs \u00e0 Gen\u00e8ve. Id\u00e9ales pour \u00e9gayer votre maison ou comme cadeau!\" \/>\n<meta name=\"robots\" content=\"index, follow, max-snippet:-1, max-image-preview:large, max-video-preview:-1\" \/>\n<link rel=\"canonical\" href=\"https:\/\/www.cotefleurs.ch\/fr\/acheter-en-ligne\/orchidees\/orchidees-blanches\/bellissimo\/\" \/>\n<meta property=\"og:locale\" content=\"fr_FR\" \/>\n<meta property=\"og:type\" content=\"article\" \/>\n<meta property=\"og:title\" content=\"Orchid\u00e9es Blanche Belissimo en ligne - C\u00f4t\u00e9 Fleurs Gen\u00e8ve\" \/>\n<meta property=\"og:description\" content=\"Orchid\u00e9es Blanche Belissimo, une beaut\u00e9 in\u00e9gal\u00e9e. Achetez en ligne et profitez de la livraison de fleurs \u00e0 Gen\u00e8ve. Id\u00e9ales pour \u00e9gayer votre maison ou comme cadeau!\" \/>\n<meta property=\"og:url\" content=\"https:\/\/www.cotefleurs.ch\/fr\/acheter-en-ligne\/orchidees\/orchidees-blanches\/bellissimo\/\" \/>\n<meta property=\"og:site_name\" content=\"C\u00f4t\u00e9 fleurs\" \/>\n<meta property=\"article:modified_time\" content=\"2023-10-25T14:32:50+00:00\" \/>\n<meta property=\"og:image\" content=\"https:\/\/www.cotefleurs.ch\/wp-content\/uploads\/2023\/08\/Bellissimo-blanche-140-CHF.webp\" \/>\n\t<meta property=\"og:image:width\" content=\"1500\" \/>\n\t<meta property=\"og:image:height\" content=\"2000\" \/>\n\t<meta property=\"og:image:type\" content=\"image\/webp\" \/>\n<meta name=\"twitter:card\" content=\"summary_large_image\" \/>\n<meta name=\"twitter:label1\" content=\"Dur\u00e9e de lecture estim\u00e9e\" \/>\n\t<meta name=\"twitter:data1\" content=\"1 minute\" \/>\n<script type=\"application\/ld+json\" class=\"yoast-schema-graph\">{\"@context\":\"https:\/\/schema.org\",\"@graph\":[{\"@type\":\"WebPage\",\"@id\":\"https:\/\/www.cotefleurs.ch\/fr\/acheter-en-ligne\/orchidees\/orchidees-blanches\/bellissimo\/\",\"url\":\"https:\/\/www.cotefleurs.ch\/fr\/acheter-en-ligne\/orchidees\/orchidees-blanches\/bellissimo\/\",\"name\":\"Orchid\u00e9es Blanche Belissimo en ligne - C\u00f4t\u00e9 Fleurs Gen\u00e8ve\",\"isPartOf\":{\"@id\":\"https:\/\/www.cotefleurs.ch\/fr\/#website\"},\"primaryImageOfPage\":{\"@id\":\"https:\/\/www.cotefleurs.ch\/fr\/acheter-en-ligne\/orchidees\/orchidees-blanches\/bellissimo\/#primaryimage\"},\"image\":{\"@id\":\"https:\/\/www.cotefleurs.ch\/fr\/acheter-en-ligne\/orchidees\/orchidees-blanches\/bellissimo\/#primaryimage\"},\"thumbnailUrl\":\"https:\/\/www.cotefleurs.ch\/wp-content\/uploads\/2023\/08\/Bellissimo-blanche-140-CHF.webp\",\"datePublished\":\"2023-08-10T08:31:53+00:00\",\"dateModified\":\"2023-10-25T14:32:50+00:00\",\"description\":\"Orchid\u00e9es Blanche Belissimo, une beaut\u00e9 in\u00e9gal\u00e9e. Achetez en ligne et profitez de la livraison de fleurs \u00e0 Gen\u00e8ve. Id\u00e9ales pour \u00e9gayer votre maison ou comme cadeau!\",\"breadcrumb\":{\"@id\":\"https:\/\/www.cotefleurs.ch\/fr\/acheter-en-ligne\/orchidees\/orchidees-blanches\/bellissimo\/#breadcrumb\"},\"inLanguage\":\"fr-FR\",\"potentialAction\":[{\"@type\":\"ReadAction\",\"target\":[\"https:\/\/www.cotefleurs.ch\/fr\/acheter-en-ligne\/orchidees\/orchidees-blanches\/bellissimo\/\"]}]},{\"@type\":\"ImageObject\",\"inLanguage\":\"fr-FR\",\"@id\":\"https:\/\/www.cotefleurs.ch\/fr\/acheter-en-ligne\/orchidees\/orchidees-blanches\/bellissimo\/#primaryimage\",\"url\":\"https:\/\/www.cotefleurs.ch\/wp-content\/uploads\/2023\/08\/Bellissimo-blanche-140-CHF.webp\",\"contentUrl\":\"https:\/\/www.cotefleurs.ch\/wp-content\/uploads\/2023\/08\/Bellissimo-blanche-140-CHF.webp\",\"width\":1500,\"height\":2000,\"caption\":\"Orchid\u00e9es bellissimo blanche\"},{\"@type\":\"BreadcrumbList\",\"@id\":\"https:\/\/www.cotefleurs.ch\/fr\/acheter-en-ligne\/orchidees\/orchidees-blanches\/bellissimo\/#breadcrumb\",\"itemListElement\":[{\"@type\":\"ListItem\",\"position\":1,\"name\":\"Home\",\"item\":\"https:\/\/www.cotefleurs.ch\/en\/\"},{\"@type\":\"ListItem\",\"position\":2,\"name\":\"Produits\",\"item\":\"https:\/\/www.cotefleurs.ch\/fr\/shop\/\"},{\"@type\":\"ListItem\",\"position\":3,\"name\":\"Orchid\u00e9es blanches bellissimo\"}]},{\"@type\":\"WebSite\",\"@id\":\"https:\/\/www.cotefleurs.ch\/fr\/#website\",\"url\":\"https:\/\/www.cotefleurs.ch\/fr\/\",\"name\":\"C\u00f4t\u00e9 fleurs\",\"description\":\"Fleuriste \u00e0 Gen\u00e8ve\",\"publisher\":{\"@id\":\"https:\/\/www.cotefleurs.ch\/fr\/#organization\"},\"potentialAction\":[{\"@type\":\"SearchAction\",\"target\":{\"@type\":\"EntryPoint\",\"urlTemplate\":\"https:\/\/www.cotefleurs.ch\/fr\/?s={search_term_string}\"},\"query-input\":\"required name=search_term_string\"}],\"inLanguage\":\"fr-FR\"},{\"@type\":\"Organization\",\"@id\":\"https:\/\/www.cotefleurs.ch\/fr\/#organization\",\"name\":\"C\u00f4t\u00e9 fleurs\",\"url\":\"https:\/\/www.cotefleurs.ch\/fr\/\",\"logo\":{\"@type\":\"ImageObject\",\"inLanguage\":\"fr-FR\",\"@id\":\"https:\/\/www.cotefleurs.ch\/fr\/#\/schema\/logo\/image\/\",\"url\":\"https:\/\/www.cotefleurs.ch\/wp-content\/uploads\/2023\/08\/logo-cote-fleurs-fleuriste-geneve-livraison-fleurs.webp\",\"contentUrl\":\"https:\/\/www.cotefleurs.ch\/wp-content\/uploads\/2023\/08\/logo-cote-fleurs-fleuriste-geneve-livraison-fleurs.webp\",\"width\":400,\"height\":400,\"caption\":\"C\u00f4t\u00e9 fleurs\"},\"image\":{\"@id\":\"https:\/\/www.cotefleurs.ch\/fr\/#\/schema\/logo\/image\/\"}}]}<\/script>\n<!-- \/ Yoast SEO plugin. -->","yoast_head_json":{"title":"Orchid\u00e9es Blanche Belissimo en ligne - C\u00f4t\u00e9 Fleurs Gen\u00e8ve","description":"Orchid\u00e9es Blanche Belissimo, une beaut\u00e9 in\u00e9gal\u00e9e. Achetez en ligne et profitez de la livraison de fleurs \u00e0 Gen\u00e8ve. Id\u00e9ales pour \u00e9gayer votre maison ou comme cadeau!","robots":{"index":"index","follow":"follow","max-snippet":"max-snippet:-1","max-image-preview":"max-image-preview:large","max-video-preview":"max-video-preview:-1"},"canonical":"https:\/\/www.cotefleurs.ch\/fr\/acheter-en-ligne\/orchidees\/orchidees-blanches\/bellissimo\/","og_locale":"fr_FR","og_type":"article","og_title":"Orchid\u00e9es Blanche Belissimo en ligne - C\u00f4t\u00e9 Fleurs Gen\u00e8ve","og_description":"Orchid\u00e9es Blanche Belissimo, une beaut\u00e9 in\u00e9gal\u00e9e. Achetez en ligne et profitez de la livraison de fleurs \u00e0 Gen\u00e8ve. Id\u00e9ales pour \u00e9gayer votre maison ou comme cadeau!","og_url":"https:\/\/www.cotefleurs.ch\/fr\/acheter-en-ligne\/orchidees\/orchidees-blanches\/bellissimo\/","og_site_name":"C\u00f4t\u00e9 fleurs","article_modified_time":"2023-10-25T14:32:50+00:00","og_image":[{"width":1500,"height":2000,"url":"https:\/\/www.cotefleurs.ch\/wp-content\/uploads\/2023\/08\/Bellissimo-blanche-140-CHF.webp","type":"image\/webp"}],"twitter_card":"summary_large_image","twitter_misc":{"Dur\u00e9e de lecture estim\u00e9e":"1 minute"},"schema":{"@context":"https:\/\/schema.org","@graph":[{"@type":"WebPage","@id":"https:\/\/www.cotefleurs.ch\/fr\/acheter-en-ligne\/orchidees\/orchidees-blanches\/bellissimo\/","url":"https:\/\/www.cotefleurs.ch\/fr\/acheter-en-ligne\/orchidees\/orchidees-blanches\/bellissimo\/","name":"Orchid\u00e9es Blanche Belissimo en ligne - C\u00f4t\u00e9 Fleurs Gen\u00e8ve","isPartOf":{"@id":"https:\/\/www.cotefleurs.ch\/fr\/#website"},"primaryImageOfPage":{"@id":"https:\/\/www.cotefleurs.ch\/fr\/acheter-en-ligne\/orchidees\/orchidees-blanches\/bellissimo\/#primaryimage"},"image":{"@id":"https:\/\/www.cotefleurs.ch\/fr\/acheter-en-ligne\/orchidees\/orchidees-blanches\/bellissimo\/#primaryimage"},"thumbnailUrl":"https:\/\/www.cotefleurs.ch\/wp-content\/uploads\/2023\/08\/Bellissimo-blanche-140-CHF.webp","datePublished":"2023-08-10T08:31:53+00:00","dateModified":"2023-10-25T14:32:50+00:00","description":"Orchid\u00e9es Blanche Belissimo, une beaut\u00e9 in\u00e9gal\u00e9e. Achetez en ligne et profitez de la livraison de fleurs \u00e0 Gen\u00e8ve. Id\u00e9ales pour \u00e9gayer votre maison ou comme cadeau!","breadcrumb":{"@id":"https:\/\/www.cotefleurs.ch\/fr\/acheter-en-ligne\/orchidees\/orchidees-blanches\/bellissimo\/#breadcrumb"},"inLanguage":"fr-FR","potentialAction":[{"@type":"ReadAction","target":["https:\/\/www.cotefleurs.ch\/fr\/acheter-en-ligne\/orchidees\/orchidees-blanches\/bellissimo\/"]}]},{"@type":"ImageObject","inLanguage":"fr-FR","@id":"https:\/\/www.cotefleurs.ch\/fr\/acheter-en-ligne\/orchidees\/orchidees-blanches\/bellissimo\/#primaryimage","url":"https:\/\/www.cotefleurs.ch\/wp-content\/uploads\/2023\/08\/Bellissimo-blanche-140-CHF.webp","contentUrl":"https:\/\/www.cotefleurs.ch\/wp-content\/uploads\/2023\/08\/Bellissimo-blanche-140-CHF.webp","width":1500,"height":2000,"caption":"Orchid\u00e9es bellissimo blanche"},{"@type":"BreadcrumbList","@id":"https:\/\/www.cotefleurs.ch\/fr\/acheter-en-ligne\/orchidees\/orchidees-blanches\/bellissimo\/#breadcrumb","itemListElement":[{"@type":"ListItem","position":1,"name":"Home","item":"https:\/\/www.cotefleurs.ch\/en\/"},{"@type":"ListItem","position":2,"name":"Produits","item":"https:\/\/www.cotefleurs.ch\/fr\/shop\/"},{"@type":"ListItem","position":3,"name":"Orchid\u00e9es blanches bellissimo"}]},{"@type":"WebSite","@id":"https:\/\/www.cotefleurs.ch\/fr\/#website","url":"https:\/\/www.cotefleurs.ch\/fr\/","name":"C\u00f4t\u00e9 fleurs","description":"Fleuriste \u00e0 Gen\u00e8ve","publisher":{"@id":"https:\/\/www.cotefleurs.ch\/fr\/#organization"},"potentialAction":[{"@type":"SearchAction","target":{"@type":"EntryPoint","urlTemplate":"https:\/\/www.cotefleurs.ch\/fr\/?s={search_term_string}"},"query-input":"required name=search_term_string"}],"inLanguage":"fr-FR"},{"@type":"Organization","@id":"https:\/\/www.cotefleurs.ch\/fr\/#organization","name":"C\u00f4t\u00e9 fleurs","url":"https:\/\/www.cotefleurs.ch\/fr\/","logo":{"@type":"ImageObject","inLanguage":"fr-FR","@id":"https:\/\/www.cotefleurs.ch\/fr\/#\/schema\/logo\/image\/","url":"https:\/\/www.cotefleurs.ch\/wp-content\/uploads\/2023\/08\/logo-cote-fleurs-fleuriste-geneve-livraison-fleurs.webp","contentUrl":"https:\/\/www.cotefleurs.ch\/wp-content\/uploads\/2023\/08\/logo-cote-fleurs-fleuriste-geneve-livraison-fleurs.webp","width":400,"height":400,"caption":"C\u00f4t\u00e9 fleurs"},"image":{"@id":"https:\/\/www.cotefleurs.ch\/fr\/#\/schema\/logo\/image\/"}}]}},"_links":{"self":[{"href":"https:\/\/www.cotefleurs.ch\/fr\/wp-json\/wp\/v2\/product\/77","targetHints":{"allow":["GET"]}}],"collection":[{"href":"https:\/\/www.cotefleurs.ch\/fr\/wp-json\/wp\/v2\/product"}],"about":[{"href":"https:\/\/www.cotefleurs.ch\/fr\/wp-json\/wp\/v2\/types\/product"}],"replies":[{"embeddable":true,"href":"https:\/\/www.cotefleurs.ch\/fr\/wp-json\/wp\/v2\/comments?post=77"}],"version-history":[{"count":4,"href":"https:\/\/www.cotefleurs.ch\/fr\/wp-json\/wp\/v2\/product\/77\/revisions"}],"predecessor-version":[{"id":2973,"href":"https:\/\/www.cotefleurs.ch\/fr\/wp-json\/wp\/v2\/product\/77\/revisions\/2973"}],"wp:featuredmedia":[{"embeddable":true,"href":"https:\/\/www.cotefleurs.ch\/fr\/wp-json\/wp\/v2\/media\/101"}],"wp:attachment":[{"href":"https:\/\/www.cotefleurs.ch\/fr\/wp-json\/wp\/v2\/media?parent=77"}],"wp:term":[{"taxonomy":"product_cat","embeddable":true,"href":"https:\/\/www.cotefleurs.ch\/fr\/wp-json\/wp\/v2\/product_cat?post=77"},{"taxonomy":"product_tag","embeddable":true,"href":"https:\/\/www.cotefleurs.ch\/fr\/wp-json\/wp\/v2\/product_tag?post=77"}],"curies":[{"name":"wp","href":"https:\/\/api.w.org\/{rel}","templated":true}]}}