{"id":64,"date":"2023-08-10T08:31:29","date_gmt":"2023-08-10T08:31:29","guid":{"rendered":"https:\/\/www.cotefleurs.ch\/?post_type=product&#038;p=64"},"modified":"2025-10-02T12:23:05","modified_gmt":"2025-10-02T12:23:05","slug":"arrangement-paysage-colore","status":"publish","type":"product","link":"https:\/\/www.cotefleurs.ch\/fr\/acheter-en-ligne\/fleurs-coupees\/arrangements\/arrangements-paysages\/colore\/","title":{"rendered":"Arrangement floral paysag\u00e9 Jaune Orang\u00e9"},"content":{"rendered":"<p>\u00c9voquez le lever du soleil avec notre Arrangement paysag\u00e9 jaune orang\u00e9. Une \u00e9vasion pittoresque pour votre table ou fen\u00eatre. Tr\u00e8s original, cet arrangement repr\u00e9sente un petit jardin en miniature. Les fleurs sont piqu\u00e9es dans une mousse florale imbib\u00e9e d\u2019eau, \u00e0 l\u2019int\u00e9rieur d\u2019un contenant g\u00e9n\u00e9ralement carr\u00e9e ou ovale. Livraison rapide sur Gen\u00e8ve.<\/p>\n","protected":false},"excerpt":{"rendered":"<p>\u00c9voquez le lever du soleil avec notre Arrangement paysag\u00e9 jaune orang\u00e9. Une \u00e9vasion pittoresque pour votre table ou fen\u00eatre. Tr\u00e8s original, cet arrangement repr\u00e9sente un petit jardin en miniature. Les fleurs sont piqu\u00e9es dans une mousse florale imbib\u00e9e d\u2019eau, \u00e0 l\u2019int\u00e9rieur d\u2019un contenant g\u00e9n\u00e9ralement carr\u00e9e ou ovale. Livraison rapide sur Gen\u00e8ve.<\/p>\n","protected":false},"featured_media":5859,"comment_status":"open","ping_status":"closed","template":"","meta":{"_acf_changed":false},"product_cat":[29,31],"product_tag":[],"class_list":{"0":"post-64","1":"product","2":"type-product","3":"status-publish","4":"has-post-thumbnail","6":"product_cat-arrangements","7":"product_cat-paysage","9":"first","10":"instock","11":"taxable","12":"shipping-taxable","13":"purchasable","14":"product-type-simple"},"acf":[],"yoast_head":"<!-- This site is optimized with the Yoast SEO plugin v23.0 - https:\/\/yoast.com\/wordpress\/plugins\/seo\/ -->\n<title>Paysage Floral Jaune Orang\u00e9, achat en ligne livr\u00e9 \u00e0 Gen\u00e8ve<\/title>\n<meta name=\"description\" content=\"Vivez l&#039;aube toute la journ\u00e9e avec l&#039;Arrangement paysag\u00e9 jaune orang\u00e9. Commandez maintenant pour une livraison rapide sur Gen\u00e8ve. Pure merveille!\" \/>\n<meta name=\"robots\" content=\"index, follow, max-snippet:-1, max-image-preview:large, max-video-preview:-1\" \/>\n<link rel=\"canonical\" href=\"https:\/\/www.cotefleurs.ch\/fr\/acheter-en-ligne\/fleurs-coupees\/arrangements\/arrangements-paysages\/colore\/\" \/>\n<meta property=\"og:locale\" content=\"fr_FR\" \/>\n<meta property=\"og:type\" content=\"article\" \/>\n<meta property=\"og:title\" content=\"Paysage Floral Jaune Orang\u00e9, achat en ligne livr\u00e9 \u00e0 Gen\u00e8ve\" \/>\n<meta property=\"og:description\" content=\"Vivez l&#039;aube toute la journ\u00e9e avec l&#039;Arrangement paysag\u00e9 jaune orang\u00e9. Commandez maintenant pour une livraison rapide sur Gen\u00e8ve. Pure merveille!\" \/>\n<meta property=\"og:url\" content=\"https:\/\/www.cotefleurs.ch\/fr\/acheter-en-ligne\/fleurs-coupees\/arrangements\/arrangements-paysages\/colore\/\" \/>\n<meta property=\"og:site_name\" content=\"C\u00f4t\u00e9 fleurs\" \/>\n<meta property=\"article:modified_time\" content=\"2025-10-02T12:23:05+00:00\" \/>\n<meta property=\"og:image\" content=\"https:\/\/www.cotefleurs.ch\/wp-content\/uploads\/2023\/08\/39-Arrangement-paysage-jaune-orange-85-CHF-scaled.jpg\" \/>\n\t<meta property=\"og:image:width\" content=\"2560\" \/>\n\t<meta property=\"og:image:height\" content=\"1920\" \/>\n\t<meta property=\"og:image:type\" content=\"image\/jpeg\" \/>\n<meta name=\"twitter:card\" content=\"summary_large_image\" \/>\n<meta name=\"twitter:label1\" content=\"Dur\u00e9e de lecture estim\u00e9e\" \/>\n\t<meta name=\"twitter:data1\" content=\"1 minute\" \/>\n<script type=\"application\/ld+json\" class=\"yoast-schema-graph\">{\"@context\":\"https:\/\/schema.org\",\"@graph\":[{\"@type\":\"WebPage\",\"@id\":\"https:\/\/www.cotefleurs.ch\/fr\/acheter-en-ligne\/fleurs-coupees\/arrangements\/arrangements-paysages\/colore\/\",\"url\":\"https:\/\/www.cotefleurs.ch\/fr\/acheter-en-ligne\/fleurs-coupees\/arrangements\/arrangements-paysages\/colore\/\",\"name\":\"Paysage Floral Jaune Orang\u00e9, achat en ligne livr\u00e9 \u00e0 Gen\u00e8ve\",\"isPartOf\":{\"@id\":\"https:\/\/www.cotefleurs.ch\/fr\/#website\"},\"primaryImageOfPage\":{\"@id\":\"https:\/\/www.cotefleurs.ch\/fr\/acheter-en-ligne\/fleurs-coupees\/arrangements\/arrangements-paysages\/colore\/#primaryimage\"},\"image\":{\"@id\":\"https:\/\/www.cotefleurs.ch\/fr\/acheter-en-ligne\/fleurs-coupees\/arrangements\/arrangements-paysages\/colore\/#primaryimage\"},\"thumbnailUrl\":\"https:\/\/www.cotefleurs.ch\/wp-content\/uploads\/2023\/08\/39-Arrangement-paysage-jaune-orange-85-CHF-scaled.jpg\",\"datePublished\":\"2023-08-10T08:31:29+00:00\",\"dateModified\":\"2025-10-02T12:23:05+00:00\",\"description\":\"Vivez l'aube toute la journ\u00e9e avec l'Arrangement paysag\u00e9 jaune orang\u00e9. Commandez maintenant pour une livraison rapide sur Gen\u00e8ve. Pure merveille!\",\"breadcrumb\":{\"@id\":\"https:\/\/www.cotefleurs.ch\/fr\/acheter-en-ligne\/fleurs-coupees\/arrangements\/arrangements-paysages\/colore\/#breadcrumb\"},\"inLanguage\":\"fr-FR\",\"potentialAction\":[{\"@type\":\"ReadAction\",\"target\":[\"https:\/\/www.cotefleurs.ch\/fr\/acheter-en-ligne\/fleurs-coupees\/arrangements\/arrangements-paysages\/colore\/\"]}]},{\"@type\":\"ImageObject\",\"inLanguage\":\"fr-FR\",\"@id\":\"https:\/\/www.cotefleurs.ch\/fr\/acheter-en-ligne\/fleurs-coupees\/arrangements\/arrangements-paysages\/colore\/#primaryimage\",\"url\":\"https:\/\/www.cotefleurs.ch\/wp-content\/uploads\/2023\/08\/39-Arrangement-paysage-jaune-orange-85-CHF-scaled.jpg\",\"contentUrl\":\"https:\/\/www.cotefleurs.ch\/wp-content\/uploads\/2023\/08\/39-Arrangement-paysage-jaune-orange-85-CHF-scaled.jpg\",\"width\":2560,\"height\":1920},{\"@type\":\"BreadcrumbList\",\"@id\":\"https:\/\/www.cotefleurs.ch\/fr\/acheter-en-ligne\/fleurs-coupees\/arrangements\/arrangements-paysages\/colore\/#breadcrumb\",\"itemListElement\":[{\"@type\":\"ListItem\",\"position\":1,\"name\":\"Home\",\"item\":\"https:\/\/www.cotefleurs.ch\/en\/\"},{\"@type\":\"ListItem\",\"position\":2,\"name\":\"Produits\",\"item\":\"https:\/\/www.cotefleurs.ch\/fr\/shop\/\"},{\"@type\":\"ListItem\",\"position\":3,\"name\":\"Arrangement floral paysag\u00e9 Jaune Orang\u00e9\"}]},{\"@type\":\"WebSite\",\"@id\":\"https:\/\/www.cotefleurs.ch\/fr\/#website\",\"url\":\"https:\/\/www.cotefleurs.ch\/fr\/\",\"name\":\"C\u00f4t\u00e9 fleurs\",\"description\":\"Fleuriste \u00e0 Gen\u00e8ve\",\"publisher\":{\"@id\":\"https:\/\/www.cotefleurs.ch\/fr\/#organization\"},\"potentialAction\":[{\"@type\":\"SearchAction\",\"target\":{\"@type\":\"EntryPoint\",\"urlTemplate\":\"https:\/\/www.cotefleurs.ch\/fr\/?s={search_term_string}\"},\"query-input\":\"required name=search_term_string\"}],\"inLanguage\":\"fr-FR\"},{\"@type\":\"Organization\",\"@id\":\"https:\/\/www.cotefleurs.ch\/fr\/#organization\",\"name\":\"C\u00f4t\u00e9 fleurs\",\"url\":\"https:\/\/www.cotefleurs.ch\/fr\/\",\"logo\":{\"@type\":\"ImageObject\",\"inLanguage\":\"fr-FR\",\"@id\":\"https:\/\/www.cotefleurs.ch\/fr\/#\/schema\/logo\/image\/\",\"url\":\"https:\/\/www.cotefleurs.ch\/wp-content\/uploads\/2023\/08\/logo-cote-fleurs-fleuriste-geneve-livraison-fleurs.webp\",\"contentUrl\":\"https:\/\/www.cotefleurs.ch\/wp-content\/uploads\/2023\/08\/logo-cote-fleurs-fleuriste-geneve-livraison-fleurs.webp\",\"width\":400,\"height\":400,\"caption\":\"C\u00f4t\u00e9 fleurs\"},\"image\":{\"@id\":\"https:\/\/www.cotefleurs.ch\/fr\/#\/schema\/logo\/image\/\"}}]}<\/script>\n<!-- \/ Yoast SEO plugin. -->","yoast_head_json":{"title":"Paysage Floral Jaune Orang\u00e9, achat en ligne livr\u00e9 \u00e0 Gen\u00e8ve","description":"Vivez l'aube toute la journ\u00e9e avec l'Arrangement paysag\u00e9 jaune orang\u00e9. Commandez maintenant pour une livraison rapide sur Gen\u00e8ve. Pure merveille!","robots":{"index":"index","follow":"follow","max-snippet":"max-snippet:-1","max-image-preview":"max-image-preview:large","max-video-preview":"max-video-preview:-1"},"canonical":"https:\/\/www.cotefleurs.ch\/fr\/acheter-en-ligne\/fleurs-coupees\/arrangements\/arrangements-paysages\/colore\/","og_locale":"fr_FR","og_type":"article","og_title":"Paysage Floral Jaune Orang\u00e9, achat en ligne livr\u00e9 \u00e0 Gen\u00e8ve","og_description":"Vivez l'aube toute la journ\u00e9e avec l'Arrangement paysag\u00e9 jaune orang\u00e9. Commandez maintenant pour une livraison rapide sur Gen\u00e8ve. Pure merveille!","og_url":"https:\/\/www.cotefleurs.ch\/fr\/acheter-en-ligne\/fleurs-coupees\/arrangements\/arrangements-paysages\/colore\/","og_site_name":"C\u00f4t\u00e9 fleurs","article_modified_time":"2025-10-02T12:23:05+00:00","og_image":[{"width":2560,"height":1920,"url":"https:\/\/www.cotefleurs.ch\/wp-content\/uploads\/2023\/08\/39-Arrangement-paysage-jaune-orange-85-CHF-scaled.jpg","type":"image\/jpeg"}],"twitter_card":"summary_large_image","twitter_misc":{"Dur\u00e9e de lecture estim\u00e9e":"1 minute"},"schema":{"@context":"https:\/\/schema.org","@graph":[{"@type":"WebPage","@id":"https:\/\/www.cotefleurs.ch\/fr\/acheter-en-ligne\/fleurs-coupees\/arrangements\/arrangements-paysages\/colore\/","url":"https:\/\/www.cotefleurs.ch\/fr\/acheter-en-ligne\/fleurs-coupees\/arrangements\/arrangements-paysages\/colore\/","name":"Paysage Floral Jaune Orang\u00e9, achat en ligne livr\u00e9 \u00e0 Gen\u00e8ve","isPartOf":{"@id":"https:\/\/www.cotefleurs.ch\/fr\/#website"},"primaryImageOfPage":{"@id":"https:\/\/www.cotefleurs.ch\/fr\/acheter-en-ligne\/fleurs-coupees\/arrangements\/arrangements-paysages\/colore\/#primaryimage"},"image":{"@id":"https:\/\/www.cotefleurs.ch\/fr\/acheter-en-ligne\/fleurs-coupees\/arrangements\/arrangements-paysages\/colore\/#primaryimage"},"thumbnailUrl":"https:\/\/www.cotefleurs.ch\/wp-content\/uploads\/2023\/08\/39-Arrangement-paysage-jaune-orange-85-CHF-scaled.jpg","datePublished":"2023-08-10T08:31:29+00:00","dateModified":"2025-10-02T12:23:05+00:00","description":"Vivez l'aube toute la journ\u00e9e avec l'Arrangement paysag\u00e9 jaune orang\u00e9. Commandez maintenant pour une livraison rapide sur Gen\u00e8ve. Pure merveille!","breadcrumb":{"@id":"https:\/\/www.cotefleurs.ch\/fr\/acheter-en-ligne\/fleurs-coupees\/arrangements\/arrangements-paysages\/colore\/#breadcrumb"},"inLanguage":"fr-FR","potentialAction":[{"@type":"ReadAction","target":["https:\/\/www.cotefleurs.ch\/fr\/acheter-en-ligne\/fleurs-coupees\/arrangements\/arrangements-paysages\/colore\/"]}]},{"@type":"ImageObject","inLanguage":"fr-FR","@id":"https:\/\/www.cotefleurs.ch\/fr\/acheter-en-ligne\/fleurs-coupees\/arrangements\/arrangements-paysages\/colore\/#primaryimage","url":"https:\/\/www.cotefleurs.ch\/wp-content\/uploads\/2023\/08\/39-Arrangement-paysage-jaune-orange-85-CHF-scaled.jpg","contentUrl":"https:\/\/www.cotefleurs.ch\/wp-content\/uploads\/2023\/08\/39-Arrangement-paysage-jaune-orange-85-CHF-scaled.jpg","width":2560,"height":1920},{"@type":"BreadcrumbList","@id":"https:\/\/www.cotefleurs.ch\/fr\/acheter-en-ligne\/fleurs-coupees\/arrangements\/arrangements-paysages\/colore\/#breadcrumb","itemListElement":[{"@type":"ListItem","position":1,"name":"Home","item":"https:\/\/www.cotefleurs.ch\/en\/"},{"@type":"ListItem","position":2,"name":"Produits","item":"https:\/\/www.cotefleurs.ch\/fr\/shop\/"},{"@type":"ListItem","position":3,"name":"Arrangement floral paysag\u00e9 Jaune Orang\u00e9"}]},{"@type":"WebSite","@id":"https:\/\/www.cotefleurs.ch\/fr\/#website","url":"https:\/\/www.cotefleurs.ch\/fr\/","name":"C\u00f4t\u00e9 fleurs","description":"Fleuriste \u00e0 Gen\u00e8ve","publisher":{"@id":"https:\/\/www.cotefleurs.ch\/fr\/#organization"},"potentialAction":[{"@type":"SearchAction","target":{"@type":"EntryPoint","urlTemplate":"https:\/\/www.cotefleurs.ch\/fr\/?s={search_term_string}"},"query-input":"required name=search_term_string"}],"inLanguage":"fr-FR"},{"@type":"Organization","@id":"https:\/\/www.cotefleurs.ch\/fr\/#organization","name":"C\u00f4t\u00e9 fleurs","url":"https:\/\/www.cotefleurs.ch\/fr\/","logo":{"@type":"ImageObject","inLanguage":"fr-FR","@id":"https:\/\/www.cotefleurs.ch\/fr\/#\/schema\/logo\/image\/","url":"https:\/\/www.cotefleurs.ch\/wp-content\/uploads\/2023\/08\/logo-cote-fleurs-fleuriste-geneve-livraison-fleurs.webp","contentUrl":"https:\/\/www.cotefleurs.ch\/wp-content\/uploads\/2023\/08\/logo-cote-fleurs-fleuriste-geneve-livraison-fleurs.webp","width":400,"height":400,"caption":"C\u00f4t\u00e9 fleurs"},"image":{"@id":"https:\/\/www.cotefleurs.ch\/fr\/#\/schema\/logo\/image\/"}}]}},"_links":{"self":[{"href":"https:\/\/www.cotefleurs.ch\/fr\/wp-json\/wp\/v2\/product\/64","targetHints":{"allow":["GET"]}}],"collection":[{"href":"https:\/\/www.cotefleurs.ch\/fr\/wp-json\/wp\/v2\/product"}],"about":[{"href":"https:\/\/www.cotefleurs.ch\/fr\/wp-json\/wp\/v2\/types\/product"}],"replies":[{"embeddable":true,"href":"https:\/\/www.cotefleurs.ch\/fr\/wp-json\/wp\/v2\/comments?post=64"}],"version-history":[{"count":9,"href":"https:\/\/www.cotefleurs.ch\/fr\/wp-json\/wp\/v2\/product\/64\/revisions"}],"predecessor-version":[{"id":4018,"href":"https:\/\/www.cotefleurs.ch\/fr\/wp-json\/wp\/v2\/product\/64\/revisions\/4018"}],"wp:featuredmedia":[{"embeddable":true,"href":"https:\/\/www.cotefleurs.ch\/fr\/wp-json\/wp\/v2\/media\/5859"}],"wp:attachment":[{"href":"https:\/\/www.cotefleurs.ch\/fr\/wp-json\/wp\/v2\/media?parent=64"}],"wp:term":[{"taxonomy":"product_cat","embeddable":true,"href":"https:\/\/www.cotefleurs.ch\/fr\/wp-json\/wp\/v2\/product_cat?post=64"},{"taxonomy":"product_tag","embeddable":true,"href":"https:\/\/www.cotefleurs.ch\/fr\/wp-json\/wp\/v2\/product_tag?post=64"}],"curies":[{"name":"wp","href":"https:\/\/api.w.org\/{rel}","templated":true}]}}