{"id":47,"date":"2023-08-10T08:31:06","date_gmt":"2023-08-10T08:31:06","guid":{"rendered":"https:\/\/www.cotefleurs.ch\/?post_type=product&#038;p=47"},"modified":"2023-11-07T15:25:20","modified_gmt":"2023-11-07T15:25:20","slug":"bouquet-pivoines-roses","status":"publish","type":"product","link":"https:\/\/www.cotefleurs.ch\/fr\/acheter-en-ligne\/fleurs-coupees\/bouquets-dune-variete\/bouquets-de-pivoines\/roses\/","title":{"rendered":"Bouquet de pivoines roses"},"content":{"rendered":"<p>Le Bouquet de Pivoines Roses \u00e9voque la tendresse et la d\u00e9licatesse. La pivoine est convoit\u00e9e par toutes les femmes. Elle constitue le cadeau parfait pour la f\u00eate des m\u00e8res. Ces pivoines aux teintes d\u00e9licates sont le symbole de l&rsquo;affection et de la tendresse. Offrez ce bouquet pour exprimer vos sentiments avec \u00e9l\u00e9gance. Commandez d\u00e8s maintenant pour une livraison rapide \u00e0 Gen\u00e8ve et cr\u00e9ez une ambiance romantique et apaisante.<\/p>\n","protected":false},"excerpt":{"rendered":"<p>Le Bouquet de Pivoines Roses \u00e9voque la tendresse et la d\u00e9licatesse. La pivoine est convoit\u00e9e par toutes les femmes. Elle constitue le cadeau parfait pour la f\u00eate des m\u00e8res. Ces pivoines aux teintes d\u00e9licates sont le symbole de l&rsquo;affection et de la tendresse. Offrez ce bouquet pour exprimer vos sentiments avec \u00e9l\u00e9gance. Commandez d\u00e8s maintenant [&hellip;]<\/p>\n","protected":false},"featured_media":2249,"comment_status":"open","ping_status":"closed","template":"","meta":{"_acf_changed":false},"product_cat":[23,18,27],"product_tag":[],"class_list":{"0":"post-47","1":"product","2":"type-product","3":"status-publish","4":"has-post-thumbnail","6":"product_cat-bouquet-dune-variete","7":"product_cat-bouquets-melanges","8":"product_cat-pivoines","10":"first","11":"instock","12":"taxable","13":"shipping-taxable","14":"purchasable","15":"product-type-simple"},"acf":[],"yoast_head":"<!-- This site is optimized with the Yoast SEO plugin v23.0 - https:\/\/yoast.com\/wordpress\/plugins\/seo\/ -->\n<title>Bouquet de Pivoines Roses achet\u00e9 en ligne et livr\u00e9 \u00e0 Gen\u00e8ve<\/title>\n<meta name=\"description\" content=\"Achetez en ligne des bouquets de pivoines roses douces. Boutique de pivoines \u00e0 Gen\u00e8ve avec livraison rapide.\" \/>\n<meta name=\"robots\" content=\"index, follow, max-snippet:-1, max-image-preview:large, max-video-preview:-1\" \/>\n<link rel=\"canonical\" href=\"https:\/\/www.cotefleurs.ch\/fr\/acheter-en-ligne\/fleurs-coupees\/bouquets-dune-variete\/bouquets-de-pivoines\/roses\/\" \/>\n<meta property=\"og:locale\" content=\"fr_FR\" \/>\n<meta property=\"og:type\" content=\"article\" \/>\n<meta property=\"og:title\" content=\"Bouquet de Pivoines Roses achet\u00e9 en ligne et livr\u00e9 \u00e0 Gen\u00e8ve\" \/>\n<meta property=\"og:description\" content=\"Achetez en ligne des bouquets de pivoines roses douces. Boutique de pivoines \u00e0 Gen\u00e8ve avec livraison rapide.\" \/>\n<meta property=\"og:url\" content=\"https:\/\/www.cotefleurs.ch\/fr\/acheter-en-ligne\/fleurs-coupees\/bouquets-dune-variete\/bouquets-de-pivoines\/roses\/\" \/>\n<meta property=\"og:site_name\" content=\"C\u00f4t\u00e9 fleurs\" \/>\n<meta property=\"article:modified_time\" content=\"2023-11-07T15:25:20+00:00\" \/>\n<meta property=\"og:image\" content=\"https:\/\/www.cotefleurs.ch\/wp-content\/uploads\/2023\/08\/30-Bqt-pivoines-couleurs-mClangCes-copie.webp\" \/>\n\t<meta property=\"og:image:width\" content=\"1000\" \/>\n\t<meta property=\"og:image:height\" content=\"1000\" \/>\n\t<meta property=\"og:image:type\" content=\"image\/webp\" \/>\n<meta name=\"twitter:card\" content=\"summary_large_image\" \/>\n<script type=\"application\/ld+json\" class=\"yoast-schema-graph\">{\"@context\":\"https:\/\/schema.org\",\"@graph\":[{\"@type\":\"WebPage\",\"@id\":\"https:\/\/www.cotefleurs.ch\/fr\/acheter-en-ligne\/fleurs-coupees\/bouquets-dune-variete\/bouquets-de-pivoines\/roses\/\",\"url\":\"https:\/\/www.cotefleurs.ch\/fr\/acheter-en-ligne\/fleurs-coupees\/bouquets-dune-variete\/bouquets-de-pivoines\/roses\/\",\"name\":\"Bouquet de Pivoines Roses achet\u00e9 en ligne et livr\u00e9 \u00e0 Gen\u00e8ve\",\"isPartOf\":{\"@id\":\"https:\/\/www.cotefleurs.ch\/fr\/#website\"},\"primaryImageOfPage\":{\"@id\":\"https:\/\/www.cotefleurs.ch\/fr\/acheter-en-ligne\/fleurs-coupees\/bouquets-dune-variete\/bouquets-de-pivoines\/roses\/#primaryimage\"},\"image\":{\"@id\":\"https:\/\/www.cotefleurs.ch\/fr\/acheter-en-ligne\/fleurs-coupees\/bouquets-dune-variete\/bouquets-de-pivoines\/roses\/#primaryimage\"},\"thumbnailUrl\":\"https:\/\/www.cotefleurs.ch\/wp-content\/uploads\/2023\/08\/30-Bqt-pivoines-couleurs-mClangCes-copie.webp\",\"datePublished\":\"2023-08-10T08:31:06+00:00\",\"dateModified\":\"2023-11-07T15:25:20+00:00\",\"description\":\"Achetez en ligne des bouquets de pivoines roses douces. Boutique de pivoines \u00e0 Gen\u00e8ve avec livraison rapide.\",\"breadcrumb\":{\"@id\":\"https:\/\/www.cotefleurs.ch\/fr\/acheter-en-ligne\/fleurs-coupees\/bouquets-dune-variete\/bouquets-de-pivoines\/roses\/#breadcrumb\"},\"inLanguage\":\"fr-FR\",\"potentialAction\":[{\"@type\":\"ReadAction\",\"target\":[\"https:\/\/www.cotefleurs.ch\/fr\/acheter-en-ligne\/fleurs-coupees\/bouquets-dune-variete\/bouquets-de-pivoines\/roses\/\"]}]},{\"@type\":\"ImageObject\",\"inLanguage\":\"fr-FR\",\"@id\":\"https:\/\/www.cotefleurs.ch\/fr\/acheter-en-ligne\/fleurs-coupees\/bouquets-dune-variete\/bouquets-de-pivoines\/roses\/#primaryimage\",\"url\":\"https:\/\/www.cotefleurs.ch\/wp-content\/uploads\/2023\/08\/30-Bqt-pivoines-couleurs-mClangCes-copie.webp\",\"contentUrl\":\"https:\/\/www.cotefleurs.ch\/wp-content\/uploads\/2023\/08\/30-Bqt-pivoines-couleurs-mClangCes-copie.webp\",\"width\":1000,\"height\":1000,\"caption\":\"Bouquet de pivoines m\u00e9lang\u00e9s\"},{\"@type\":\"BreadcrumbList\",\"@id\":\"https:\/\/www.cotefleurs.ch\/fr\/acheter-en-ligne\/fleurs-coupees\/bouquets-dune-variete\/bouquets-de-pivoines\/roses\/#breadcrumb\",\"itemListElement\":[{\"@type\":\"ListItem\",\"position\":1,\"name\":\"Home\",\"item\":\"https:\/\/www.cotefleurs.ch\/en\/\"},{\"@type\":\"ListItem\",\"position\":2,\"name\":\"Produits\",\"item\":\"https:\/\/www.cotefleurs.ch\/fr\/shop\/\"},{\"@type\":\"ListItem\",\"position\":3,\"name\":\"Bouquet de pivoines roses\"}]},{\"@type\":\"WebSite\",\"@id\":\"https:\/\/www.cotefleurs.ch\/fr\/#website\",\"url\":\"https:\/\/www.cotefleurs.ch\/fr\/\",\"name\":\"C\u00f4t\u00e9 fleurs\",\"description\":\"Fleuriste \u00e0 Gen\u00e8ve\",\"publisher\":{\"@id\":\"https:\/\/www.cotefleurs.ch\/fr\/#organization\"},\"potentialAction\":[{\"@type\":\"SearchAction\",\"target\":{\"@type\":\"EntryPoint\",\"urlTemplate\":\"https:\/\/www.cotefleurs.ch\/fr\/?s={search_term_string}\"},\"query-input\":\"required name=search_term_string\"}],\"inLanguage\":\"fr-FR\"},{\"@type\":\"Organization\",\"@id\":\"https:\/\/www.cotefleurs.ch\/fr\/#organization\",\"name\":\"C\u00f4t\u00e9 fleurs\",\"url\":\"https:\/\/www.cotefleurs.ch\/fr\/\",\"logo\":{\"@type\":\"ImageObject\",\"inLanguage\":\"fr-FR\",\"@id\":\"https:\/\/www.cotefleurs.ch\/fr\/#\/schema\/logo\/image\/\",\"url\":\"https:\/\/www.cotefleurs.ch\/wp-content\/uploads\/2023\/08\/logo-cote-fleurs-fleuriste-geneve-livraison-fleurs.webp\",\"contentUrl\":\"https:\/\/www.cotefleurs.ch\/wp-content\/uploads\/2023\/08\/logo-cote-fleurs-fleuriste-geneve-livraison-fleurs.webp\",\"width\":400,\"height\":400,\"caption\":\"C\u00f4t\u00e9 fleurs\"},\"image\":{\"@id\":\"https:\/\/www.cotefleurs.ch\/fr\/#\/schema\/logo\/image\/\"}}]}<\/script>\n<!-- \/ Yoast SEO plugin. -->","yoast_head_json":{"title":"Bouquet de Pivoines Roses achet\u00e9 en ligne et livr\u00e9 \u00e0 Gen\u00e8ve","description":"Achetez en ligne des bouquets de pivoines roses douces. Boutique de pivoines \u00e0 Gen\u00e8ve avec livraison rapide.","robots":{"index":"index","follow":"follow","max-snippet":"max-snippet:-1","max-image-preview":"max-image-preview:large","max-video-preview":"max-video-preview:-1"},"canonical":"https:\/\/www.cotefleurs.ch\/fr\/acheter-en-ligne\/fleurs-coupees\/bouquets-dune-variete\/bouquets-de-pivoines\/roses\/","og_locale":"fr_FR","og_type":"article","og_title":"Bouquet de Pivoines Roses achet\u00e9 en ligne et livr\u00e9 \u00e0 Gen\u00e8ve","og_description":"Achetez en ligne des bouquets de pivoines roses douces. Boutique de pivoines \u00e0 Gen\u00e8ve avec livraison rapide.","og_url":"https:\/\/www.cotefleurs.ch\/fr\/acheter-en-ligne\/fleurs-coupees\/bouquets-dune-variete\/bouquets-de-pivoines\/roses\/","og_site_name":"C\u00f4t\u00e9 fleurs","article_modified_time":"2023-11-07T15:25:20+00:00","og_image":[{"width":1000,"height":1000,"url":"https:\/\/www.cotefleurs.ch\/wp-content\/uploads\/2023\/08\/30-Bqt-pivoines-couleurs-mClangCes-copie.webp","type":"image\/webp"}],"twitter_card":"summary_large_image","schema":{"@context":"https:\/\/schema.org","@graph":[{"@type":"WebPage","@id":"https:\/\/www.cotefleurs.ch\/fr\/acheter-en-ligne\/fleurs-coupees\/bouquets-dune-variete\/bouquets-de-pivoines\/roses\/","url":"https:\/\/www.cotefleurs.ch\/fr\/acheter-en-ligne\/fleurs-coupees\/bouquets-dune-variete\/bouquets-de-pivoines\/roses\/","name":"Bouquet de Pivoines Roses achet\u00e9 en ligne et livr\u00e9 \u00e0 Gen\u00e8ve","isPartOf":{"@id":"https:\/\/www.cotefleurs.ch\/fr\/#website"},"primaryImageOfPage":{"@id":"https:\/\/www.cotefleurs.ch\/fr\/acheter-en-ligne\/fleurs-coupees\/bouquets-dune-variete\/bouquets-de-pivoines\/roses\/#primaryimage"},"image":{"@id":"https:\/\/www.cotefleurs.ch\/fr\/acheter-en-ligne\/fleurs-coupees\/bouquets-dune-variete\/bouquets-de-pivoines\/roses\/#primaryimage"},"thumbnailUrl":"https:\/\/www.cotefleurs.ch\/wp-content\/uploads\/2023\/08\/30-Bqt-pivoines-couleurs-mClangCes-copie.webp","datePublished":"2023-08-10T08:31:06+00:00","dateModified":"2023-11-07T15:25:20+00:00","description":"Achetez en ligne des bouquets de pivoines roses douces. Boutique de pivoines \u00e0 Gen\u00e8ve avec livraison rapide.","breadcrumb":{"@id":"https:\/\/www.cotefleurs.ch\/fr\/acheter-en-ligne\/fleurs-coupees\/bouquets-dune-variete\/bouquets-de-pivoines\/roses\/#breadcrumb"},"inLanguage":"fr-FR","potentialAction":[{"@type":"ReadAction","target":["https:\/\/www.cotefleurs.ch\/fr\/acheter-en-ligne\/fleurs-coupees\/bouquets-dune-variete\/bouquets-de-pivoines\/roses\/"]}]},{"@type":"ImageObject","inLanguage":"fr-FR","@id":"https:\/\/www.cotefleurs.ch\/fr\/acheter-en-ligne\/fleurs-coupees\/bouquets-dune-variete\/bouquets-de-pivoines\/roses\/#primaryimage","url":"https:\/\/www.cotefleurs.ch\/wp-content\/uploads\/2023\/08\/30-Bqt-pivoines-couleurs-mClangCes-copie.webp","contentUrl":"https:\/\/www.cotefleurs.ch\/wp-content\/uploads\/2023\/08\/30-Bqt-pivoines-couleurs-mClangCes-copie.webp","width":1000,"height":1000,"caption":"Bouquet de pivoines m\u00e9lang\u00e9s"},{"@type":"BreadcrumbList","@id":"https:\/\/www.cotefleurs.ch\/fr\/acheter-en-ligne\/fleurs-coupees\/bouquets-dune-variete\/bouquets-de-pivoines\/roses\/#breadcrumb","itemListElement":[{"@type":"ListItem","position":1,"name":"Home","item":"https:\/\/www.cotefleurs.ch\/en\/"},{"@type":"ListItem","position":2,"name":"Produits","item":"https:\/\/www.cotefleurs.ch\/fr\/shop\/"},{"@type":"ListItem","position":3,"name":"Bouquet de pivoines roses"}]},{"@type":"WebSite","@id":"https:\/\/www.cotefleurs.ch\/fr\/#website","url":"https:\/\/www.cotefleurs.ch\/fr\/","name":"C\u00f4t\u00e9 fleurs","description":"Fleuriste \u00e0 Gen\u00e8ve","publisher":{"@id":"https:\/\/www.cotefleurs.ch\/fr\/#organization"},"potentialAction":[{"@type":"SearchAction","target":{"@type":"EntryPoint","urlTemplate":"https:\/\/www.cotefleurs.ch\/fr\/?s={search_term_string}"},"query-input":"required name=search_term_string"}],"inLanguage":"fr-FR"},{"@type":"Organization","@id":"https:\/\/www.cotefleurs.ch\/fr\/#organization","name":"C\u00f4t\u00e9 fleurs","url":"https:\/\/www.cotefleurs.ch\/fr\/","logo":{"@type":"ImageObject","inLanguage":"fr-FR","@id":"https:\/\/www.cotefleurs.ch\/fr\/#\/schema\/logo\/image\/","url":"https:\/\/www.cotefleurs.ch\/wp-content\/uploads\/2023\/08\/logo-cote-fleurs-fleuriste-geneve-livraison-fleurs.webp","contentUrl":"https:\/\/www.cotefleurs.ch\/wp-content\/uploads\/2023\/08\/logo-cote-fleurs-fleuriste-geneve-livraison-fleurs.webp","width":400,"height":400,"caption":"C\u00f4t\u00e9 fleurs"},"image":{"@id":"https:\/\/www.cotefleurs.ch\/fr\/#\/schema\/logo\/image\/"}}]}},"_links":{"self":[{"href":"https:\/\/www.cotefleurs.ch\/fr\/wp-json\/wp\/v2\/product\/47","targetHints":{"allow":["GET"]}}],"collection":[{"href":"https:\/\/www.cotefleurs.ch\/fr\/wp-json\/wp\/v2\/product"}],"about":[{"href":"https:\/\/www.cotefleurs.ch\/fr\/wp-json\/wp\/v2\/types\/product"}],"replies":[{"embeddable":true,"href":"https:\/\/www.cotefleurs.ch\/fr\/wp-json\/wp\/v2\/comments?post=47"}],"version-history":[{"count":6,"href":"https:\/\/www.cotefleurs.ch\/fr\/wp-json\/wp\/v2\/product\/47\/revisions"}],"predecessor-version":[{"id":3983,"href":"https:\/\/www.cotefleurs.ch\/fr\/wp-json\/wp\/v2\/product\/47\/revisions\/3983"}],"wp:featuredmedia":[{"embeddable":true,"href":"https:\/\/www.cotefleurs.ch\/fr\/wp-json\/wp\/v2\/media\/2249"}],"wp:attachment":[{"href":"https:\/\/www.cotefleurs.ch\/fr\/wp-json\/wp\/v2\/media?parent=47"}],"wp:term":[{"taxonomy":"product_cat","embeddable":true,"href":"https:\/\/www.cotefleurs.ch\/fr\/wp-json\/wp\/v2\/product_cat?post=47"},{"taxonomy":"product_tag","embeddable":true,"href":"https:\/\/www.cotefleurs.ch\/fr\/wp-json\/wp\/v2\/product_tag?post=47"}],"curies":[{"name":"wp","href":"https:\/\/api.w.org\/{rel}","templated":true}]}}