{"id":43,"date":"2023-08-10T08:31:05","date_gmt":"2023-08-10T08:31:05","guid":{"rendered":"https:\/\/www.cotefleurs.ch\/?post_type=product&#038;p=43"},"modified":"2023-10-18T08:10:52","modified_gmt":"2023-10-18T08:10:52","slug":"bouquet-tulipes-roses","status":"publish","type":"product","link":"https:\/\/www.cotefleurs.ch\/fr\/acheter-en-ligne\/fleurs-coupees\/bouquets-dune-variete\/bouquets-de-tulipes\/roses\/","title":{"rendered":"Bouquet tulipes roses"},"content":{"rendered":"<p>Le Bouquet de Tulipes Roses c\u00e9l\u00e8bre la douceur et la gr\u00e2ce. Les tulipes sont des fleurs tr\u00e8s faciles \u00e0 entretenir et servent g\u00e9n\u00e9ralement \u00e0 annoncer le printemps. Ces tulipes roses \u00e9voquent la tendresse et la d\u00e9licatesse. Offrez ce bouquet pour exprimer des sentiments d&rsquo;affection et de charme. Commandez d\u00e8s aujourd&rsquo;hui et faites livrer ces tulipes roses \u00e0 Gen\u00e8ve pour cr\u00e9er une ambiance romantique et lumineuse.<\/p>\n","protected":false},"excerpt":{"rendered":"<p>Le Bouquet de Tulipes Roses c\u00e9l\u00e8bre la douceur et la gr\u00e2ce. Les tulipes sont des fleurs tr\u00e8s faciles \u00e0 entretenir et servent g\u00e9n\u00e9ralement \u00e0 annoncer le printemps. Ces tulipes roses \u00e9voquent la tendresse et la d\u00e9licatesse. Offrez ce bouquet pour exprimer des sentiments d&rsquo;affection et de charme. Commandez d\u00e8s aujourd&rsquo;hui et faites livrer ces tulipes [&hellip;]<\/p>\n","protected":false},"featured_media":2245,"comment_status":"open","ping_status":"closed","template":"","meta":{"_acf_changed":false},"product_cat":[23,18,26],"product_tag":[],"class_list":{"0":"post-43","1":"product","2":"type-product","3":"status-publish","4":"has-post-thumbnail","6":"product_cat-bouquet-dune-variete","7":"product_cat-bouquets-melanges","8":"product_cat-tulipes","10":"first","11":"instock","12":"taxable","13":"shipping-taxable","14":"purchasable","15":"product-type-simple"},"acf":[],"yoast_head":"<!-- This site is optimized with the Yoast SEO plugin v23.0 - https:\/\/yoast.com\/wordpress\/plugins\/seo\/ -->\n<title>Achat de Bouquet de Tulipes Roses en ligne \u00e0 Gen\u00e8ve<\/title>\n<meta name=\"description\" content=\"D\u00e9couvrez nos magnifiques bouquets de tulipes roses en vente en ligne. Commandez maintenant pour une livraison rapide \u00e0 Gen\u00e8ve.\" \/>\n<meta name=\"robots\" content=\"index, follow, max-snippet:-1, max-image-preview:large, max-video-preview:-1\" \/>\n<link rel=\"canonical\" href=\"https:\/\/www.cotefleurs.ch\/fr\/acheter-en-ligne\/fleurs-coupees\/bouquets-dune-variete\/bouquets-de-tulipes\/roses\/\" \/>\n<meta property=\"og:locale\" content=\"fr_FR\" \/>\n<meta property=\"og:type\" content=\"article\" \/>\n<meta property=\"og:title\" content=\"Achat de Bouquet de Tulipes Roses en ligne \u00e0 Gen\u00e8ve\" \/>\n<meta property=\"og:description\" content=\"D\u00e9couvrez nos magnifiques bouquets de tulipes roses en vente en ligne. Commandez maintenant pour une livraison rapide \u00e0 Gen\u00e8ve.\" \/>\n<meta property=\"og:url\" content=\"https:\/\/www.cotefleurs.ch\/fr\/acheter-en-ligne\/fleurs-coupees\/bouquets-dune-variete\/bouquets-de-tulipes\/roses\/\" \/>\n<meta property=\"og:site_name\" content=\"C\u00f4t\u00e9 fleurs\" \/>\n<meta property=\"article:modified_time\" content=\"2023-10-18T08:10:52+00:00\" \/>\n<meta property=\"og:image\" content=\"https:\/\/www.cotefleurs.ch\/wp-content\/uploads\/2023\/08\/26-Bqt-tulipe-mClange-couleur-200-CHF-copie.webp\" \/>\n\t<meta property=\"og:image:width\" content=\"1000\" \/>\n\t<meta property=\"og:image:height\" content=\"1000\" \/>\n\t<meta property=\"og:image:type\" content=\"image\/webp\" \/>\n<meta name=\"twitter:card\" content=\"summary_large_image\" \/>\n<script type=\"application\/ld+json\" class=\"yoast-schema-graph\">{\"@context\":\"https:\/\/schema.org\",\"@graph\":[{\"@type\":\"WebPage\",\"@id\":\"https:\/\/www.cotefleurs.ch\/fr\/acheter-en-ligne\/fleurs-coupees\/bouquets-dune-variete\/bouquets-de-tulipes\/roses\/\",\"url\":\"https:\/\/www.cotefleurs.ch\/fr\/acheter-en-ligne\/fleurs-coupees\/bouquets-dune-variete\/bouquets-de-tulipes\/roses\/\",\"name\":\"Achat de Bouquet de Tulipes Roses en ligne \u00e0 Gen\u00e8ve\",\"isPartOf\":{\"@id\":\"https:\/\/www.cotefleurs.ch\/fr\/#website\"},\"primaryImageOfPage\":{\"@id\":\"https:\/\/www.cotefleurs.ch\/fr\/acheter-en-ligne\/fleurs-coupees\/bouquets-dune-variete\/bouquets-de-tulipes\/roses\/#primaryimage\"},\"image\":{\"@id\":\"https:\/\/www.cotefleurs.ch\/fr\/acheter-en-ligne\/fleurs-coupees\/bouquets-dune-variete\/bouquets-de-tulipes\/roses\/#primaryimage\"},\"thumbnailUrl\":\"https:\/\/www.cotefleurs.ch\/wp-content\/uploads\/2023\/08\/26-Bqt-tulipe-mClange-couleur-200-CHF-copie.webp\",\"datePublished\":\"2023-08-10T08:31:05+00:00\",\"dateModified\":\"2023-10-18T08:10:52+00:00\",\"description\":\"D\u00e9couvrez nos magnifiques bouquets de tulipes roses en vente en ligne. Commandez maintenant pour une livraison rapide \u00e0 Gen\u00e8ve.\",\"breadcrumb\":{\"@id\":\"https:\/\/www.cotefleurs.ch\/fr\/acheter-en-ligne\/fleurs-coupees\/bouquets-dune-variete\/bouquets-de-tulipes\/roses\/#breadcrumb\"},\"inLanguage\":\"fr-FR\",\"potentialAction\":[{\"@type\":\"ReadAction\",\"target\":[\"https:\/\/www.cotefleurs.ch\/fr\/acheter-en-ligne\/fleurs-coupees\/bouquets-dune-variete\/bouquets-de-tulipes\/roses\/\"]}]},{\"@type\":\"ImageObject\",\"inLanguage\":\"fr-FR\",\"@id\":\"https:\/\/www.cotefleurs.ch\/fr\/acheter-en-ligne\/fleurs-coupees\/bouquets-dune-variete\/bouquets-de-tulipes\/roses\/#primaryimage\",\"url\":\"https:\/\/www.cotefleurs.ch\/wp-content\/uploads\/2023\/08\/26-Bqt-tulipe-mClange-couleur-200-CHF-copie.webp\",\"contentUrl\":\"https:\/\/www.cotefleurs.ch\/wp-content\/uploads\/2023\/08\/26-Bqt-tulipe-mClange-couleur-200-CHF-copie.webp\",\"width\":1000,\"height\":1000,\"caption\":\"Bouquet de tulipes m\u00e9lang\u00e9s\"},{\"@type\":\"BreadcrumbList\",\"@id\":\"https:\/\/www.cotefleurs.ch\/fr\/acheter-en-ligne\/fleurs-coupees\/bouquets-dune-variete\/bouquets-de-tulipes\/roses\/#breadcrumb\",\"itemListElement\":[{\"@type\":\"ListItem\",\"position\":1,\"name\":\"Home\",\"item\":\"https:\/\/www.cotefleurs.ch\/en\/\"},{\"@type\":\"ListItem\",\"position\":2,\"name\":\"Produits\",\"item\":\"https:\/\/www.cotefleurs.ch\/fr\/shop\/\"},{\"@type\":\"ListItem\",\"position\":3,\"name\":\"Bouquet tulipes roses\"}]},{\"@type\":\"WebSite\",\"@id\":\"https:\/\/www.cotefleurs.ch\/fr\/#website\",\"url\":\"https:\/\/www.cotefleurs.ch\/fr\/\",\"name\":\"C\u00f4t\u00e9 fleurs\",\"description\":\"Fleuriste \u00e0 Gen\u00e8ve\",\"publisher\":{\"@id\":\"https:\/\/www.cotefleurs.ch\/fr\/#organization\"},\"potentialAction\":[{\"@type\":\"SearchAction\",\"target\":{\"@type\":\"EntryPoint\",\"urlTemplate\":\"https:\/\/www.cotefleurs.ch\/fr\/?s={search_term_string}\"},\"query-input\":\"required name=search_term_string\"}],\"inLanguage\":\"fr-FR\"},{\"@type\":\"Organization\",\"@id\":\"https:\/\/www.cotefleurs.ch\/fr\/#organization\",\"name\":\"C\u00f4t\u00e9 fleurs\",\"url\":\"https:\/\/www.cotefleurs.ch\/fr\/\",\"logo\":{\"@type\":\"ImageObject\",\"inLanguage\":\"fr-FR\",\"@id\":\"https:\/\/www.cotefleurs.ch\/fr\/#\/schema\/logo\/image\/\",\"url\":\"https:\/\/www.cotefleurs.ch\/wp-content\/uploads\/2023\/08\/logo-cote-fleurs-fleuriste-geneve-livraison-fleurs.webp\",\"contentUrl\":\"https:\/\/www.cotefleurs.ch\/wp-content\/uploads\/2023\/08\/logo-cote-fleurs-fleuriste-geneve-livraison-fleurs.webp\",\"width\":400,\"height\":400,\"caption\":\"C\u00f4t\u00e9 fleurs\"},\"image\":{\"@id\":\"https:\/\/www.cotefleurs.ch\/fr\/#\/schema\/logo\/image\/\"}}]}<\/script>\n<!-- \/ Yoast SEO plugin. -->","yoast_head_json":{"title":"Achat de Bouquet de Tulipes Roses en ligne \u00e0 Gen\u00e8ve","description":"D\u00e9couvrez nos magnifiques bouquets de tulipes roses en vente en ligne. Commandez maintenant pour une livraison rapide \u00e0 Gen\u00e8ve.","robots":{"index":"index","follow":"follow","max-snippet":"max-snippet:-1","max-image-preview":"max-image-preview:large","max-video-preview":"max-video-preview:-1"},"canonical":"https:\/\/www.cotefleurs.ch\/fr\/acheter-en-ligne\/fleurs-coupees\/bouquets-dune-variete\/bouquets-de-tulipes\/roses\/","og_locale":"fr_FR","og_type":"article","og_title":"Achat de Bouquet de Tulipes Roses en ligne \u00e0 Gen\u00e8ve","og_description":"D\u00e9couvrez nos magnifiques bouquets de tulipes roses en vente en ligne. Commandez maintenant pour une livraison rapide \u00e0 Gen\u00e8ve.","og_url":"https:\/\/www.cotefleurs.ch\/fr\/acheter-en-ligne\/fleurs-coupees\/bouquets-dune-variete\/bouquets-de-tulipes\/roses\/","og_site_name":"C\u00f4t\u00e9 fleurs","article_modified_time":"2023-10-18T08:10:52+00:00","og_image":[{"width":1000,"height":1000,"url":"https:\/\/www.cotefleurs.ch\/wp-content\/uploads\/2023\/08\/26-Bqt-tulipe-mClange-couleur-200-CHF-copie.webp","type":"image\/webp"}],"twitter_card":"summary_large_image","schema":{"@context":"https:\/\/schema.org","@graph":[{"@type":"WebPage","@id":"https:\/\/www.cotefleurs.ch\/fr\/acheter-en-ligne\/fleurs-coupees\/bouquets-dune-variete\/bouquets-de-tulipes\/roses\/","url":"https:\/\/www.cotefleurs.ch\/fr\/acheter-en-ligne\/fleurs-coupees\/bouquets-dune-variete\/bouquets-de-tulipes\/roses\/","name":"Achat de Bouquet de Tulipes Roses en ligne \u00e0 Gen\u00e8ve","isPartOf":{"@id":"https:\/\/www.cotefleurs.ch\/fr\/#website"},"primaryImageOfPage":{"@id":"https:\/\/www.cotefleurs.ch\/fr\/acheter-en-ligne\/fleurs-coupees\/bouquets-dune-variete\/bouquets-de-tulipes\/roses\/#primaryimage"},"image":{"@id":"https:\/\/www.cotefleurs.ch\/fr\/acheter-en-ligne\/fleurs-coupees\/bouquets-dune-variete\/bouquets-de-tulipes\/roses\/#primaryimage"},"thumbnailUrl":"https:\/\/www.cotefleurs.ch\/wp-content\/uploads\/2023\/08\/26-Bqt-tulipe-mClange-couleur-200-CHF-copie.webp","datePublished":"2023-08-10T08:31:05+00:00","dateModified":"2023-10-18T08:10:52+00:00","description":"D\u00e9couvrez nos magnifiques bouquets de tulipes roses en vente en ligne. Commandez maintenant pour une livraison rapide \u00e0 Gen\u00e8ve.","breadcrumb":{"@id":"https:\/\/www.cotefleurs.ch\/fr\/acheter-en-ligne\/fleurs-coupees\/bouquets-dune-variete\/bouquets-de-tulipes\/roses\/#breadcrumb"},"inLanguage":"fr-FR","potentialAction":[{"@type":"ReadAction","target":["https:\/\/www.cotefleurs.ch\/fr\/acheter-en-ligne\/fleurs-coupees\/bouquets-dune-variete\/bouquets-de-tulipes\/roses\/"]}]},{"@type":"ImageObject","inLanguage":"fr-FR","@id":"https:\/\/www.cotefleurs.ch\/fr\/acheter-en-ligne\/fleurs-coupees\/bouquets-dune-variete\/bouquets-de-tulipes\/roses\/#primaryimage","url":"https:\/\/www.cotefleurs.ch\/wp-content\/uploads\/2023\/08\/26-Bqt-tulipe-mClange-couleur-200-CHF-copie.webp","contentUrl":"https:\/\/www.cotefleurs.ch\/wp-content\/uploads\/2023\/08\/26-Bqt-tulipe-mClange-couleur-200-CHF-copie.webp","width":1000,"height":1000,"caption":"Bouquet de tulipes m\u00e9lang\u00e9s"},{"@type":"BreadcrumbList","@id":"https:\/\/www.cotefleurs.ch\/fr\/acheter-en-ligne\/fleurs-coupees\/bouquets-dune-variete\/bouquets-de-tulipes\/roses\/#breadcrumb","itemListElement":[{"@type":"ListItem","position":1,"name":"Home","item":"https:\/\/www.cotefleurs.ch\/en\/"},{"@type":"ListItem","position":2,"name":"Produits","item":"https:\/\/www.cotefleurs.ch\/fr\/shop\/"},{"@type":"ListItem","position":3,"name":"Bouquet tulipes roses"}]},{"@type":"WebSite","@id":"https:\/\/www.cotefleurs.ch\/fr\/#website","url":"https:\/\/www.cotefleurs.ch\/fr\/","name":"C\u00f4t\u00e9 fleurs","description":"Fleuriste \u00e0 Gen\u00e8ve","publisher":{"@id":"https:\/\/www.cotefleurs.ch\/fr\/#organization"},"potentialAction":[{"@type":"SearchAction","target":{"@type":"EntryPoint","urlTemplate":"https:\/\/www.cotefleurs.ch\/fr\/?s={search_term_string}"},"query-input":"required name=search_term_string"}],"inLanguage":"fr-FR"},{"@type":"Organization","@id":"https:\/\/www.cotefleurs.ch\/fr\/#organization","name":"C\u00f4t\u00e9 fleurs","url":"https:\/\/www.cotefleurs.ch\/fr\/","logo":{"@type":"ImageObject","inLanguage":"fr-FR","@id":"https:\/\/www.cotefleurs.ch\/fr\/#\/schema\/logo\/image\/","url":"https:\/\/www.cotefleurs.ch\/wp-content\/uploads\/2023\/08\/logo-cote-fleurs-fleuriste-geneve-livraison-fleurs.webp","contentUrl":"https:\/\/www.cotefleurs.ch\/wp-content\/uploads\/2023\/08\/logo-cote-fleurs-fleuriste-geneve-livraison-fleurs.webp","width":400,"height":400,"caption":"C\u00f4t\u00e9 fleurs"},"image":{"@id":"https:\/\/www.cotefleurs.ch\/fr\/#\/schema\/logo\/image\/"}}]}},"_links":{"self":[{"href":"https:\/\/www.cotefleurs.ch\/fr\/wp-json\/wp\/v2\/product\/43","targetHints":{"allow":["GET"]}}],"collection":[{"href":"https:\/\/www.cotefleurs.ch\/fr\/wp-json\/wp\/v2\/product"}],"about":[{"href":"https:\/\/www.cotefleurs.ch\/fr\/wp-json\/wp\/v2\/types\/product"}],"replies":[{"embeddable":true,"href":"https:\/\/www.cotefleurs.ch\/fr\/wp-json\/wp\/v2\/comments?post=43"}],"version-history":[{"count":6,"href":"https:\/\/www.cotefleurs.ch\/fr\/wp-json\/wp\/v2\/product\/43\/revisions"}],"predecessor-version":[{"id":2946,"href":"https:\/\/www.cotefleurs.ch\/fr\/wp-json\/wp\/v2\/product\/43\/revisions\/2946"}],"wp:featuredmedia":[{"embeddable":true,"href":"https:\/\/www.cotefleurs.ch\/fr\/wp-json\/wp\/v2\/media\/2245"}],"wp:attachment":[{"href":"https:\/\/www.cotefleurs.ch\/fr\/wp-json\/wp\/v2\/media?parent=43"}],"wp:term":[{"taxonomy":"product_cat","embeddable":true,"href":"https:\/\/www.cotefleurs.ch\/fr\/wp-json\/wp\/v2\/product_cat?post=43"},{"taxonomy":"product_tag","embeddable":true,"href":"https:\/\/www.cotefleurs.ch\/fr\/wp-json\/wp\/v2\/product_tag?post=43"}],"curies":[{"name":"wp","href":"https:\/\/api.w.org\/{rel}","templated":true}]}}