{"id":2341,"date":"2023-10-06T15:33:36","date_gmt":"2023-10-06T15:33:36","guid":{"rendered":"https:\/\/www.cotefleurs.ch\/?post_type=product&#038;p=2341"},"modified":"2023-12-01T13:58:33","modified_gmt":"2023-12-01T13:58:33","slug":"arrangement-rond-de-roses-multicolores","status":"publish","type":"product","link":"https:\/\/www.cotefleurs.ch\/fr\/acheter-en-ligne\/fleurs-coupees\/arrangements\/arrangements-ronds\/multicolore\/","title":{"rendered":"Arrangement floral rond de roses multicolores"},"content":{"rendered":"<p>C\u00e9l\u00e9brez la vie avec l&rsquo;Arrangement Rond roses multicolores. Une explosion de couleurs pour \u00e9gayer chaque coin de votre demeure. Les arrangements ronds sont compos\u00e9s \u00e0 partir de fleurs piqu\u00e9es dans une mousse florale imbib\u00e9e d\u2019eau. Cette technique permet de conserver la fraicheur des fleurs et d\u2019offrir une composition pr\u00eate \u00e0 \u00eatre dispos\u00e9e. Sentiments et parfums m\u00e9lang\u00e9s pour une exp\u00e9rience unique.<\/p>\n","protected":false},"excerpt":{"rendered":"<p>C\u00e9l\u00e9brez la vie avec l&rsquo;Arrangement Rond roses multicolores. Une explosion de couleurs pour \u00e9gayer chaque coin de votre demeure. Les arrangements ronds sont compos\u00e9s \u00e0 partir de fleurs piqu\u00e9es dans une mousse florale imbib\u00e9e d\u2019eau. Cette technique permet de conserver la fraicheur des fleurs et d\u2019offrir une composition pr\u00eate \u00e0 \u00eatre dispos\u00e9e. Sentiments et parfums [&hellip;]<\/p>\n","protected":false},"featured_media":2342,"comment_status":"open","ping_status":"closed","template":"","meta":{"_acf_changed":false},"product_cat":[29,30],"product_tag":[],"class_list":{"0":"post-2341","1":"product","2":"type-product","3":"status-publish","4":"has-post-thumbnail","6":"product_cat-arrangements","7":"product_cat-rond-arrangements","9":"first","10":"instock","11":"taxable","12":"shipping-taxable","13":"purchasable","14":"product-type-simple"},"acf":[],"yoast_head":"<!-- This site is optimized with the Yoast SEO plugin v23.0 - https:\/\/yoast.com\/wordpress\/plugins\/seo\/ -->\n<title>Arrangement Floral Rond Roses Multicolores achat en ligne livr\u00e9 \u00e0 Gen\u00e8ve<\/title>\n<meta name=\"description\" content=\"Illuminez votre journ\u00e9e avec un Arrangement Rond roses multicolores. Vente en ligne, livraison fleurs Gen\u00e8ve. Explosion de couleurs garantie!\" \/>\n<meta name=\"robots\" content=\"index, follow, max-snippet:-1, max-image-preview:large, max-video-preview:-1\" \/>\n<link rel=\"canonical\" href=\"https:\/\/www.cotefleurs.ch\/fr\/acheter-en-ligne\/fleurs-coupees\/arrangements\/arrangements-ronds\/multicolore\/\" \/>\n<meta property=\"og:locale\" content=\"fr_FR\" \/>\n<meta property=\"og:type\" content=\"article\" \/>\n<meta property=\"og:title\" content=\"Arrangement Floral Rond Roses Multicolores achat en ligne livr\u00e9 \u00e0 Gen\u00e8ve\" \/>\n<meta property=\"og:description\" content=\"Illuminez votre journ\u00e9e avec un Arrangement Rond roses multicolores. Vente en ligne, livraison fleurs Gen\u00e8ve. Explosion de couleurs garantie!\" \/>\n<meta property=\"og:url\" content=\"https:\/\/www.cotefleurs.ch\/fr\/acheter-en-ligne\/fleurs-coupees\/arrangements\/arrangements-ronds\/multicolore\/\" \/>\n<meta property=\"og:site_name\" content=\"C\u00f4t\u00e9 fleurs\" \/>\n<meta property=\"article:modified_time\" content=\"2023-12-01T13:58:33+00:00\" \/>\n<meta property=\"og:image\" content=\"https:\/\/www.cotefleurs.ch\/wp-content\/uploads\/2023\/10\/Arrangement-rond-tout-en-roses-melangees.webp\" \/>\n\t<meta property=\"og:image:width\" content=\"1000\" \/>\n\t<meta property=\"og:image:height\" content=\"1000\" \/>\n\t<meta property=\"og:image:type\" content=\"image\/webp\" \/>\n<meta name=\"twitter:card\" content=\"summary_large_image\" \/>\n<meta name=\"twitter:label1\" content=\"Dur\u00e9e de lecture estim\u00e9e\" \/>\n\t<meta name=\"twitter:data1\" content=\"1 minute\" \/>\n<script type=\"application\/ld+json\" class=\"yoast-schema-graph\">{\"@context\":\"https:\/\/schema.org\",\"@graph\":[{\"@type\":\"WebPage\",\"@id\":\"https:\/\/www.cotefleurs.ch\/fr\/acheter-en-ligne\/fleurs-coupees\/arrangements\/arrangements-ronds\/multicolore\/\",\"url\":\"https:\/\/www.cotefleurs.ch\/fr\/acheter-en-ligne\/fleurs-coupees\/arrangements\/arrangements-ronds\/multicolore\/\",\"name\":\"Arrangement Floral Rond Roses Multicolores achat en ligne livr\u00e9 \u00e0 Gen\u00e8ve\",\"isPartOf\":{\"@id\":\"https:\/\/www.cotefleurs.ch\/fr\/#website\"},\"primaryImageOfPage\":{\"@id\":\"https:\/\/www.cotefleurs.ch\/fr\/acheter-en-ligne\/fleurs-coupees\/arrangements\/arrangements-ronds\/multicolore\/#primaryimage\"},\"image\":{\"@id\":\"https:\/\/www.cotefleurs.ch\/fr\/acheter-en-ligne\/fleurs-coupees\/arrangements\/arrangements-ronds\/multicolore\/#primaryimage\"},\"thumbnailUrl\":\"https:\/\/www.cotefleurs.ch\/wp-content\/uploads\/2023\/10\/Arrangement-rond-tout-en-roses-melangees.webp\",\"datePublished\":\"2023-10-06T15:33:36+00:00\",\"dateModified\":\"2023-12-01T13:58:33+00:00\",\"description\":\"Illuminez votre journ\u00e9e avec un Arrangement Rond roses multicolores. Vente en ligne, livraison fleurs Gen\u00e8ve. Explosion de couleurs garantie!\",\"breadcrumb\":{\"@id\":\"https:\/\/www.cotefleurs.ch\/fr\/acheter-en-ligne\/fleurs-coupees\/arrangements\/arrangements-ronds\/multicolore\/#breadcrumb\"},\"inLanguage\":\"fr-FR\",\"potentialAction\":[{\"@type\":\"ReadAction\",\"target\":[\"https:\/\/www.cotefleurs.ch\/fr\/acheter-en-ligne\/fleurs-coupees\/arrangements\/arrangements-ronds\/multicolore\/\"]}]},{\"@type\":\"ImageObject\",\"inLanguage\":\"fr-FR\",\"@id\":\"https:\/\/www.cotefleurs.ch\/fr\/acheter-en-ligne\/fleurs-coupees\/arrangements\/arrangements-ronds\/multicolore\/#primaryimage\",\"url\":\"https:\/\/www.cotefleurs.ch\/wp-content\/uploads\/2023\/10\/Arrangement-rond-tout-en-roses-melangees.webp\",\"contentUrl\":\"https:\/\/www.cotefleurs.ch\/wp-content\/uploads\/2023\/10\/Arrangement-rond-tout-en-roses-melangees.webp\",\"width\":1000,\"height\":1000,\"caption\":\"Arrangement floral rond tout en roses m\u00e9lang\u00e9es\"},{\"@type\":\"BreadcrumbList\",\"@id\":\"https:\/\/www.cotefleurs.ch\/fr\/acheter-en-ligne\/fleurs-coupees\/arrangements\/arrangements-ronds\/multicolore\/#breadcrumb\",\"itemListElement\":[{\"@type\":\"ListItem\",\"position\":1,\"name\":\"Home\",\"item\":\"https:\/\/www.cotefleurs.ch\/en\/\"},{\"@type\":\"ListItem\",\"position\":2,\"name\":\"Produits\",\"item\":\"https:\/\/www.cotefleurs.ch\/fr\/shop\/\"},{\"@type\":\"ListItem\",\"position\":3,\"name\":\"Arrangement floral rond de roses multicolores\"}]},{\"@type\":\"WebSite\",\"@id\":\"https:\/\/www.cotefleurs.ch\/fr\/#website\",\"url\":\"https:\/\/www.cotefleurs.ch\/fr\/\",\"name\":\"C\u00f4t\u00e9 fleurs\",\"description\":\"Fleuriste \u00e0 Gen\u00e8ve\",\"publisher\":{\"@id\":\"https:\/\/www.cotefleurs.ch\/fr\/#organization\"},\"potentialAction\":[{\"@type\":\"SearchAction\",\"target\":{\"@type\":\"EntryPoint\",\"urlTemplate\":\"https:\/\/www.cotefleurs.ch\/fr\/?s={search_term_string}\"},\"query-input\":\"required name=search_term_string\"}],\"inLanguage\":\"fr-FR\"},{\"@type\":\"Organization\",\"@id\":\"https:\/\/www.cotefleurs.ch\/fr\/#organization\",\"name\":\"C\u00f4t\u00e9 fleurs\",\"url\":\"https:\/\/www.cotefleurs.ch\/fr\/\",\"logo\":{\"@type\":\"ImageObject\",\"inLanguage\":\"fr-FR\",\"@id\":\"https:\/\/www.cotefleurs.ch\/fr\/#\/schema\/logo\/image\/\",\"url\":\"https:\/\/www.cotefleurs.ch\/wp-content\/uploads\/2023\/08\/logo-cote-fleurs-fleuriste-geneve-livraison-fleurs.webp\",\"contentUrl\":\"https:\/\/www.cotefleurs.ch\/wp-content\/uploads\/2023\/08\/logo-cote-fleurs-fleuriste-geneve-livraison-fleurs.webp\",\"width\":400,\"height\":400,\"caption\":\"C\u00f4t\u00e9 fleurs\"},\"image\":{\"@id\":\"https:\/\/www.cotefleurs.ch\/fr\/#\/schema\/logo\/image\/\"}}]}<\/script>\n<!-- \/ Yoast SEO plugin. -->","yoast_head_json":{"title":"Arrangement Floral Rond Roses Multicolores achat en ligne livr\u00e9 \u00e0 Gen\u00e8ve","description":"Illuminez votre journ\u00e9e avec un Arrangement Rond roses multicolores. Vente en ligne, livraison fleurs Gen\u00e8ve. Explosion de couleurs garantie!","robots":{"index":"index","follow":"follow","max-snippet":"max-snippet:-1","max-image-preview":"max-image-preview:large","max-video-preview":"max-video-preview:-1"},"canonical":"https:\/\/www.cotefleurs.ch\/fr\/acheter-en-ligne\/fleurs-coupees\/arrangements\/arrangements-ronds\/multicolore\/","og_locale":"fr_FR","og_type":"article","og_title":"Arrangement Floral Rond Roses Multicolores achat en ligne livr\u00e9 \u00e0 Gen\u00e8ve","og_description":"Illuminez votre journ\u00e9e avec un Arrangement Rond roses multicolores. Vente en ligne, livraison fleurs Gen\u00e8ve. Explosion de couleurs garantie!","og_url":"https:\/\/www.cotefleurs.ch\/fr\/acheter-en-ligne\/fleurs-coupees\/arrangements\/arrangements-ronds\/multicolore\/","og_site_name":"C\u00f4t\u00e9 fleurs","article_modified_time":"2023-12-01T13:58:33+00:00","og_image":[{"width":1000,"height":1000,"url":"https:\/\/www.cotefleurs.ch\/wp-content\/uploads\/2023\/10\/Arrangement-rond-tout-en-roses-melangees.webp","type":"image\/webp"}],"twitter_card":"summary_large_image","twitter_misc":{"Dur\u00e9e de lecture estim\u00e9e":"1 minute"},"schema":{"@context":"https:\/\/schema.org","@graph":[{"@type":"WebPage","@id":"https:\/\/www.cotefleurs.ch\/fr\/acheter-en-ligne\/fleurs-coupees\/arrangements\/arrangements-ronds\/multicolore\/","url":"https:\/\/www.cotefleurs.ch\/fr\/acheter-en-ligne\/fleurs-coupees\/arrangements\/arrangements-ronds\/multicolore\/","name":"Arrangement Floral Rond Roses Multicolores achat en ligne livr\u00e9 \u00e0 Gen\u00e8ve","isPartOf":{"@id":"https:\/\/www.cotefleurs.ch\/fr\/#website"},"primaryImageOfPage":{"@id":"https:\/\/www.cotefleurs.ch\/fr\/acheter-en-ligne\/fleurs-coupees\/arrangements\/arrangements-ronds\/multicolore\/#primaryimage"},"image":{"@id":"https:\/\/www.cotefleurs.ch\/fr\/acheter-en-ligne\/fleurs-coupees\/arrangements\/arrangements-ronds\/multicolore\/#primaryimage"},"thumbnailUrl":"https:\/\/www.cotefleurs.ch\/wp-content\/uploads\/2023\/10\/Arrangement-rond-tout-en-roses-melangees.webp","datePublished":"2023-10-06T15:33:36+00:00","dateModified":"2023-12-01T13:58:33+00:00","description":"Illuminez votre journ\u00e9e avec un Arrangement Rond roses multicolores. Vente en ligne, livraison fleurs Gen\u00e8ve. Explosion de couleurs garantie!","breadcrumb":{"@id":"https:\/\/www.cotefleurs.ch\/fr\/acheter-en-ligne\/fleurs-coupees\/arrangements\/arrangements-ronds\/multicolore\/#breadcrumb"},"inLanguage":"fr-FR","potentialAction":[{"@type":"ReadAction","target":["https:\/\/www.cotefleurs.ch\/fr\/acheter-en-ligne\/fleurs-coupees\/arrangements\/arrangements-ronds\/multicolore\/"]}]},{"@type":"ImageObject","inLanguage":"fr-FR","@id":"https:\/\/www.cotefleurs.ch\/fr\/acheter-en-ligne\/fleurs-coupees\/arrangements\/arrangements-ronds\/multicolore\/#primaryimage","url":"https:\/\/www.cotefleurs.ch\/wp-content\/uploads\/2023\/10\/Arrangement-rond-tout-en-roses-melangees.webp","contentUrl":"https:\/\/www.cotefleurs.ch\/wp-content\/uploads\/2023\/10\/Arrangement-rond-tout-en-roses-melangees.webp","width":1000,"height":1000,"caption":"Arrangement floral rond tout en roses m\u00e9lang\u00e9es"},{"@type":"BreadcrumbList","@id":"https:\/\/www.cotefleurs.ch\/fr\/acheter-en-ligne\/fleurs-coupees\/arrangements\/arrangements-ronds\/multicolore\/#breadcrumb","itemListElement":[{"@type":"ListItem","position":1,"name":"Home","item":"https:\/\/www.cotefleurs.ch\/en\/"},{"@type":"ListItem","position":2,"name":"Produits","item":"https:\/\/www.cotefleurs.ch\/fr\/shop\/"},{"@type":"ListItem","position":3,"name":"Arrangement floral rond de roses multicolores"}]},{"@type":"WebSite","@id":"https:\/\/www.cotefleurs.ch\/fr\/#website","url":"https:\/\/www.cotefleurs.ch\/fr\/","name":"C\u00f4t\u00e9 fleurs","description":"Fleuriste \u00e0 Gen\u00e8ve","publisher":{"@id":"https:\/\/www.cotefleurs.ch\/fr\/#organization"},"potentialAction":[{"@type":"SearchAction","target":{"@type":"EntryPoint","urlTemplate":"https:\/\/www.cotefleurs.ch\/fr\/?s={search_term_string}"},"query-input":"required name=search_term_string"}],"inLanguage":"fr-FR"},{"@type":"Organization","@id":"https:\/\/www.cotefleurs.ch\/fr\/#organization","name":"C\u00f4t\u00e9 fleurs","url":"https:\/\/www.cotefleurs.ch\/fr\/","logo":{"@type":"ImageObject","inLanguage":"fr-FR","@id":"https:\/\/www.cotefleurs.ch\/fr\/#\/schema\/logo\/image\/","url":"https:\/\/www.cotefleurs.ch\/wp-content\/uploads\/2023\/08\/logo-cote-fleurs-fleuriste-geneve-livraison-fleurs.webp","contentUrl":"https:\/\/www.cotefleurs.ch\/wp-content\/uploads\/2023\/08\/logo-cote-fleurs-fleuriste-geneve-livraison-fleurs.webp","width":400,"height":400,"caption":"C\u00f4t\u00e9 fleurs"},"image":{"@id":"https:\/\/www.cotefleurs.ch\/fr\/#\/schema\/logo\/image\/"}}]}},"_links":{"self":[{"href":"https:\/\/www.cotefleurs.ch\/fr\/wp-json\/wp\/v2\/product\/2341","targetHints":{"allow":["GET"]}}],"collection":[{"href":"https:\/\/www.cotefleurs.ch\/fr\/wp-json\/wp\/v2\/product"}],"about":[{"href":"https:\/\/www.cotefleurs.ch\/fr\/wp-json\/wp\/v2\/types\/product"}],"replies":[{"embeddable":true,"href":"https:\/\/www.cotefleurs.ch\/fr\/wp-json\/wp\/v2\/comments?post=2341"}],"version-history":[{"count":8,"href":"https:\/\/www.cotefleurs.ch\/fr\/wp-json\/wp\/v2\/product\/2341\/revisions"}],"predecessor-version":[{"id":4116,"href":"https:\/\/www.cotefleurs.ch\/fr\/wp-json\/wp\/v2\/product\/2341\/revisions\/4116"}],"wp:featuredmedia":[{"embeddable":true,"href":"https:\/\/www.cotefleurs.ch\/fr\/wp-json\/wp\/v2\/media\/2342"}],"wp:attachment":[{"href":"https:\/\/www.cotefleurs.ch\/fr\/wp-json\/wp\/v2\/media?parent=2341"}],"wp:term":[{"taxonomy":"product_cat","embeddable":true,"href":"https:\/\/www.cotefleurs.ch\/fr\/wp-json\/wp\/v2\/product_cat?post=2341"},{"taxonomy":"product_tag","embeddable":true,"href":"https:\/\/www.cotefleurs.ch\/fr\/wp-json\/wp\/v2\/product_tag?post=2341"}],"curies":[{"name":"wp","href":"https:\/\/api.w.org\/{rel}","templated":true}]}}