{"id":2204,"date":"2023-10-05T09:38:06","date_gmt":"2023-10-05T09:38:06","guid":{"rendered":"https:\/\/www.cotefleurs.ch\/?post_type=product&#038;p=2204"},"modified":"2023-11-07T17:03:10","modified_gmt":"2023-11-07T17:03:10","slug":"arrangement-paysage-allonge-multicolore","status":"publish","type":"product","link":"https:\/\/www.cotefleurs.ch\/fr\/acheter-en-ligne\/fleurs-coupees\/arrangements\/arrangements-paysages\/multicolore\/","title":{"rendered":"Arrangement floral paysag\u00e9 allong\u00e9 multicolore"},"content":{"rendered":"<p>Dynamisez votre espace avec l&rsquo;Arrangement paysag\u00e9 allong\u00e9 multicolore. Un arc-en-ciel floral pour stimuler vos \u00e9motions et embellir chaque jour. Tr\u00e8s original, cet arrangement repr\u00e9sente un petit jardin en miniature. Les fleurs sont piqu\u00e9es dans une mousse florale imbib\u00e9e d\u2019eau, \u00e0 l\u2019int\u00e9rieur d\u2019un contenant g\u00e9n\u00e9ralement carr\u00e9e ou ovale.<\/p>\n","protected":false},"excerpt":{"rendered":"<p>Dynamisez votre espace avec l&rsquo;Arrangement paysag\u00e9 allong\u00e9 multicolore. Un arc-en-ciel floral pour stimuler vos \u00e9motions et embellir chaque jour. Tr\u00e8s original, cet arrangement repr\u00e9sente un petit jardin en miniature. Les fleurs sont piqu\u00e9es dans une mousse florale imbib\u00e9e d\u2019eau, \u00e0 l\u2019int\u00e9rieur d\u2019un contenant g\u00e9n\u00e9ralement carr\u00e9e ou ovale.<\/p>\n","protected":false},"featured_media":2205,"comment_status":"open","ping_status":"closed","template":"","meta":{"_acf_changed":false},"product_cat":[29,31],"product_tag":[],"class_list":{"0":"post-2204","1":"product","2":"type-product","3":"status-publish","4":"has-post-thumbnail","6":"product_cat-arrangements","7":"product_cat-paysage","9":"first","10":"instock","11":"taxable","12":"shipping-taxable","13":"purchasable","14":"product-type-simple"},"acf":[],"yoast_head":"<!-- This site is optimized with the Yoast SEO plugin v23.0 - https:\/\/yoast.com\/wordpress\/plugins\/seo\/ -->\n<title>Arrangement Floral Multicolore Allong\u00e9 Fleuriste en Ligne Gen\u00e8ve<\/title>\n<meta name=\"description\" content=\"Ajoutez de la couleur avec notre Arrangement paysag\u00e9 allong\u00e9 multicolore. Livraison fleurs Gen\u00e8ve, commande en ligne. Un arc-en-ciel de sensations!\" \/>\n<meta name=\"robots\" content=\"index, follow, max-snippet:-1, max-image-preview:large, max-video-preview:-1\" \/>\n<link rel=\"canonical\" href=\"https:\/\/www.cotefleurs.ch\/fr\/acheter-en-ligne\/fleurs-coupees\/arrangements\/arrangements-paysages\/multicolore\/\" \/>\n<meta property=\"og:locale\" content=\"fr_FR\" \/>\n<meta property=\"og:type\" content=\"article\" \/>\n<meta property=\"og:title\" content=\"Arrangement Floral Multicolore Allong\u00e9 Fleuriste en Ligne Gen\u00e8ve\" \/>\n<meta property=\"og:description\" content=\"Ajoutez de la couleur avec notre Arrangement paysag\u00e9 allong\u00e9 multicolore. Livraison fleurs Gen\u00e8ve, commande en ligne. Un arc-en-ciel de sensations!\" \/>\n<meta property=\"og:url\" content=\"https:\/\/www.cotefleurs.ch\/fr\/acheter-en-ligne\/fleurs-coupees\/arrangements\/arrangements-paysages\/multicolore\/\" \/>\n<meta property=\"og:site_name\" content=\"C\u00f4t\u00e9 fleurs\" \/>\n<meta property=\"article:modified_time\" content=\"2023-11-07T17:03:10+00:00\" \/>\n<meta property=\"og:image\" content=\"https:\/\/www.cotefleurs.ch\/wp-content\/uploads\/2023\/10\/arrangement-paysagC-allongC-multi-color-100-CHF-copie.webp\" \/>\n\t<meta property=\"og:image:width\" content=\"1000\" \/>\n\t<meta property=\"og:image:height\" content=\"1000\" \/>\n\t<meta property=\"og:image:type\" content=\"image\/webp\" \/>\n<meta name=\"twitter:card\" content=\"summary_large_image\" \/>\n<meta name=\"twitter:label1\" content=\"Dur\u00e9e de lecture estim\u00e9e\" \/>\n\t<meta name=\"twitter:data1\" content=\"1 minute\" \/>\n<script type=\"application\/ld+json\" class=\"yoast-schema-graph\">{\"@context\":\"https:\/\/schema.org\",\"@graph\":[{\"@type\":\"WebPage\",\"@id\":\"https:\/\/www.cotefleurs.ch\/fr\/acheter-en-ligne\/fleurs-coupees\/arrangements\/arrangements-paysages\/multicolore\/\",\"url\":\"https:\/\/www.cotefleurs.ch\/fr\/acheter-en-ligne\/fleurs-coupees\/arrangements\/arrangements-paysages\/multicolore\/\",\"name\":\"Arrangement Floral Multicolore Allong\u00e9 Fleuriste en Ligne Gen\u00e8ve\",\"isPartOf\":{\"@id\":\"https:\/\/www.cotefleurs.ch\/fr\/#website\"},\"primaryImageOfPage\":{\"@id\":\"https:\/\/www.cotefleurs.ch\/fr\/acheter-en-ligne\/fleurs-coupees\/arrangements\/arrangements-paysages\/multicolore\/#primaryimage\"},\"image\":{\"@id\":\"https:\/\/www.cotefleurs.ch\/fr\/acheter-en-ligne\/fleurs-coupees\/arrangements\/arrangements-paysages\/multicolore\/#primaryimage\"},\"thumbnailUrl\":\"https:\/\/www.cotefleurs.ch\/wp-content\/uploads\/2023\/10\/arrangement-paysagC-allongC-multi-color-100-CHF-copie.webp\",\"datePublished\":\"2023-10-05T09:38:06+00:00\",\"dateModified\":\"2023-11-07T17:03:10+00:00\",\"description\":\"Ajoutez de la couleur avec notre Arrangement paysag\u00e9 allong\u00e9 multicolore. Livraison fleurs Gen\u00e8ve, commande en ligne. Un arc-en-ciel de sensations!\",\"breadcrumb\":{\"@id\":\"https:\/\/www.cotefleurs.ch\/fr\/acheter-en-ligne\/fleurs-coupees\/arrangements\/arrangements-paysages\/multicolore\/#breadcrumb\"},\"inLanguage\":\"fr-FR\",\"potentialAction\":[{\"@type\":\"ReadAction\",\"target\":[\"https:\/\/www.cotefleurs.ch\/fr\/acheter-en-ligne\/fleurs-coupees\/arrangements\/arrangements-paysages\/multicolore\/\"]}]},{\"@type\":\"ImageObject\",\"inLanguage\":\"fr-FR\",\"@id\":\"https:\/\/www.cotefleurs.ch\/fr\/acheter-en-ligne\/fleurs-coupees\/arrangements\/arrangements-paysages\/multicolore\/#primaryimage\",\"url\":\"https:\/\/www.cotefleurs.ch\/wp-content\/uploads\/2023\/10\/arrangement-paysagC-allongC-multi-color-100-CHF-copie.webp\",\"contentUrl\":\"https:\/\/www.cotefleurs.ch\/wp-content\/uploads\/2023\/10\/arrangement-paysagC-allongC-multi-color-100-CHF-copie.webp\",\"width\":1000,\"height\":1000,\"caption\":\"Arrangement floral paysag\u00e9 allong\u00e9 multicolore\"},{\"@type\":\"BreadcrumbList\",\"@id\":\"https:\/\/www.cotefleurs.ch\/fr\/acheter-en-ligne\/fleurs-coupees\/arrangements\/arrangements-paysages\/multicolore\/#breadcrumb\",\"itemListElement\":[{\"@type\":\"ListItem\",\"position\":1,\"name\":\"Home\",\"item\":\"https:\/\/www.cotefleurs.ch\/en\/\"},{\"@type\":\"ListItem\",\"position\":2,\"name\":\"Produits\",\"item\":\"https:\/\/www.cotefleurs.ch\/fr\/shop\/\"},{\"@type\":\"ListItem\",\"position\":3,\"name\":\"Arrangement floral paysag\u00e9 allong\u00e9 multicolore\"}]},{\"@type\":\"WebSite\",\"@id\":\"https:\/\/www.cotefleurs.ch\/fr\/#website\",\"url\":\"https:\/\/www.cotefleurs.ch\/fr\/\",\"name\":\"C\u00f4t\u00e9 fleurs\",\"description\":\"Fleuriste \u00e0 Gen\u00e8ve\",\"publisher\":{\"@id\":\"https:\/\/www.cotefleurs.ch\/fr\/#organization\"},\"potentialAction\":[{\"@type\":\"SearchAction\",\"target\":{\"@type\":\"EntryPoint\",\"urlTemplate\":\"https:\/\/www.cotefleurs.ch\/fr\/?s={search_term_string}\"},\"query-input\":\"required name=search_term_string\"}],\"inLanguage\":\"fr-FR\"},{\"@type\":\"Organization\",\"@id\":\"https:\/\/www.cotefleurs.ch\/fr\/#organization\",\"name\":\"C\u00f4t\u00e9 fleurs\",\"url\":\"https:\/\/www.cotefleurs.ch\/fr\/\",\"logo\":{\"@type\":\"ImageObject\",\"inLanguage\":\"fr-FR\",\"@id\":\"https:\/\/www.cotefleurs.ch\/fr\/#\/schema\/logo\/image\/\",\"url\":\"https:\/\/www.cotefleurs.ch\/wp-content\/uploads\/2023\/08\/logo-cote-fleurs-fleuriste-geneve-livraison-fleurs.webp\",\"contentUrl\":\"https:\/\/www.cotefleurs.ch\/wp-content\/uploads\/2023\/08\/logo-cote-fleurs-fleuriste-geneve-livraison-fleurs.webp\",\"width\":400,\"height\":400,\"caption\":\"C\u00f4t\u00e9 fleurs\"},\"image\":{\"@id\":\"https:\/\/www.cotefleurs.ch\/fr\/#\/schema\/logo\/image\/\"}}]}<\/script>\n<!-- \/ Yoast SEO plugin. -->","yoast_head_json":{"title":"Arrangement Floral Multicolore Allong\u00e9 Fleuriste en Ligne Gen\u00e8ve","description":"Ajoutez de la couleur avec notre Arrangement paysag\u00e9 allong\u00e9 multicolore. Livraison fleurs Gen\u00e8ve, commande en ligne. Un arc-en-ciel de sensations!","robots":{"index":"index","follow":"follow","max-snippet":"max-snippet:-1","max-image-preview":"max-image-preview:large","max-video-preview":"max-video-preview:-1"},"canonical":"https:\/\/www.cotefleurs.ch\/fr\/acheter-en-ligne\/fleurs-coupees\/arrangements\/arrangements-paysages\/multicolore\/","og_locale":"fr_FR","og_type":"article","og_title":"Arrangement Floral Multicolore Allong\u00e9 Fleuriste en Ligne Gen\u00e8ve","og_description":"Ajoutez de la couleur avec notre Arrangement paysag\u00e9 allong\u00e9 multicolore. Livraison fleurs Gen\u00e8ve, commande en ligne. Un arc-en-ciel de sensations!","og_url":"https:\/\/www.cotefleurs.ch\/fr\/acheter-en-ligne\/fleurs-coupees\/arrangements\/arrangements-paysages\/multicolore\/","og_site_name":"C\u00f4t\u00e9 fleurs","article_modified_time":"2023-11-07T17:03:10+00:00","og_image":[{"width":1000,"height":1000,"url":"https:\/\/www.cotefleurs.ch\/wp-content\/uploads\/2023\/10\/arrangement-paysagC-allongC-multi-color-100-CHF-copie.webp","type":"image\/webp"}],"twitter_card":"summary_large_image","twitter_misc":{"Dur\u00e9e de lecture estim\u00e9e":"1 minute"},"schema":{"@context":"https:\/\/schema.org","@graph":[{"@type":"WebPage","@id":"https:\/\/www.cotefleurs.ch\/fr\/acheter-en-ligne\/fleurs-coupees\/arrangements\/arrangements-paysages\/multicolore\/","url":"https:\/\/www.cotefleurs.ch\/fr\/acheter-en-ligne\/fleurs-coupees\/arrangements\/arrangements-paysages\/multicolore\/","name":"Arrangement Floral Multicolore Allong\u00e9 Fleuriste en Ligne Gen\u00e8ve","isPartOf":{"@id":"https:\/\/www.cotefleurs.ch\/fr\/#website"},"primaryImageOfPage":{"@id":"https:\/\/www.cotefleurs.ch\/fr\/acheter-en-ligne\/fleurs-coupees\/arrangements\/arrangements-paysages\/multicolore\/#primaryimage"},"image":{"@id":"https:\/\/www.cotefleurs.ch\/fr\/acheter-en-ligne\/fleurs-coupees\/arrangements\/arrangements-paysages\/multicolore\/#primaryimage"},"thumbnailUrl":"https:\/\/www.cotefleurs.ch\/wp-content\/uploads\/2023\/10\/arrangement-paysagC-allongC-multi-color-100-CHF-copie.webp","datePublished":"2023-10-05T09:38:06+00:00","dateModified":"2023-11-07T17:03:10+00:00","description":"Ajoutez de la couleur avec notre Arrangement paysag\u00e9 allong\u00e9 multicolore. Livraison fleurs Gen\u00e8ve, commande en ligne. Un arc-en-ciel de sensations!","breadcrumb":{"@id":"https:\/\/www.cotefleurs.ch\/fr\/acheter-en-ligne\/fleurs-coupees\/arrangements\/arrangements-paysages\/multicolore\/#breadcrumb"},"inLanguage":"fr-FR","potentialAction":[{"@type":"ReadAction","target":["https:\/\/www.cotefleurs.ch\/fr\/acheter-en-ligne\/fleurs-coupees\/arrangements\/arrangements-paysages\/multicolore\/"]}]},{"@type":"ImageObject","inLanguage":"fr-FR","@id":"https:\/\/www.cotefleurs.ch\/fr\/acheter-en-ligne\/fleurs-coupees\/arrangements\/arrangements-paysages\/multicolore\/#primaryimage","url":"https:\/\/www.cotefleurs.ch\/wp-content\/uploads\/2023\/10\/arrangement-paysagC-allongC-multi-color-100-CHF-copie.webp","contentUrl":"https:\/\/www.cotefleurs.ch\/wp-content\/uploads\/2023\/10\/arrangement-paysagC-allongC-multi-color-100-CHF-copie.webp","width":1000,"height":1000,"caption":"Arrangement floral paysag\u00e9 allong\u00e9 multicolore"},{"@type":"BreadcrumbList","@id":"https:\/\/www.cotefleurs.ch\/fr\/acheter-en-ligne\/fleurs-coupees\/arrangements\/arrangements-paysages\/multicolore\/#breadcrumb","itemListElement":[{"@type":"ListItem","position":1,"name":"Home","item":"https:\/\/www.cotefleurs.ch\/en\/"},{"@type":"ListItem","position":2,"name":"Produits","item":"https:\/\/www.cotefleurs.ch\/fr\/shop\/"},{"@type":"ListItem","position":3,"name":"Arrangement floral paysag\u00e9 allong\u00e9 multicolore"}]},{"@type":"WebSite","@id":"https:\/\/www.cotefleurs.ch\/fr\/#website","url":"https:\/\/www.cotefleurs.ch\/fr\/","name":"C\u00f4t\u00e9 fleurs","description":"Fleuriste \u00e0 Gen\u00e8ve","publisher":{"@id":"https:\/\/www.cotefleurs.ch\/fr\/#organization"},"potentialAction":[{"@type":"SearchAction","target":{"@type":"EntryPoint","urlTemplate":"https:\/\/www.cotefleurs.ch\/fr\/?s={search_term_string}"},"query-input":"required name=search_term_string"}],"inLanguage":"fr-FR"},{"@type":"Organization","@id":"https:\/\/www.cotefleurs.ch\/fr\/#organization","name":"C\u00f4t\u00e9 fleurs","url":"https:\/\/www.cotefleurs.ch\/fr\/","logo":{"@type":"ImageObject","inLanguage":"fr-FR","@id":"https:\/\/www.cotefleurs.ch\/fr\/#\/schema\/logo\/image\/","url":"https:\/\/www.cotefleurs.ch\/wp-content\/uploads\/2023\/08\/logo-cote-fleurs-fleuriste-geneve-livraison-fleurs.webp","contentUrl":"https:\/\/www.cotefleurs.ch\/wp-content\/uploads\/2023\/08\/logo-cote-fleurs-fleuriste-geneve-livraison-fleurs.webp","width":400,"height":400,"caption":"C\u00f4t\u00e9 fleurs"},"image":{"@id":"https:\/\/www.cotefleurs.ch\/fr\/#\/schema\/logo\/image\/"}}]}},"_links":{"self":[{"href":"https:\/\/www.cotefleurs.ch\/fr\/wp-json\/wp\/v2\/product\/2204","targetHints":{"allow":["GET"]}}],"collection":[{"href":"https:\/\/www.cotefleurs.ch\/fr\/wp-json\/wp\/v2\/product"}],"about":[{"href":"https:\/\/www.cotefleurs.ch\/fr\/wp-json\/wp\/v2\/types\/product"}],"replies":[{"embeddable":true,"href":"https:\/\/www.cotefleurs.ch\/fr\/wp-json\/wp\/v2\/comments?post=2204"}],"version-history":[{"count":4,"href":"https:\/\/www.cotefleurs.ch\/fr\/wp-json\/wp\/v2\/product\/2204\/revisions"}],"predecessor-version":[{"id":4008,"href":"https:\/\/www.cotefleurs.ch\/fr\/wp-json\/wp\/v2\/product\/2204\/revisions\/4008"}],"wp:featuredmedia":[{"embeddable":true,"href":"https:\/\/www.cotefleurs.ch\/fr\/wp-json\/wp\/v2\/media\/2205"}],"wp:attachment":[{"href":"https:\/\/www.cotefleurs.ch\/fr\/wp-json\/wp\/v2\/media?parent=2204"}],"wp:term":[{"taxonomy":"product_cat","embeddable":true,"href":"https:\/\/www.cotefleurs.ch\/fr\/wp-json\/wp\/v2\/product_cat?post=2204"},{"taxonomy":"product_tag","embeddable":true,"href":"https:\/\/www.cotefleurs.ch\/fr\/wp-json\/wp\/v2\/product_tag?post=2204"}],"curies":[{"name":"wp","href":"https:\/\/api.w.org\/{rel}","templated":true}]}}