{"id":22,"date":"2023-08-10T08:31:03","date_gmt":"2023-08-10T08:31:03","guid":{"rendered":"https:\/\/www.cotefleurs.ch\/?post_type=product&#038;p=22"},"modified":"2024-03-07T08:49:50","modified_gmt":"2024-03-07T08:49:50","slug":"bouquet-rond-blanc","status":"publish","type":"product","link":"https:\/\/www.cotefleurs.ch\/fr\/acheter-en-ligne\/fleurs-coupees\/bouquets-melanges\/bouquets-ronds\/blanc-et-vert\/","title":{"rendered":"Bouquet de fleurs rond blanc"},"content":{"rendered":"<p>Nos Bouquets Ronds de couleur blanche sont une v\u00e9ritable ode \u00e0 la puret\u00e9 et \u00e0 l&rsquo;\u00e9l\u00e9gance. Chaque fleur a \u00e9t\u00e9 soigneusement s\u00e9lectionn\u00e9e pour transformer votre espace en un havre de paix. Leur forme arrondie est tr\u00e8s appr\u00e9ci\u00e9e de nos clients. Apportez de la fra\u00eecheur dans votre logement avec ces magnifiques cr\u00e9ations florales. Disponibles pour une livraison rapide et efficace dans la journ\u00e9e sur Gen\u00e8ve, vous n&rsquo;\u00eates qu&rsquo;\u00e0 un clic de respirer la beaut\u00e9 naturelle!<\/p>\n","protected":false},"excerpt":{"rendered":"<p>Nos Bouquets Ronds de couleur blanche sont une v\u00e9ritable ode \u00e0 la puret\u00e9 et \u00e0 l&rsquo;\u00e9l\u00e9gance. Chaque fleur a \u00e9t\u00e9 soigneusement s\u00e9lectionn\u00e9e pour transformer votre espace en un havre de paix. Leur forme arrondie est tr\u00e8s appr\u00e9ci\u00e9e de nos clients. Apportez de la fra\u00eecheur dans votre logement avec ces magnifiques cr\u00e9ations florales. Disponibles pour une [&hellip;]<\/p>\n","protected":false},"featured_media":2151,"comment_status":"open","ping_status":"closed","template":"","meta":{"_acf_changed":false},"product_cat":[18,19],"product_tag":[],"class_list":{"0":"post-22","1":"product","2":"type-product","3":"status-publish","4":"has-post-thumbnail","6":"product_cat-bouquets-melanges","7":"product_cat-rond","9":"first","10":"instock","11":"taxable","12":"shipping-taxable","13":"purchasable","14":"product-type-simple"},"acf":[],"yoast_head":"<!-- This site is optimized with the Yoast SEO plugin v23.0 - https:\/\/yoast.com\/wordpress\/plugins\/seo\/ -->\n<title>Achat de bouquet de fleurs blanches - Fleuriste Gen\u00e8ve<\/title>\n<meta name=\"description\" content=\"Achetez en ligne des bouquets de fleurs ronds blancs \u00e9l\u00e9gants. Fleuriste \u00e0 Gen\u00e8ve avec livraison dans la journ\u00e9e.\" \/>\n<meta name=\"robots\" content=\"index, follow, max-snippet:-1, max-image-preview:large, max-video-preview:-1\" \/>\n<link rel=\"canonical\" href=\"https:\/\/www.cotefleurs.ch\/fr\/acheter-en-ligne\/fleurs-coupees\/bouquets-melanges\/bouquets-ronds\/blanc-et-vert\/\" \/>\n<meta property=\"og:locale\" content=\"fr_FR\" \/>\n<meta property=\"og:type\" content=\"article\" \/>\n<meta property=\"og:title\" content=\"Achat de bouquet de fleurs blanches - Fleuriste Gen\u00e8ve\" \/>\n<meta property=\"og:description\" content=\"Achetez en ligne des bouquets de fleurs ronds blancs \u00e9l\u00e9gants. Fleuriste \u00e0 Gen\u00e8ve avec livraison dans la journ\u00e9e.\" \/>\n<meta property=\"og:url\" content=\"https:\/\/www.cotefleurs.ch\/fr\/acheter-en-ligne\/fleurs-coupees\/bouquets-melanges\/bouquets-ronds\/blanc-et-vert\/\" \/>\n<meta property=\"og:site_name\" content=\"C\u00f4t\u00e9 fleurs\" \/>\n<meta property=\"article:modified_time\" content=\"2024-03-07T08:49:50+00:00\" \/>\n<meta property=\"og:image\" content=\"https:\/\/www.cotefleurs.ch\/wp-content\/uploads\/2023\/08\/4-Bqt-rond-blanc-80-CHF-copie.webp\" \/>\n\t<meta property=\"og:image:width\" content=\"1000\" \/>\n\t<meta property=\"og:image:height\" content=\"1000\" \/>\n\t<meta property=\"og:image:type\" content=\"image\/webp\" \/>\n<meta name=\"twitter:card\" content=\"summary_large_image\" \/>\n<meta name=\"twitter:label1\" content=\"Dur\u00e9e de lecture estim\u00e9e\" \/>\n\t<meta name=\"twitter:data1\" content=\"1 minute\" \/>\n<script type=\"application\/ld+json\" class=\"yoast-schema-graph\">{\"@context\":\"https:\/\/schema.org\",\"@graph\":[{\"@type\":\"WebPage\",\"@id\":\"https:\/\/www.cotefleurs.ch\/fr\/acheter-en-ligne\/fleurs-coupees\/bouquets-melanges\/bouquets-ronds\/blanc-et-vert\/\",\"url\":\"https:\/\/www.cotefleurs.ch\/fr\/acheter-en-ligne\/fleurs-coupees\/bouquets-melanges\/bouquets-ronds\/blanc-et-vert\/\",\"name\":\"Achat de bouquet de fleurs blanches - Fleuriste Gen\u00e8ve\",\"isPartOf\":{\"@id\":\"https:\/\/www.cotefleurs.ch\/fr\/#website\"},\"primaryImageOfPage\":{\"@id\":\"https:\/\/www.cotefleurs.ch\/fr\/acheter-en-ligne\/fleurs-coupees\/bouquets-melanges\/bouquets-ronds\/blanc-et-vert\/#primaryimage\"},\"image\":{\"@id\":\"https:\/\/www.cotefleurs.ch\/fr\/acheter-en-ligne\/fleurs-coupees\/bouquets-melanges\/bouquets-ronds\/blanc-et-vert\/#primaryimage\"},\"thumbnailUrl\":\"https:\/\/www.cotefleurs.ch\/wp-content\/uploads\/2023\/08\/4-Bqt-rond-blanc-80-CHF-copie.webp\",\"datePublished\":\"2023-08-10T08:31:03+00:00\",\"dateModified\":\"2024-03-07T08:49:50+00:00\",\"description\":\"Achetez en ligne des bouquets de fleurs ronds blancs \u00e9l\u00e9gants. Fleuriste \u00e0 Gen\u00e8ve avec livraison dans la journ\u00e9e.\",\"breadcrumb\":{\"@id\":\"https:\/\/www.cotefleurs.ch\/fr\/acheter-en-ligne\/fleurs-coupees\/bouquets-melanges\/bouquets-ronds\/blanc-et-vert\/#breadcrumb\"},\"inLanguage\":\"fr-FR\",\"potentialAction\":[{\"@type\":\"ReadAction\",\"target\":[\"https:\/\/www.cotefleurs.ch\/fr\/acheter-en-ligne\/fleurs-coupees\/bouquets-melanges\/bouquets-ronds\/blanc-et-vert\/\"]}]},{\"@type\":\"ImageObject\",\"inLanguage\":\"fr-FR\",\"@id\":\"https:\/\/www.cotefleurs.ch\/fr\/acheter-en-ligne\/fleurs-coupees\/bouquets-melanges\/bouquets-ronds\/blanc-et-vert\/#primaryimage\",\"url\":\"https:\/\/www.cotefleurs.ch\/wp-content\/uploads\/2023\/08\/4-Bqt-rond-blanc-80-CHF-copie.webp\",\"contentUrl\":\"https:\/\/www.cotefleurs.ch\/wp-content\/uploads\/2023\/08\/4-Bqt-rond-blanc-80-CHF-copie.webp\",\"width\":1000,\"height\":1000,\"caption\":\"Bouquet de fleurs rond blanc\"},{\"@type\":\"BreadcrumbList\",\"@id\":\"https:\/\/www.cotefleurs.ch\/fr\/acheter-en-ligne\/fleurs-coupees\/bouquets-melanges\/bouquets-ronds\/blanc-et-vert\/#breadcrumb\",\"itemListElement\":[{\"@type\":\"ListItem\",\"position\":1,\"name\":\"Home\",\"item\":\"https:\/\/www.cotefleurs.ch\/en\/\"},{\"@type\":\"ListItem\",\"position\":2,\"name\":\"Produits\",\"item\":\"https:\/\/www.cotefleurs.ch\/fr\/shop\/\"},{\"@type\":\"ListItem\",\"position\":3,\"name\":\"Bouquet de fleurs rond blanc\"}]},{\"@type\":\"WebSite\",\"@id\":\"https:\/\/www.cotefleurs.ch\/fr\/#website\",\"url\":\"https:\/\/www.cotefleurs.ch\/fr\/\",\"name\":\"C\u00f4t\u00e9 fleurs\",\"description\":\"Fleuriste \u00e0 Gen\u00e8ve\",\"publisher\":{\"@id\":\"https:\/\/www.cotefleurs.ch\/fr\/#organization\"},\"potentialAction\":[{\"@type\":\"SearchAction\",\"target\":{\"@type\":\"EntryPoint\",\"urlTemplate\":\"https:\/\/www.cotefleurs.ch\/fr\/?s={search_term_string}\"},\"query-input\":\"required name=search_term_string\"}],\"inLanguage\":\"fr-FR\"},{\"@type\":\"Organization\",\"@id\":\"https:\/\/www.cotefleurs.ch\/fr\/#organization\",\"name\":\"C\u00f4t\u00e9 fleurs\",\"url\":\"https:\/\/www.cotefleurs.ch\/fr\/\",\"logo\":{\"@type\":\"ImageObject\",\"inLanguage\":\"fr-FR\",\"@id\":\"https:\/\/www.cotefleurs.ch\/fr\/#\/schema\/logo\/image\/\",\"url\":\"https:\/\/www.cotefleurs.ch\/wp-content\/uploads\/2023\/08\/logo-cote-fleurs-fleuriste-geneve-livraison-fleurs.webp\",\"contentUrl\":\"https:\/\/www.cotefleurs.ch\/wp-content\/uploads\/2023\/08\/logo-cote-fleurs-fleuriste-geneve-livraison-fleurs.webp\",\"width\":400,\"height\":400,\"caption\":\"C\u00f4t\u00e9 fleurs\"},\"image\":{\"@id\":\"https:\/\/www.cotefleurs.ch\/fr\/#\/schema\/logo\/image\/\"}}]}<\/script>\n<!-- \/ Yoast SEO plugin. -->","yoast_head_json":{"title":"Achat de bouquet de fleurs blanches - Fleuriste Gen\u00e8ve","description":"Achetez en ligne des bouquets de fleurs ronds blancs \u00e9l\u00e9gants. Fleuriste \u00e0 Gen\u00e8ve avec livraison dans la journ\u00e9e.","robots":{"index":"index","follow":"follow","max-snippet":"max-snippet:-1","max-image-preview":"max-image-preview:large","max-video-preview":"max-video-preview:-1"},"canonical":"https:\/\/www.cotefleurs.ch\/fr\/acheter-en-ligne\/fleurs-coupees\/bouquets-melanges\/bouquets-ronds\/blanc-et-vert\/","og_locale":"fr_FR","og_type":"article","og_title":"Achat de bouquet de fleurs blanches - Fleuriste Gen\u00e8ve","og_description":"Achetez en ligne des bouquets de fleurs ronds blancs \u00e9l\u00e9gants. Fleuriste \u00e0 Gen\u00e8ve avec livraison dans la journ\u00e9e.","og_url":"https:\/\/www.cotefleurs.ch\/fr\/acheter-en-ligne\/fleurs-coupees\/bouquets-melanges\/bouquets-ronds\/blanc-et-vert\/","og_site_name":"C\u00f4t\u00e9 fleurs","article_modified_time":"2024-03-07T08:49:50+00:00","og_image":[{"width":1000,"height":1000,"url":"https:\/\/www.cotefleurs.ch\/wp-content\/uploads\/2023\/08\/4-Bqt-rond-blanc-80-CHF-copie.webp","type":"image\/webp"}],"twitter_card":"summary_large_image","twitter_misc":{"Dur\u00e9e de lecture estim\u00e9e":"1 minute"},"schema":{"@context":"https:\/\/schema.org","@graph":[{"@type":"WebPage","@id":"https:\/\/www.cotefleurs.ch\/fr\/acheter-en-ligne\/fleurs-coupees\/bouquets-melanges\/bouquets-ronds\/blanc-et-vert\/","url":"https:\/\/www.cotefleurs.ch\/fr\/acheter-en-ligne\/fleurs-coupees\/bouquets-melanges\/bouquets-ronds\/blanc-et-vert\/","name":"Achat de bouquet de fleurs blanches - Fleuriste Gen\u00e8ve","isPartOf":{"@id":"https:\/\/www.cotefleurs.ch\/fr\/#website"},"primaryImageOfPage":{"@id":"https:\/\/www.cotefleurs.ch\/fr\/acheter-en-ligne\/fleurs-coupees\/bouquets-melanges\/bouquets-ronds\/blanc-et-vert\/#primaryimage"},"image":{"@id":"https:\/\/www.cotefleurs.ch\/fr\/acheter-en-ligne\/fleurs-coupees\/bouquets-melanges\/bouquets-ronds\/blanc-et-vert\/#primaryimage"},"thumbnailUrl":"https:\/\/www.cotefleurs.ch\/wp-content\/uploads\/2023\/08\/4-Bqt-rond-blanc-80-CHF-copie.webp","datePublished":"2023-08-10T08:31:03+00:00","dateModified":"2024-03-07T08:49:50+00:00","description":"Achetez en ligne des bouquets de fleurs ronds blancs \u00e9l\u00e9gants. Fleuriste \u00e0 Gen\u00e8ve avec livraison dans la journ\u00e9e.","breadcrumb":{"@id":"https:\/\/www.cotefleurs.ch\/fr\/acheter-en-ligne\/fleurs-coupees\/bouquets-melanges\/bouquets-ronds\/blanc-et-vert\/#breadcrumb"},"inLanguage":"fr-FR","potentialAction":[{"@type":"ReadAction","target":["https:\/\/www.cotefleurs.ch\/fr\/acheter-en-ligne\/fleurs-coupees\/bouquets-melanges\/bouquets-ronds\/blanc-et-vert\/"]}]},{"@type":"ImageObject","inLanguage":"fr-FR","@id":"https:\/\/www.cotefleurs.ch\/fr\/acheter-en-ligne\/fleurs-coupees\/bouquets-melanges\/bouquets-ronds\/blanc-et-vert\/#primaryimage","url":"https:\/\/www.cotefleurs.ch\/wp-content\/uploads\/2023\/08\/4-Bqt-rond-blanc-80-CHF-copie.webp","contentUrl":"https:\/\/www.cotefleurs.ch\/wp-content\/uploads\/2023\/08\/4-Bqt-rond-blanc-80-CHF-copie.webp","width":1000,"height":1000,"caption":"Bouquet de fleurs rond blanc"},{"@type":"BreadcrumbList","@id":"https:\/\/www.cotefleurs.ch\/fr\/acheter-en-ligne\/fleurs-coupees\/bouquets-melanges\/bouquets-ronds\/blanc-et-vert\/#breadcrumb","itemListElement":[{"@type":"ListItem","position":1,"name":"Home","item":"https:\/\/www.cotefleurs.ch\/en\/"},{"@type":"ListItem","position":2,"name":"Produits","item":"https:\/\/www.cotefleurs.ch\/fr\/shop\/"},{"@type":"ListItem","position":3,"name":"Bouquet de fleurs rond blanc"}]},{"@type":"WebSite","@id":"https:\/\/www.cotefleurs.ch\/fr\/#website","url":"https:\/\/www.cotefleurs.ch\/fr\/","name":"C\u00f4t\u00e9 fleurs","description":"Fleuriste \u00e0 Gen\u00e8ve","publisher":{"@id":"https:\/\/www.cotefleurs.ch\/fr\/#organization"},"potentialAction":[{"@type":"SearchAction","target":{"@type":"EntryPoint","urlTemplate":"https:\/\/www.cotefleurs.ch\/fr\/?s={search_term_string}"},"query-input":"required name=search_term_string"}],"inLanguage":"fr-FR"},{"@type":"Organization","@id":"https:\/\/www.cotefleurs.ch\/fr\/#organization","name":"C\u00f4t\u00e9 fleurs","url":"https:\/\/www.cotefleurs.ch\/fr\/","logo":{"@type":"ImageObject","inLanguage":"fr-FR","@id":"https:\/\/www.cotefleurs.ch\/fr\/#\/schema\/logo\/image\/","url":"https:\/\/www.cotefleurs.ch\/wp-content\/uploads\/2023\/08\/logo-cote-fleurs-fleuriste-geneve-livraison-fleurs.webp","contentUrl":"https:\/\/www.cotefleurs.ch\/wp-content\/uploads\/2023\/08\/logo-cote-fleurs-fleuriste-geneve-livraison-fleurs.webp","width":400,"height":400,"caption":"C\u00f4t\u00e9 fleurs"},"image":{"@id":"https:\/\/www.cotefleurs.ch\/fr\/#\/schema\/logo\/image\/"}}]}},"_links":{"self":[{"href":"https:\/\/www.cotefleurs.ch\/fr\/wp-json\/wp\/v2\/product\/22","targetHints":{"allow":["GET"]}}],"collection":[{"href":"https:\/\/www.cotefleurs.ch\/fr\/wp-json\/wp\/v2\/product"}],"about":[{"href":"https:\/\/www.cotefleurs.ch\/fr\/wp-json\/wp\/v2\/types\/product"}],"replies":[{"embeddable":true,"href":"https:\/\/www.cotefleurs.ch\/fr\/wp-json\/wp\/v2\/comments?post=22"}],"version-history":[{"count":10,"href":"https:\/\/www.cotefleurs.ch\/fr\/wp-json\/wp\/v2\/product\/22\/revisions"}],"predecessor-version":[{"id":4468,"href":"https:\/\/www.cotefleurs.ch\/fr\/wp-json\/wp\/v2\/product\/22\/revisions\/4468"}],"wp:featuredmedia":[{"embeddable":true,"href":"https:\/\/www.cotefleurs.ch\/fr\/wp-json\/wp\/v2\/media\/2151"}],"wp:attachment":[{"href":"https:\/\/www.cotefleurs.ch\/fr\/wp-json\/wp\/v2\/media?parent=22"}],"wp:term":[{"taxonomy":"product_cat","embeddable":true,"href":"https:\/\/www.cotefleurs.ch\/fr\/wp-json\/wp\/v2\/product_cat?post=22"},{"taxonomy":"product_tag","embeddable":true,"href":"https:\/\/www.cotefleurs.ch\/fr\/wp-json\/wp\/v2\/product_tag?post=22"}],"curies":[{"name":"wp","href":"https:\/\/api.w.org\/{rel}","templated":true}]}}