{"id":110,"date":"2023-08-10T08:32:23","date_gmt":"2023-08-10T08:32:23","guid":{"rendered":"https:\/\/www.cotefleurs.ch\/?post_type=product&#038;p=110"},"modified":"2023-11-07T17:12:42","modified_gmt":"2023-11-07T17:12:42","slug":"carte-cadeau","status":"publish","type":"product","link":"https:\/\/www.cotefleurs.ch\/fr\/gift-certificates\/","title":{"rendered":"Carte Cadeau"},"content":{"rendered":"\t\t<div data-elementor-type=\"product-post\" data-elementor-id=\"110\" class=\"elementor elementor-110\" data-elementor-post-type=\"product\">\n\t\t\t\t\t\t<section class=\"elementor-section elementor-top-section elementor-element elementor-element-347045c elementor-section-boxed elementor-section-height-default elementor-section-height-default\" data-id=\"347045c\" data-element_type=\"section\" data-settings=\"{&quot;background_background&quot;:&quot;classic&quot;}\">\n\t\t\t\t\t\t\t<div class=\"elementor-background-overlay\"><\/div>\n\t\t\t\t\t\t\t<div class=\"elementor-container elementor-column-gap-default\">\n\t\t\t\t\t<div class=\"elementor-column elementor-col-100 elementor-top-column elementor-element elementor-element-829b843\" data-id=\"829b843\" data-element_type=\"column\">\n\t\t\t<div class=\"elementor-widget-wrap elementor-element-populated\">\n\t\t\t\t\t\t<div class=\"elementor-element elementor-element-f15b9b6 elementor-widget elementor-widget-woocommerce-product-content\" data-id=\"f15b9b6\" data-element_type=\"widget\" data-widget_type=\"woocommerce-product-content.default\">\n\t\t\t\t<div class=\"elementor-widget-container\">\n\t\t\t<link rel=\"stylesheet\" href=\"https:\/\/www.cotefleurs.ch\/wp-content\/plugins\/elementor-pro\/assets\/css\/widget-woocommerce.min.css?ver=1721637327\">\t\t<div data-elementor-type=\"product-post\" data-elementor-id=\"110\" class=\"elementor elementor-110\" data-elementor-post-type=\"product\">\n\t\t\t\t\t\t<section class=\"elementor-section elementor-top-section elementor-element elementor-element-347045c elementor-section-boxed elementor-section-height-default elementor-section-height-default\" data-id=\"347045c\" data-element_type=\"section\" data-settings=\"{&quot;background_background&quot;:&quot;classic&quot;}\">\n\t\t\t\t\t\t\t<div class=\"elementor-background-overlay\"><\/div>\n\t\t\t\t\t\t\t<div class=\"elementor-container elementor-column-gap-default\">\n\t\t\t\t\t<div class=\"elementor-column elementor-col-100 elementor-top-column elementor-element elementor-element-829b843\" data-id=\"829b843\" data-element_type=\"column\">\n\t\t\t<div class=\"elementor-widget-wrap elementor-element-populated\">\n\t\t\t\t\t\t<div class=\"elementor-element elementor-element-b16893e elementor-widget elementor-widget-html\" data-id=\"b16893e\" data-element_type=\"widget\" data-widget_type=\"html.default\">\n\t\t\t\t<div class=\"elementor-widget-container\">\n\t\t\t<style>\n    .elementor-element-bfb9069, .elementor-element-942f47f, .elementor-element-cf03446, .elementor-element-b0f6548 {\n        display: none !important;\n    }\n<\/style>\t\t<\/div>\n\t\t\t\t<\/div>\n\t\t\t\t\t<\/div>\n\t\t<\/div>\n\t\t\t\t\t<\/div>\n\t\t<\/section>\n\t\t\t\t<\/div>\n\t\t\t\t<\/div>\n\t\t\t\t<\/div>\n\t\t\t\t<div class=\"elementor-element elementor-element-b16893e elementor-widget elementor-widget-html\" data-id=\"b16893e\" data-element_type=\"widget\" data-widget_type=\"html.default\">\n\t\t\t\t<div class=\"elementor-widget-container\">\n\t\t\t<style>\n    .elementor-element-bfb9069, .elementor-element-942f47f, .elementor-element-cf03446, .elementor-element-b0f6548 {\n        display: none !important;\n    }\n<\/style>\t\t<\/div>\n\t\t\t\t<\/div>\n\t\t\t\t\t<\/div>\n\t\t<\/div>\n\t\t\t\t\t<\/div>\n\t\t<\/section>\n\t\t\t\t<\/div>\n\t\t","protected":false},"excerpt":{"rendered":"","protected":false},"featured_media":2753,"comment_status":"open","ping_status":"closed","template":"","meta":{"_acf_changed":false},"product_cat":[73],"product_tag":[],"class_list":{"0":"post-110","1":"product","2":"type-product","3":"status-publish","4":"has-post-thumbnail","6":"product_cat-wps_wgm_giftcard","7":"product_shipping_class-carte_cadeau","9":"first","10":"instock","11":"purchasable","12":"product-type-wgm_gift_card"},"acf":[],"yoast_head":"<!-- This site is optimized with the Yoast SEO plugin v23.0 - https:\/\/yoast.com\/wordpress\/plugins\/seo\/ -->\n<title>Carte cadeau pour bon d&#039;achat de fleurs \u00e0 Gen\u00e8ve<\/title>\n<meta name=\"description\" content=\"Offrez une carte cadeau \u00e0 vos proches pour leur permettre d&#039;acheter des fleurs dans notre boutique \u00e0 Gen\u00e8ve. C\u00f4t\u00e9 Fleurs, votre fleuriste \u00e0 Gen\u00e8ve.\" \/>\n<meta name=\"robots\" content=\"index, follow, max-snippet:-1, max-image-preview:large, max-video-preview:-1\" \/>\n<link rel=\"canonical\" href=\"https:\/\/www.cotefleurs.ch\/fr\/gift-certificates\/\" \/>\n<meta property=\"og:locale\" content=\"fr_FR\" \/>\n<meta property=\"og:type\" content=\"article\" \/>\n<meta property=\"og:title\" content=\"Carte cadeau pour bon d&#039;achat de fleurs \u00e0 Gen\u00e8ve\" \/>\n<meta property=\"og:description\" content=\"Offrez une carte cadeau \u00e0 vos proches pour leur permettre d&#039;acheter des fleurs dans notre boutique \u00e0 Gen\u00e8ve. C\u00f4t\u00e9 Fleurs, votre fleuriste \u00e0 Gen\u00e8ve.\" \/>\n<meta property=\"og:url\" content=\"https:\/\/www.cotefleurs.ch\/fr\/gift-certificates\/\" \/>\n<meta property=\"og:site_name\" content=\"C\u00f4t\u00e9 fleurs\" \/>\n<meta property=\"article:modified_time\" content=\"2023-11-07T17:12:42+00:00\" \/>\n<meta property=\"og:image\" content=\"https:\/\/www.cotefleurs.ch\/wp-content\/uploads\/2023\/08\/Capture-decran-2023-10-17-a-16.22.02.png\" \/>\n\t<meta property=\"og:image:width\" content=\"1454\" \/>\n\t<meta property=\"og:image:height\" content=\"1640\" \/>\n\t<meta property=\"og:image:type\" content=\"image\/png\" \/>\n<meta name=\"twitter:card\" content=\"summary_large_image\" \/>\n<script type=\"application\/ld+json\" class=\"yoast-schema-graph\">{\"@context\":\"https:\/\/schema.org\",\"@graph\":[{\"@type\":\"WebPage\",\"@id\":\"https:\/\/www.cotefleurs.ch\/fr\/gift-certificates\/\",\"url\":\"https:\/\/www.cotefleurs.ch\/fr\/gift-certificates\/\",\"name\":\"Carte cadeau pour bon d'achat de fleurs \u00e0 Gen\u00e8ve\",\"isPartOf\":{\"@id\":\"https:\/\/www.cotefleurs.ch\/fr\/#website\"},\"primaryImageOfPage\":{\"@id\":\"https:\/\/www.cotefleurs.ch\/fr\/gift-certificates\/#primaryimage\"},\"image\":{\"@id\":\"https:\/\/www.cotefleurs.ch\/fr\/gift-certificates\/#primaryimage\"},\"thumbnailUrl\":\"https:\/\/www.cotefleurs.ch\/wp-content\/uploads\/2023\/08\/Capture-decran-2023-10-17-a-16.22.02.png\",\"datePublished\":\"2023-08-10T08:32:23+00:00\",\"dateModified\":\"2023-11-07T17:12:42+00:00\",\"description\":\"Offrez une carte cadeau \u00e0 vos proches pour leur permettre d'acheter des fleurs dans notre boutique \u00e0 Gen\u00e8ve. C\u00f4t\u00e9 Fleurs, votre fleuriste \u00e0 Gen\u00e8ve.\",\"breadcrumb\":{\"@id\":\"https:\/\/www.cotefleurs.ch\/fr\/gift-certificates\/#breadcrumb\"},\"inLanguage\":\"fr-FR\",\"potentialAction\":[{\"@type\":\"ReadAction\",\"target\":[\"https:\/\/www.cotefleurs.ch\/fr\/gift-certificates\/\"]}]},{\"@type\":\"ImageObject\",\"inLanguage\":\"fr-FR\",\"@id\":\"https:\/\/www.cotefleurs.ch\/fr\/gift-certificates\/#primaryimage\",\"url\":\"https:\/\/www.cotefleurs.ch\/wp-content\/uploads\/2023\/08\/Capture-decran-2023-10-17-a-16.22.02.png\",\"contentUrl\":\"https:\/\/www.cotefleurs.ch\/wp-content\/uploads\/2023\/08\/Capture-decran-2023-10-17-a-16.22.02.png\",\"width\":1454,\"height\":1640},{\"@type\":\"BreadcrumbList\",\"@id\":\"https:\/\/www.cotefleurs.ch\/fr\/gift-certificates\/#breadcrumb\",\"itemListElement\":[{\"@type\":\"ListItem\",\"position\":1,\"name\":\"Home\",\"item\":\"https:\/\/www.cotefleurs.ch\/en\/\"},{\"@type\":\"ListItem\",\"position\":2,\"name\":\"Produits\",\"item\":\"https:\/\/www.cotefleurs.ch\/fr\/shop\/\"},{\"@type\":\"ListItem\",\"position\":3,\"name\":\"Carte Cadeau\"}]},{\"@type\":\"WebSite\",\"@id\":\"https:\/\/www.cotefleurs.ch\/fr\/#website\",\"url\":\"https:\/\/www.cotefleurs.ch\/fr\/\",\"name\":\"C\u00f4t\u00e9 fleurs\",\"description\":\"Fleuriste \u00e0 Gen\u00e8ve\",\"publisher\":{\"@id\":\"https:\/\/www.cotefleurs.ch\/fr\/#organization\"},\"potentialAction\":[{\"@type\":\"SearchAction\",\"target\":{\"@type\":\"EntryPoint\",\"urlTemplate\":\"https:\/\/www.cotefleurs.ch\/fr\/?s={search_term_string}\"},\"query-input\":\"required name=search_term_string\"}],\"inLanguage\":\"fr-FR\"},{\"@type\":\"Organization\",\"@id\":\"https:\/\/www.cotefleurs.ch\/fr\/#organization\",\"name\":\"C\u00f4t\u00e9 fleurs\",\"url\":\"https:\/\/www.cotefleurs.ch\/fr\/\",\"logo\":{\"@type\":\"ImageObject\",\"inLanguage\":\"fr-FR\",\"@id\":\"https:\/\/www.cotefleurs.ch\/fr\/#\/schema\/logo\/image\/\",\"url\":\"https:\/\/www.cotefleurs.ch\/wp-content\/uploads\/2023\/08\/logo-cote-fleurs-fleuriste-geneve-livraison-fleurs.webp\",\"contentUrl\":\"https:\/\/www.cotefleurs.ch\/wp-content\/uploads\/2023\/08\/logo-cote-fleurs-fleuriste-geneve-livraison-fleurs.webp\",\"width\":400,\"height\":400,\"caption\":\"C\u00f4t\u00e9 fleurs\"},\"image\":{\"@id\":\"https:\/\/www.cotefleurs.ch\/fr\/#\/schema\/logo\/image\/\"}}]}<\/script>\n<!-- \/ Yoast SEO plugin. -->","yoast_head_json":{"title":"Carte cadeau pour bon d'achat de fleurs \u00e0 Gen\u00e8ve","description":"Offrez une carte cadeau \u00e0 vos proches pour leur permettre d'acheter des fleurs dans notre boutique \u00e0 Gen\u00e8ve. C\u00f4t\u00e9 Fleurs, votre fleuriste \u00e0 Gen\u00e8ve.","robots":{"index":"index","follow":"follow","max-snippet":"max-snippet:-1","max-image-preview":"max-image-preview:large","max-video-preview":"max-video-preview:-1"},"canonical":"https:\/\/www.cotefleurs.ch\/fr\/gift-certificates\/","og_locale":"fr_FR","og_type":"article","og_title":"Carte cadeau pour bon d'achat de fleurs \u00e0 Gen\u00e8ve","og_description":"Offrez une carte cadeau \u00e0 vos proches pour leur permettre d'acheter des fleurs dans notre boutique \u00e0 Gen\u00e8ve. C\u00f4t\u00e9 Fleurs, votre fleuriste \u00e0 Gen\u00e8ve.","og_url":"https:\/\/www.cotefleurs.ch\/fr\/gift-certificates\/","og_site_name":"C\u00f4t\u00e9 fleurs","article_modified_time":"2023-11-07T17:12:42+00:00","og_image":[{"width":1454,"height":1640,"url":"https:\/\/www.cotefleurs.ch\/wp-content\/uploads\/2023\/08\/Capture-decran-2023-10-17-a-16.22.02.png","type":"image\/png"}],"twitter_card":"summary_large_image","schema":{"@context":"https:\/\/schema.org","@graph":[{"@type":"WebPage","@id":"https:\/\/www.cotefleurs.ch\/fr\/gift-certificates\/","url":"https:\/\/www.cotefleurs.ch\/fr\/gift-certificates\/","name":"Carte cadeau pour bon d'achat de fleurs \u00e0 Gen\u00e8ve","isPartOf":{"@id":"https:\/\/www.cotefleurs.ch\/fr\/#website"},"primaryImageOfPage":{"@id":"https:\/\/www.cotefleurs.ch\/fr\/gift-certificates\/#primaryimage"},"image":{"@id":"https:\/\/www.cotefleurs.ch\/fr\/gift-certificates\/#primaryimage"},"thumbnailUrl":"https:\/\/www.cotefleurs.ch\/wp-content\/uploads\/2023\/08\/Capture-decran-2023-10-17-a-16.22.02.png","datePublished":"2023-08-10T08:32:23+00:00","dateModified":"2023-11-07T17:12:42+00:00","description":"Offrez une carte cadeau \u00e0 vos proches pour leur permettre d'acheter des fleurs dans notre boutique \u00e0 Gen\u00e8ve. C\u00f4t\u00e9 Fleurs, votre fleuriste \u00e0 Gen\u00e8ve.","breadcrumb":{"@id":"https:\/\/www.cotefleurs.ch\/fr\/gift-certificates\/#breadcrumb"},"inLanguage":"fr-FR","potentialAction":[{"@type":"ReadAction","target":["https:\/\/www.cotefleurs.ch\/fr\/gift-certificates\/"]}]},{"@type":"ImageObject","inLanguage":"fr-FR","@id":"https:\/\/www.cotefleurs.ch\/fr\/gift-certificates\/#primaryimage","url":"https:\/\/www.cotefleurs.ch\/wp-content\/uploads\/2023\/08\/Capture-decran-2023-10-17-a-16.22.02.png","contentUrl":"https:\/\/www.cotefleurs.ch\/wp-content\/uploads\/2023\/08\/Capture-decran-2023-10-17-a-16.22.02.png","width":1454,"height":1640},{"@type":"BreadcrumbList","@id":"https:\/\/www.cotefleurs.ch\/fr\/gift-certificates\/#breadcrumb","itemListElement":[{"@type":"ListItem","position":1,"name":"Home","item":"https:\/\/www.cotefleurs.ch\/en\/"},{"@type":"ListItem","position":2,"name":"Produits","item":"https:\/\/www.cotefleurs.ch\/fr\/shop\/"},{"@type":"ListItem","position":3,"name":"Carte Cadeau"}]},{"@type":"WebSite","@id":"https:\/\/www.cotefleurs.ch\/fr\/#website","url":"https:\/\/www.cotefleurs.ch\/fr\/","name":"C\u00f4t\u00e9 fleurs","description":"Fleuriste \u00e0 Gen\u00e8ve","publisher":{"@id":"https:\/\/www.cotefleurs.ch\/fr\/#organization"},"potentialAction":[{"@type":"SearchAction","target":{"@type":"EntryPoint","urlTemplate":"https:\/\/www.cotefleurs.ch\/fr\/?s={search_term_string}"},"query-input":"required name=search_term_string"}],"inLanguage":"fr-FR"},{"@type":"Organization","@id":"https:\/\/www.cotefleurs.ch\/fr\/#organization","name":"C\u00f4t\u00e9 fleurs","url":"https:\/\/www.cotefleurs.ch\/fr\/","logo":{"@type":"ImageObject","inLanguage":"fr-FR","@id":"https:\/\/www.cotefleurs.ch\/fr\/#\/schema\/logo\/image\/","url":"https:\/\/www.cotefleurs.ch\/wp-content\/uploads\/2023\/08\/logo-cote-fleurs-fleuriste-geneve-livraison-fleurs.webp","contentUrl":"https:\/\/www.cotefleurs.ch\/wp-content\/uploads\/2023\/08\/logo-cote-fleurs-fleuriste-geneve-livraison-fleurs.webp","width":400,"height":400,"caption":"C\u00f4t\u00e9 fleurs"},"image":{"@id":"https:\/\/www.cotefleurs.ch\/fr\/#\/schema\/logo\/image\/"}}]}},"_links":{"self":[{"href":"https:\/\/www.cotefleurs.ch\/fr\/wp-json\/wp\/v2\/product\/110","targetHints":{"allow":["GET"]}}],"collection":[{"href":"https:\/\/www.cotefleurs.ch\/fr\/wp-json\/wp\/v2\/product"}],"about":[{"href":"https:\/\/www.cotefleurs.ch\/fr\/wp-json\/wp\/v2\/types\/product"}],"replies":[{"embeddable":true,"href":"https:\/\/www.cotefleurs.ch\/fr\/wp-json\/wp\/v2\/comments?post=110"}],"version-history":[{"count":21,"href":"https:\/\/www.cotefleurs.ch\/fr\/wp-json\/wp\/v2\/product\/110\/revisions"}],"predecessor-version":[{"id":2756,"href":"https:\/\/www.cotefleurs.ch\/fr\/wp-json\/wp\/v2\/product\/110\/revisions\/2756"}],"wp:featuredmedia":[{"embeddable":true,"href":"https:\/\/www.cotefleurs.ch\/fr\/wp-json\/wp\/v2\/media\/2753"}],"wp:attachment":[{"href":"https:\/\/www.cotefleurs.ch\/fr\/wp-json\/wp\/v2\/media?parent=110"}],"wp:term":[{"taxonomy":"product_cat","embeddable":true,"href":"https:\/\/www.cotefleurs.ch\/fr\/wp-json\/wp\/v2\/product_cat?post=110"},{"taxonomy":"product_tag","embeddable":true,"href":"https:\/\/www.cotefleurs.ch\/fr\/wp-json\/wp\/v2\/product_tag?post=110"}],"curies":[{"name":"wp","href":"https:\/\/api.w.org\/{rel}","templated":true}]}}