{"id":106,"date":"2023-08-10T08:32:22","date_gmt":"2023-08-10T08:32:22","guid":{"rendered":"https:\/\/www.cotefleurs.ch\/?post_type=product&#038;p=106"},"modified":"2023-10-25T14:31:51","modified_gmt":"2023-10-25T14:31:51","slug":"orchidees-rose-bellissimo","status":"publish","type":"product","link":"https:\/\/www.cotefleurs.ch\/fr\/acheter-en-ligne\/orchidees\/orchidees-roses\/bellissimo\/","title":{"rendered":"Orchid\u00e9es rose bellissimo"},"content":{"rendered":"<p>S\u00e9duisez vos sens avec les Orchid\u00e9es Rose Belissimo, une s\u00e9lection exclusive aux nuances d\u00e9licates. Parfaites pour apporter une ambiance romantique \u00e0 votre int\u00e9rieur. L\u2019orchid\u00e9e est une fleur allong\u00e9e \u00e0 la beaut\u00e9 majestueuse qui en fait le cadeau parfait pour exprimer ses sentiments. Faites-vous plaisir, la beaut\u00e9 et la fra\u00eecheur de Gen\u00e8ve peuvent \u00eatre \u00e0 votre porte en un clic.<\/p>\n","protected":false},"excerpt":{"rendered":"<p>S\u00e9duisez vos sens avec les Orchid\u00e9es Rose Belissimo, une s\u00e9lection exclusive aux nuances d\u00e9licates. Parfaites pour apporter une ambiance romantique \u00e0 votre int\u00e9rieur. L\u2019orchid\u00e9e est une fleur allong\u00e9e \u00e0 la beaut\u00e9 majestueuse qui en fait le cadeau parfait pour exprimer ses sentiments. Faites-vous plaisir, la beaut\u00e9 et la fra\u00eecheur de Gen\u00e8ve peuvent \u00eatre \u00e0 votre [&hellip;]<\/p>\n","protected":false},"featured_media":2291,"comment_status":"open","ping_status":"closed","template":"","meta":{"_acf_changed":false},"product_cat":[33,71,43],"product_tag":[],"class_list":{"0":"post-106","1":"product","2":"type-product","3":"status-publish","4":"has-post-thumbnail","6":"product_cat-orchidees","7":"product_cat-produit-boutique","8":"product_cat-rose-orchidees","10":"first","11":"instock","12":"taxable","13":"shipping-taxable","14":"purchasable","15":"product-type-simple"},"acf":[],"yoast_head":"<!-- This site is optimized with the Yoast SEO plugin v23.0 - https:\/\/yoast.com\/wordpress\/plugins\/seo\/ -->\n<title>Magnifiques Orchid\u00e9es Rose Belissimo - C\u00f4t\u00e9 Fleurs Gen\u00e8ve<\/title>\n<meta name=\"description\" content=\"Ajoutez une touche de beaut\u00e9 avec nos Orchid\u00e9es Rose Belissimo. Fleuriste Gen\u00e8ve offrant des options de livraison flexible. Achetez maintenant!\" \/>\n<meta name=\"robots\" content=\"index, follow, max-snippet:-1, max-image-preview:large, max-video-preview:-1\" \/>\n<link rel=\"canonical\" href=\"https:\/\/www.cotefleurs.ch\/fr\/acheter-en-ligne\/orchidees\/orchidees-roses\/bellissimo\/\" \/>\n<meta property=\"og:locale\" content=\"fr_FR\" \/>\n<meta property=\"og:type\" content=\"article\" \/>\n<meta property=\"og:title\" content=\"Magnifiques Orchid\u00e9es Rose Belissimo - C\u00f4t\u00e9 Fleurs Gen\u00e8ve\" \/>\n<meta property=\"og:description\" content=\"Ajoutez une touche de beaut\u00e9 avec nos Orchid\u00e9es Rose Belissimo. Fleuriste Gen\u00e8ve offrant des options de livraison flexible. Achetez maintenant!\" \/>\n<meta property=\"og:url\" content=\"https:\/\/www.cotefleurs.ch\/fr\/acheter-en-ligne\/orchidees\/orchidees-roses\/bellissimo\/\" \/>\n<meta property=\"og:site_name\" content=\"C\u00f4t\u00e9 fleurs\" \/>\n<meta property=\"article:modified_time\" content=\"2023-10-25T14:31:51+00:00\" \/>\n<meta property=\"og:image\" content=\"https:\/\/www.cotefleurs.ch\/wp-content\/uploads\/2023\/08\/52-Bellissimo-Rose-135-CHF-copie.webp\" \/>\n\t<meta property=\"og:image:width\" content=\"1000\" \/>\n\t<meta property=\"og:image:height\" content=\"1000\" \/>\n\t<meta property=\"og:image:type\" content=\"image\/webp\" \/>\n<meta name=\"twitter:card\" content=\"summary_large_image\" \/>\n<meta name=\"twitter:label1\" content=\"Dur\u00e9e de lecture estim\u00e9e\" \/>\n\t<meta name=\"twitter:data1\" content=\"1 minute\" \/>\n<script type=\"application\/ld+json\" class=\"yoast-schema-graph\">{\"@context\":\"https:\/\/schema.org\",\"@graph\":[{\"@type\":\"WebPage\",\"@id\":\"https:\/\/www.cotefleurs.ch\/fr\/acheter-en-ligne\/orchidees\/orchidees-roses\/bellissimo\/\",\"url\":\"https:\/\/www.cotefleurs.ch\/fr\/acheter-en-ligne\/orchidees\/orchidees-roses\/bellissimo\/\",\"name\":\"Magnifiques Orchid\u00e9es Rose Belissimo - C\u00f4t\u00e9 Fleurs Gen\u00e8ve\",\"isPartOf\":{\"@id\":\"https:\/\/www.cotefleurs.ch\/fr\/#website\"},\"primaryImageOfPage\":{\"@id\":\"https:\/\/www.cotefleurs.ch\/fr\/acheter-en-ligne\/orchidees\/orchidees-roses\/bellissimo\/#primaryimage\"},\"image\":{\"@id\":\"https:\/\/www.cotefleurs.ch\/fr\/acheter-en-ligne\/orchidees\/orchidees-roses\/bellissimo\/#primaryimage\"},\"thumbnailUrl\":\"https:\/\/www.cotefleurs.ch\/wp-content\/uploads\/2023\/08\/52-Bellissimo-Rose-135-CHF-copie.webp\",\"datePublished\":\"2023-08-10T08:32:22+00:00\",\"dateModified\":\"2023-10-25T14:31:51+00:00\",\"description\":\"Ajoutez une touche de beaut\u00e9 avec nos Orchid\u00e9es Rose Belissimo. Fleuriste Gen\u00e8ve offrant des options de livraison flexible. Achetez maintenant!\",\"breadcrumb\":{\"@id\":\"https:\/\/www.cotefleurs.ch\/fr\/acheter-en-ligne\/orchidees\/orchidees-roses\/bellissimo\/#breadcrumb\"},\"inLanguage\":\"fr-FR\",\"potentialAction\":[{\"@type\":\"ReadAction\",\"target\":[\"https:\/\/www.cotefleurs.ch\/fr\/acheter-en-ligne\/orchidees\/orchidees-roses\/bellissimo\/\"]}]},{\"@type\":\"ImageObject\",\"inLanguage\":\"fr-FR\",\"@id\":\"https:\/\/www.cotefleurs.ch\/fr\/acheter-en-ligne\/orchidees\/orchidees-roses\/bellissimo\/#primaryimage\",\"url\":\"https:\/\/www.cotefleurs.ch\/wp-content\/uploads\/2023\/08\/52-Bellissimo-Rose-135-CHF-copie.webp\",\"contentUrl\":\"https:\/\/www.cotefleurs.ch\/wp-content\/uploads\/2023\/08\/52-Bellissimo-Rose-135-CHF-copie.webp\",\"width\":1000,\"height\":1000,\"caption\":\"Orchid\u00e9es Bellissimo Rose\"},{\"@type\":\"BreadcrumbList\",\"@id\":\"https:\/\/www.cotefleurs.ch\/fr\/acheter-en-ligne\/orchidees\/orchidees-roses\/bellissimo\/#breadcrumb\",\"itemListElement\":[{\"@type\":\"ListItem\",\"position\":1,\"name\":\"Home\",\"item\":\"https:\/\/www.cotefleurs.ch\/en\/\"},{\"@type\":\"ListItem\",\"position\":2,\"name\":\"Produits\",\"item\":\"https:\/\/www.cotefleurs.ch\/fr\/shop\/\"},{\"@type\":\"ListItem\",\"position\":3,\"name\":\"Orchid\u00e9es rose bellissimo\"}]},{\"@type\":\"WebSite\",\"@id\":\"https:\/\/www.cotefleurs.ch\/fr\/#website\",\"url\":\"https:\/\/www.cotefleurs.ch\/fr\/\",\"name\":\"C\u00f4t\u00e9 fleurs\",\"description\":\"Fleuriste \u00e0 Gen\u00e8ve\",\"publisher\":{\"@id\":\"https:\/\/www.cotefleurs.ch\/fr\/#organization\"},\"potentialAction\":[{\"@type\":\"SearchAction\",\"target\":{\"@type\":\"EntryPoint\",\"urlTemplate\":\"https:\/\/www.cotefleurs.ch\/fr\/?s={search_term_string}\"},\"query-input\":\"required name=search_term_string\"}],\"inLanguage\":\"fr-FR\"},{\"@type\":\"Organization\",\"@id\":\"https:\/\/www.cotefleurs.ch\/fr\/#organization\",\"name\":\"C\u00f4t\u00e9 fleurs\",\"url\":\"https:\/\/www.cotefleurs.ch\/fr\/\",\"logo\":{\"@type\":\"ImageObject\",\"inLanguage\":\"fr-FR\",\"@id\":\"https:\/\/www.cotefleurs.ch\/fr\/#\/schema\/logo\/image\/\",\"url\":\"https:\/\/www.cotefleurs.ch\/wp-content\/uploads\/2023\/08\/logo-cote-fleurs-fleuriste-geneve-livraison-fleurs.webp\",\"contentUrl\":\"https:\/\/www.cotefleurs.ch\/wp-content\/uploads\/2023\/08\/logo-cote-fleurs-fleuriste-geneve-livraison-fleurs.webp\",\"width\":400,\"height\":400,\"caption\":\"C\u00f4t\u00e9 fleurs\"},\"image\":{\"@id\":\"https:\/\/www.cotefleurs.ch\/fr\/#\/schema\/logo\/image\/\"}}]}<\/script>\n<!-- \/ Yoast SEO plugin. -->","yoast_head_json":{"title":"Magnifiques Orchid\u00e9es Rose Belissimo - C\u00f4t\u00e9 Fleurs Gen\u00e8ve","description":"Ajoutez une touche de beaut\u00e9 avec nos Orchid\u00e9es Rose Belissimo. Fleuriste Gen\u00e8ve offrant des options de livraison flexible. Achetez maintenant!","robots":{"index":"index","follow":"follow","max-snippet":"max-snippet:-1","max-image-preview":"max-image-preview:large","max-video-preview":"max-video-preview:-1"},"canonical":"https:\/\/www.cotefleurs.ch\/fr\/acheter-en-ligne\/orchidees\/orchidees-roses\/bellissimo\/","og_locale":"fr_FR","og_type":"article","og_title":"Magnifiques Orchid\u00e9es Rose Belissimo - C\u00f4t\u00e9 Fleurs Gen\u00e8ve","og_description":"Ajoutez une touche de beaut\u00e9 avec nos Orchid\u00e9es Rose Belissimo. Fleuriste Gen\u00e8ve offrant des options de livraison flexible. Achetez maintenant!","og_url":"https:\/\/www.cotefleurs.ch\/fr\/acheter-en-ligne\/orchidees\/orchidees-roses\/bellissimo\/","og_site_name":"C\u00f4t\u00e9 fleurs","article_modified_time":"2023-10-25T14:31:51+00:00","og_image":[{"width":1000,"height":1000,"url":"https:\/\/www.cotefleurs.ch\/wp-content\/uploads\/2023\/08\/52-Bellissimo-Rose-135-CHF-copie.webp","type":"image\/webp"}],"twitter_card":"summary_large_image","twitter_misc":{"Dur\u00e9e de lecture estim\u00e9e":"1 minute"},"schema":{"@context":"https:\/\/schema.org","@graph":[{"@type":"WebPage","@id":"https:\/\/www.cotefleurs.ch\/fr\/acheter-en-ligne\/orchidees\/orchidees-roses\/bellissimo\/","url":"https:\/\/www.cotefleurs.ch\/fr\/acheter-en-ligne\/orchidees\/orchidees-roses\/bellissimo\/","name":"Magnifiques Orchid\u00e9es Rose Belissimo - C\u00f4t\u00e9 Fleurs Gen\u00e8ve","isPartOf":{"@id":"https:\/\/www.cotefleurs.ch\/fr\/#website"},"primaryImageOfPage":{"@id":"https:\/\/www.cotefleurs.ch\/fr\/acheter-en-ligne\/orchidees\/orchidees-roses\/bellissimo\/#primaryimage"},"image":{"@id":"https:\/\/www.cotefleurs.ch\/fr\/acheter-en-ligne\/orchidees\/orchidees-roses\/bellissimo\/#primaryimage"},"thumbnailUrl":"https:\/\/www.cotefleurs.ch\/wp-content\/uploads\/2023\/08\/52-Bellissimo-Rose-135-CHF-copie.webp","datePublished":"2023-08-10T08:32:22+00:00","dateModified":"2023-10-25T14:31:51+00:00","description":"Ajoutez une touche de beaut\u00e9 avec nos Orchid\u00e9es Rose Belissimo. Fleuriste Gen\u00e8ve offrant des options de livraison flexible. Achetez maintenant!","breadcrumb":{"@id":"https:\/\/www.cotefleurs.ch\/fr\/acheter-en-ligne\/orchidees\/orchidees-roses\/bellissimo\/#breadcrumb"},"inLanguage":"fr-FR","potentialAction":[{"@type":"ReadAction","target":["https:\/\/www.cotefleurs.ch\/fr\/acheter-en-ligne\/orchidees\/orchidees-roses\/bellissimo\/"]}]},{"@type":"ImageObject","inLanguage":"fr-FR","@id":"https:\/\/www.cotefleurs.ch\/fr\/acheter-en-ligne\/orchidees\/orchidees-roses\/bellissimo\/#primaryimage","url":"https:\/\/www.cotefleurs.ch\/wp-content\/uploads\/2023\/08\/52-Bellissimo-Rose-135-CHF-copie.webp","contentUrl":"https:\/\/www.cotefleurs.ch\/wp-content\/uploads\/2023\/08\/52-Bellissimo-Rose-135-CHF-copie.webp","width":1000,"height":1000,"caption":"Orchid\u00e9es Bellissimo Rose"},{"@type":"BreadcrumbList","@id":"https:\/\/www.cotefleurs.ch\/fr\/acheter-en-ligne\/orchidees\/orchidees-roses\/bellissimo\/#breadcrumb","itemListElement":[{"@type":"ListItem","position":1,"name":"Home","item":"https:\/\/www.cotefleurs.ch\/en\/"},{"@type":"ListItem","position":2,"name":"Produits","item":"https:\/\/www.cotefleurs.ch\/fr\/shop\/"},{"@type":"ListItem","position":3,"name":"Orchid\u00e9es rose bellissimo"}]},{"@type":"WebSite","@id":"https:\/\/www.cotefleurs.ch\/fr\/#website","url":"https:\/\/www.cotefleurs.ch\/fr\/","name":"C\u00f4t\u00e9 fleurs","description":"Fleuriste \u00e0 Gen\u00e8ve","publisher":{"@id":"https:\/\/www.cotefleurs.ch\/fr\/#organization"},"potentialAction":[{"@type":"SearchAction","target":{"@type":"EntryPoint","urlTemplate":"https:\/\/www.cotefleurs.ch\/fr\/?s={search_term_string}"},"query-input":"required name=search_term_string"}],"inLanguage":"fr-FR"},{"@type":"Organization","@id":"https:\/\/www.cotefleurs.ch\/fr\/#organization","name":"C\u00f4t\u00e9 fleurs","url":"https:\/\/www.cotefleurs.ch\/fr\/","logo":{"@type":"ImageObject","inLanguage":"fr-FR","@id":"https:\/\/www.cotefleurs.ch\/fr\/#\/schema\/logo\/image\/","url":"https:\/\/www.cotefleurs.ch\/wp-content\/uploads\/2023\/08\/logo-cote-fleurs-fleuriste-geneve-livraison-fleurs.webp","contentUrl":"https:\/\/www.cotefleurs.ch\/wp-content\/uploads\/2023\/08\/logo-cote-fleurs-fleuriste-geneve-livraison-fleurs.webp","width":400,"height":400,"caption":"C\u00f4t\u00e9 fleurs"},"image":{"@id":"https:\/\/www.cotefleurs.ch\/fr\/#\/schema\/logo\/image\/"}}]}},"_links":{"self":[{"href":"https:\/\/www.cotefleurs.ch\/fr\/wp-json\/wp\/v2\/product\/106","targetHints":{"allow":["GET"]}}],"collection":[{"href":"https:\/\/www.cotefleurs.ch\/fr\/wp-json\/wp\/v2\/product"}],"about":[{"href":"https:\/\/www.cotefleurs.ch\/fr\/wp-json\/wp\/v2\/types\/product"}],"replies":[{"embeddable":true,"href":"https:\/\/www.cotefleurs.ch\/fr\/wp-json\/wp\/v2\/comments?post=106"}],"version-history":[{"count":8,"href":"https:\/\/www.cotefleurs.ch\/fr\/wp-json\/wp\/v2\/product\/106\/revisions"}],"predecessor-version":[{"id":2977,"href":"https:\/\/www.cotefleurs.ch\/fr\/wp-json\/wp\/v2\/product\/106\/revisions\/2977"}],"wp:featuredmedia":[{"embeddable":true,"href":"https:\/\/www.cotefleurs.ch\/fr\/wp-json\/wp\/v2\/media\/2291"}],"wp:attachment":[{"href":"https:\/\/www.cotefleurs.ch\/fr\/wp-json\/wp\/v2\/media?parent=106"}],"wp:term":[{"taxonomy":"product_cat","embeddable":true,"href":"https:\/\/www.cotefleurs.ch\/fr\/wp-json\/wp\/v2\/product_cat?post=106"},{"taxonomy":"product_tag","embeddable":true,"href":"https:\/\/www.cotefleurs.ch\/fr\/wp-json\/wp\/v2\/product_tag?post=106"}],"curies":[{"name":"wp","href":"https:\/\/api.w.org\/{rel}","templated":true}]}}