{"id":3320,"date":"2023-10-18T17:42:54","date_gmt":"2023-10-18T17:42:54","guid":{"rendered":"https:\/\/www.cotefleurs.ch\/?page_id=3320"},"modified":"2023-10-25T14:48:25","modified_gmt":"2023-10-25T14:48:25","slug":"mentions-legales","status":"publish","type":"page","link":"https:\/\/www.cotefleurs.ch\/fr\/mentions-legales\/","title":{"rendered":"Mentions l\u00e9gales"},"content":{"rendered":"\t\t<div data-elementor-type=\"wp-page\" data-elementor-id=\"3320\" class=\"elementor elementor-3320\" data-elementor-post-type=\"page\">\n\t\t\t\t\t\t<section class=\"elementor-section elementor-top-section elementor-element elementor-element-8e44000 elementor-section-boxed elementor-section-height-default elementor-section-height-default\" data-id=\"8e44000\" data-element_type=\"section\" data-settings=\"{&quot;background_background&quot;:&quot;classic&quot;}\">\n\t\t\t\t\t\t\t<div class=\"elementor-background-overlay\"><\/div>\n\t\t\t\t\t\t\t<div class=\"elementor-container elementor-column-gap-default\">\n\t\t\t\t\t<div class=\"elementor-column elementor-col-100 elementor-top-column elementor-element elementor-element-273cd21\" data-id=\"273cd21\" data-element_type=\"column\">\n\t\t\t<div class=\"elementor-widget-wrap elementor-element-populated\">\n\t\t\t\t\t\t<div class=\"elementor-element elementor-element-b3ebe43 elementor-widget elementor-widget-heading\" data-id=\"b3ebe43\" data-element_type=\"widget\" data-widget_type=\"heading.default\">\n\t\t\t\t<div class=\"elementor-widget-container\">\n\t\t\t<style>\/*! elementor - v3.23.0 - 15-07-2024 *\/\n.elementor-heading-title{padding:0;margin:0;line-height:1}.elementor-widget-heading .elementor-heading-title[class*=elementor-size-]>a{color:inherit;font-size:inherit;line-height:inherit}.elementor-widget-heading .elementor-heading-title.elementor-size-small{font-size:15px}.elementor-widget-heading .elementor-heading-title.elementor-size-medium{font-size:19px}.elementor-widget-heading .elementor-heading-title.elementor-size-large{font-size:29px}.elementor-widget-heading .elementor-heading-title.elementor-size-xl{font-size:39px}.elementor-widget-heading .elementor-heading-title.elementor-size-xxl{font-size:59px}<\/style><p class=\"elementor-heading-title elementor-size-default\">C\u00f4t\u00e9 Fleurs<\/p>\t\t<\/div>\n\t\t\t\t<\/div>\n\t\t\t\t<div class=\"elementor-element elementor-element-2794cf6 elementor-widget elementor-widget-heading\" data-id=\"2794cf6\" data-element_type=\"widget\" data-widget_type=\"heading.default\">\n\t\t\t\t<div class=\"elementor-widget-container\">\n\t\t\t<h1 class=\"elementor-heading-title elementor-size-default\">Mentions l\u00e9gales<\/h1>\t\t<\/div>\n\t\t\t\t<\/div>\n\t\t\t\t\t<\/div>\n\t\t<\/div>\n\t\t\t\t\t<\/div>\n\t\t<\/section>\n\t\t\t\t<section class=\"elementor-section elementor-top-section elementor-element elementor-element-a31231e elementor-section-boxed elementor-section-height-default elementor-section-height-default\" data-id=\"a31231e\" data-element_type=\"section\">\n\t\t\t\t\t\t<div class=\"elementor-container elementor-column-gap-default\">\n\t\t\t\t\t<div class=\"elementor-column elementor-col-100 elementor-top-column elementor-element elementor-element-306db6a\" data-id=\"306db6a\" data-element_type=\"column\">\n\t\t\t<div class=\"elementor-widget-wrap elementor-element-populated\">\n\t\t\t\t\t\t<div class=\"elementor-element elementor-element-6cede9e elementor-widget elementor-widget-text-editor\" data-id=\"6cede9e\" data-element_type=\"widget\" data-widget_type=\"text-editor.default\">\n\t\t\t\t<div class=\"elementor-widget-container\">\n\t\t\t<style>\/*! elementor - v3.23.0 - 15-07-2024 *\/\n.elementor-widget-text-editor.elementor-drop-cap-view-stacked .elementor-drop-cap{background-color:#69727d;color:#fff}.elementor-widget-text-editor.elementor-drop-cap-view-framed .elementor-drop-cap{color:#69727d;border:3px solid;background-color:transparent}.elementor-widget-text-editor:not(.elementor-drop-cap-view-default) .elementor-drop-cap{margin-top:8px}.elementor-widget-text-editor:not(.elementor-drop-cap-view-default) .elementor-drop-cap-letter{width:1em;height:1em}.elementor-widget-text-editor .elementor-drop-cap{float:left;text-align:center;line-height:1;font-size:50px}.elementor-widget-text-editor .elementor-drop-cap-letter{display:inline-block}<\/style>\t\t\t\t<p>Le site <u>www.cotefleurs.ch<\/u>\u00a0est la propri\u00e9t\u00e9 de C\u00f4t\u00e9 Fleurs<\/p><h2>\u00c9diteur du site<\/h2><p><strong>Statut juridique\u00a0: <\/strong>C\u00f4t\u00e9 Fleurs est une SA au capital de\u00a0100 000 CHF<\/p><p><strong>Si\u00e8ge social\u00a0:<\/strong> Rue de l&rsquo;Ath\u00e9n\u00e9e 39, 1206 Gen\u00e8ve, Suisse.<br \/><strong>Num\u00e9ro d\u2019immatriculation :<\/strong> CH-660.0.299.997-1<\/p><p><strong>Num\u00e9ro de TVA :<\/strong> CHE-108.570.508<\/p><h2>Conception du site<\/h2><p>BIM DIGITAL, <a href=\"https:\/\/bim-digital.com\/\">Agence digitale Lyon<\/a><\/p><p>18 rue Bara<\/p><p>69003 Lyon<br \/>FRANCE<\/p><p>T\u00e9l : +33 4 78 54 31 26<br \/>Site web :\u00a0<a href=\"https:\/\/bim-digital.com\/\">bim-digital.com<\/a><\/p><p><strong>\u00a0<\/strong><\/p><h2>1. Conditions d\u2019utilisation<\/h2><p>Le site accessible par les url suivants :\u00a0<u>www.cotefleurs.ch<\/u>\u00a0est exploit\u00e9 dans le respect de la l\u00e9gislation fran\u00e7aise. L\u2019utilisation de ce site est r\u00e9gie par les pr\u00e9sentes conditions g\u00e9n\u00e9rales. En utilisant le site, vous reconnaissez avoir pris connaissance de ces conditions et les avoir accept\u00e9es. Celles-ci pourront \u00eatre modifi\u00e9es \u00e0 tout moment et sans pr\u00e9avis par la soci\u00e9t\u00e9\u00a0C\u00f4t\u00e9 Fleurs.<br \/>C\u00f4t\u00e9 Fleurs\u00a0ne saurait \u00eatre tenu pour responsable en aucune mani\u00e8re d\u2019une mauvaise utilisation du service.<\/p><h2>2. Responsable \u00e9ditorial &amp; H\u00e9bergeur<\/h2><p><strong>Directeur de la publication :<\/strong> Madame Masson, <a href=\"tel:+41%20(0)22%20347%2097%2047\">+41 (0)22 347 97 47<\/a>, <a href=\"mailto:info@cotefleurs.ch\">info@cotefleurs.com<\/a><\/p><p><strong>H\u00e9bergeur :<\/strong><\/p><p>Infomaniak,<\/p><p>Rue Eug\u00e8ne Marziano 25,<\/p><p>1227 Les Acacias (GE)<\/p><h2>3. Limitation de responsabilit\u00e9<\/h2><p>C\u00f4t\u00e9 Fleurs\u00a0ne garantit en aucune fa\u00e7on l\u2019exactitude, la pr\u00e9cision, l\u2019exhaustivit\u00e9 ou l\u2019ad\u00e9quation, des informations mises \u00e0 disposition sur son site, y compris l\u2019ensemble des liens hypertextes ou toute autre liaison informatique utilis\u00e9e, directement ou indirectement, \u00e0 partir de son site. Si vous constatez une erreur, une incoh\u00e9rence ou un dysfonctionnement, merci de bien vouloir le signaler au responsable de publication dont les coordonn\u00e9es sont mentionn\u00e9es sur cette page.<\/p><p>C\u00f4t\u00e9 Fleurs\u00a0d\u00e9cline toute responsabilit\u00e9 concernant l\u2019utilisation des informations publi\u00e9es sur le pr\u00e9sent site web, et de tout pr\u00e9judice direct ou indirect pouvant en d\u00e9couler.<\/p><p>Les liens hypertextes pr\u00e9sents sur notre site internet et redirigeant vers d\u2019autres sites web ne sauraient engager la responsabilit\u00e9 de C\u00f4t\u00e9 Fleurs, quel que soit leur contenu ou leurs potentiels dysfonctionnements.<\/p><p>Les contenus t\u00e9l\u00e9charg\u00e9s depuis notre site se font sous la seule responsabilit\u00e9 de l\u2019utilisateur. En cons\u00e9quence, C\u00f4t\u00e9 Fleurs\u00a0ne saurait \u00eatre tenu responsable d\u2019un quelconque dommage, sur le mat\u00e9riel ou les donn\u00e9es de l\u2019utilisateur, cons\u00e9cutif au t\u00e9l\u00e9chargement.<\/p><h2>4. Informations et exclusion<\/h2><p>Malgr\u00e9 les efforts de C\u00f4t\u00e9 Fleurs pour assurer une information fiable et une mise \u00e0 jour fiable de ses sites internet, des erreurs ou omissions peuvent survenir. L\u2019internaute devra donc s\u2019assurer de l\u2019exactitude des informations aupr\u00e8s de\u00a0C\u00f4t\u00e9 Fleurs, et signaler toutes modifications du site qu\u2019il jugerait utile.\u00a0C\u00f4t\u00e9 Fleurs\u00a0n\u2019est en aucun cas responsable de l\u2019utilisation faite de ces informations, et de tout pr\u00e9judice direct ou indirect pouvant en d\u00e9couler.<\/p><h2>5. Propri\u00e9t\u00e9 intellectuelle<\/h2><p>Copyright C\u00f4t\u00e9 Fleurs. Tous droits d&rsquo;auteur des textes et \u0153uvres r\u00e9serv\u00e9s.<\/p><p>Le site est prot\u00e9g\u00e9 par le droit d\u2019auteur. L\u2019usage de tout ou partie du site, notamment par t\u00e9l\u00e9chargement, reproduction, transmission ou repr\u00e9sentation sur tous supports et par tous proc\u00e9d\u00e9s, \u00e0 d\u2019autres fins que pour usage personnel et priv\u00e9 dans un but non commercial est strictement interdit.<\/p><p>L\u2019utilisation du logo de C\u00f4t\u00e9 Fleurs et de sa d\u00e9nomination sociale doivent faire l\u2019objet d\u2019une autorisation \u00e9crite pr\u00e9alable de la part du propri\u00e9taire.<\/p><p>De fa\u00e7on g\u00e9n\u00e9rale, toute reproduction ou repr\u00e9sentation non autoris\u00e9e de marques, logos, dessins, mod\u00e8les, d\u2019\u0153uvres litt\u00e9raires, musicales, audiovisuelles, photographiques et plus g\u00e9n\u00e9ralement de tout \u00e9l\u00e9ment susceptible d\u2019\u00eatre prot\u00e9g\u00e9 par un droit de propri\u00e9t\u00e9 intellectuelle accessibles sur le site est interdite et constituerait une contrefa\u00e7on au sens des articles L335-2 et suivants du Code de la Propri\u00e9t\u00e9 Intellectuelle, \u00e0 moins que cette reproduction ou repr\u00e9sentation ne soit exclusivement r\u00e9serv\u00e9e \u00e0 un usage strictement personnel et priv\u00e9.<\/p><h2>6. Confidentialit\u00e9 des donn\u00e9es<\/h2><p>La politique de confidentialit\u00e9 \u00e0 l\u2019\u00e9gard des donn\u00e9es collect\u00e9es \u00e0 partir du pr\u00e9sent site web est d\u00e9taill\u00e9e sur la page <a href=\"https:\/\/www.cotefleurs.ch\/fr\/politique-de-confidentialite-des-donnees\/\"><u>politique de confidentialit\u00e9<\/u><\/a><\/p><h2>7. Cookies<\/h2><p>L&rsquo;utilisation des cookies \u00e0 travers ce site web, est d\u00e9taill\u00e9e au sein de notre <a href=\"https:\/\/www.cotefleurs.ch\/fr\/politique-de-confidentialite-des-donnees\/\"><u>politique de confidentialit\u00e9<\/u>.<\/a><\/p>\t\t\t\t\t\t<\/div>\n\t\t\t\t<\/div>\n\t\t\t\t\t<\/div>\n\t\t<\/div>\n\t\t\t\t\t<\/div>\n\t\t<\/section>\n\t\t\t\t<\/div>\n\t\t","protected":false},"excerpt":{"rendered":"<p>C\u00f4t\u00e9 Fleurs Mentions l\u00e9gales Le site www.cotefleurs.ch\u00a0est la propri\u00e9t\u00e9 de C\u00f4t\u00e9 Fleurs \u00c9diteur du site Statut juridique\u00a0: C\u00f4t\u00e9 Fleurs est une SA au capital de\u00a0100 000 CHF Si\u00e8ge social\u00a0: Rue de l&rsquo;Ath\u00e9n\u00e9e 39, 1206 Gen\u00e8ve, Suisse. Num\u00e9ro d\u2019immatriculation : CH-660.0.299.997-1 Num\u00e9ro de TVA : CHE-108.570.508 Conception du site BIM DIGITAL, Agence digitale Lyon 18 rue [&hellip;]<\/p>\n","protected":false},"author":2,"featured_media":0,"parent":0,"menu_order":0,"comment_status":"closed","ping_status":"closed","template":"","meta":{"_acf_changed":false,"footnotes":""},"class_list":["post-3320","page","type-page","status-publish","hentry"],"acf":[],"yoast_head":"<!-- This site is optimized with the Yoast SEO plugin v23.0 - https:\/\/yoast.com\/wordpress\/plugins\/seo\/ -->\n<title>Mentions l\u00e9gales - C\u00f4t\u00e9 fleurs<\/title>\n<meta name=\"robots\" content=\"noindex, follow\" \/>\n<meta property=\"og:locale\" content=\"fr_FR\" \/>\n<meta property=\"og:type\" content=\"article\" \/>\n<meta property=\"og:title\" content=\"Mentions l\u00e9gales - C\u00f4t\u00e9 fleurs\" \/>\n<meta property=\"og:description\" content=\"C\u00f4t\u00e9 Fleurs Mentions l\u00e9gales Le site www.cotefleurs.ch\u00a0est la propri\u00e9t\u00e9 de C\u00f4t\u00e9 Fleurs \u00c9diteur du site Statut juridique\u00a0: C\u00f4t\u00e9 Fleurs est une SA au capital de\u00a0100 000 CHF Si\u00e8ge social\u00a0: Rue de l&rsquo;Ath\u00e9n\u00e9e 39, 1206 Gen\u00e8ve, Suisse. Num\u00e9ro d\u2019immatriculation : CH-660.0.299.997-1 Num\u00e9ro de TVA : CHE-108.570.508 Conception du site BIM DIGITAL, Agence digitale Lyon 18 rue [&hellip;]\" \/>\n<meta property=\"og:url\" content=\"https:\/\/www.cotefleurs.ch\/fr\/mentions-legales\/\" \/>\n<meta property=\"og:site_name\" content=\"C\u00f4t\u00e9 fleurs\" \/>\n<meta property=\"article:modified_time\" content=\"2023-10-25T14:48:25+00:00\" \/>\n<meta property=\"og:image\" content=\"https:\/\/www.cotefleurs.ch\/wp-content\/uploads\/2023\/10\/Bouquet-mari\u201ae-rond-pastel-avec-dahlia.webp\" \/>\n\t<meta property=\"og:image:width\" content=\"1500\" \/>\n\t<meta property=\"og:image:height\" content=\"1120\" \/>\n\t<meta property=\"og:image:type\" content=\"image\/webp\" \/>\n<meta name=\"twitter:card\" content=\"summary_large_image\" \/>\n<meta name=\"twitter:label1\" content=\"Dur\u00e9e de lecture estim\u00e9e\" \/>\n\t<meta name=\"twitter:data1\" content=\"4 minutes\" \/>\n<script type=\"application\/ld+json\" class=\"yoast-schema-graph\">{\"@context\":\"https:\/\/schema.org\",\"@graph\":[{\"@type\":\"WebPage\",\"@id\":\"https:\/\/www.cotefleurs.ch\/fr\/mentions-legales\/\",\"url\":\"https:\/\/www.cotefleurs.ch\/fr\/mentions-legales\/\",\"name\":\"Mentions l\u00e9gales - C\u00f4t\u00e9 fleurs\",\"isPartOf\":{\"@id\":\"https:\/\/www.cotefleurs.ch\/fr\/#website\"},\"datePublished\":\"2023-10-18T17:42:54+00:00\",\"dateModified\":\"2023-10-25T14:48:25+00:00\",\"breadcrumb\":{\"@id\":\"https:\/\/www.cotefleurs.ch\/fr\/mentions-legales\/#breadcrumb\"},\"inLanguage\":\"fr-FR\",\"potentialAction\":[{\"@type\":\"ReadAction\",\"target\":[\"https:\/\/www.cotefleurs.ch\/fr\/mentions-legales\/\"]}]},{\"@type\":\"BreadcrumbList\",\"@id\":\"https:\/\/www.cotefleurs.ch\/fr\/mentions-legales\/#breadcrumb\",\"itemListElement\":[{\"@type\":\"ListItem\",\"position\":1,\"name\":\"Home\",\"item\":\"https:\/\/www.cotefleurs.ch\/en\/\"},{\"@type\":\"ListItem\",\"position\":2,\"name\":\"Mentions l\u00e9gales\"}]},{\"@type\":\"WebSite\",\"@id\":\"https:\/\/www.cotefleurs.ch\/fr\/#website\",\"url\":\"https:\/\/www.cotefleurs.ch\/fr\/\",\"name\":\"C\u00f4t\u00e9 fleurs\",\"description\":\"Fleuriste \u00e0 Gen\u00e8ve\",\"publisher\":{\"@id\":\"https:\/\/www.cotefleurs.ch\/fr\/#organization\"},\"potentialAction\":[{\"@type\":\"SearchAction\",\"target\":{\"@type\":\"EntryPoint\",\"urlTemplate\":\"https:\/\/www.cotefleurs.ch\/fr\/?s={search_term_string}\"},\"query-input\":\"required name=search_term_string\"}],\"inLanguage\":\"fr-FR\"},{\"@type\":\"Organization\",\"@id\":\"https:\/\/www.cotefleurs.ch\/fr\/#organization\",\"name\":\"C\u00f4t\u00e9 fleurs\",\"url\":\"https:\/\/www.cotefleurs.ch\/fr\/\",\"logo\":{\"@type\":\"ImageObject\",\"inLanguage\":\"fr-FR\",\"@id\":\"https:\/\/www.cotefleurs.ch\/fr\/#\/schema\/logo\/image\/\",\"url\":\"https:\/\/www.cotefleurs.ch\/wp-content\/uploads\/2023\/08\/logo-cote-fleurs-fleuriste-geneve-livraison-fleurs.webp\",\"contentUrl\":\"https:\/\/www.cotefleurs.ch\/wp-content\/uploads\/2023\/08\/logo-cote-fleurs-fleuriste-geneve-livraison-fleurs.webp\",\"width\":400,\"height\":400,\"caption\":\"C\u00f4t\u00e9 fleurs\"},\"image\":{\"@id\":\"https:\/\/www.cotefleurs.ch\/fr\/#\/schema\/logo\/image\/\"}}]}<\/script>\n<!-- \/ Yoast SEO plugin. -->","yoast_head_json":{"title":"Mentions l\u00e9gales - C\u00f4t\u00e9 fleurs","robots":{"index":"noindex","follow":"follow"},"og_locale":"fr_FR","og_type":"article","og_title":"Mentions l\u00e9gales - C\u00f4t\u00e9 fleurs","og_description":"C\u00f4t\u00e9 Fleurs Mentions l\u00e9gales Le site www.cotefleurs.ch\u00a0est la propri\u00e9t\u00e9 de C\u00f4t\u00e9 Fleurs \u00c9diteur du site Statut juridique\u00a0: C\u00f4t\u00e9 Fleurs est une SA au capital de\u00a0100 000 CHF Si\u00e8ge social\u00a0: Rue de l&rsquo;Ath\u00e9n\u00e9e 39, 1206 Gen\u00e8ve, Suisse. Num\u00e9ro d\u2019immatriculation : CH-660.0.299.997-1 Num\u00e9ro de TVA : CHE-108.570.508 Conception du site BIM DIGITAL, Agence digitale Lyon 18 rue [&hellip;]","og_url":"https:\/\/www.cotefleurs.ch\/fr\/mentions-legales\/","og_site_name":"C\u00f4t\u00e9 fleurs","article_modified_time":"2023-10-25T14:48:25+00:00","og_image":[{"width":1500,"height":1120,"url":"https:\/\/www.cotefleurs.ch\/wp-content\/uploads\/2023\/10\/Bouquet-mari\u201ae-rond-pastel-avec-dahlia.webp","type":"image\/webp"}],"twitter_card":"summary_large_image","twitter_misc":{"Dur\u00e9e de lecture estim\u00e9e":"4 minutes"},"schema":{"@context":"https:\/\/schema.org","@graph":[{"@type":"WebPage","@id":"https:\/\/www.cotefleurs.ch\/fr\/mentions-legales\/","url":"https:\/\/www.cotefleurs.ch\/fr\/mentions-legales\/","name":"Mentions l\u00e9gales - C\u00f4t\u00e9 fleurs","isPartOf":{"@id":"https:\/\/www.cotefleurs.ch\/fr\/#website"},"datePublished":"2023-10-18T17:42:54+00:00","dateModified":"2023-10-25T14:48:25+00:00","breadcrumb":{"@id":"https:\/\/www.cotefleurs.ch\/fr\/mentions-legales\/#breadcrumb"},"inLanguage":"fr-FR","potentialAction":[{"@type":"ReadAction","target":["https:\/\/www.cotefleurs.ch\/fr\/mentions-legales\/"]}]},{"@type":"BreadcrumbList","@id":"https:\/\/www.cotefleurs.ch\/fr\/mentions-legales\/#breadcrumb","itemListElement":[{"@type":"ListItem","position":1,"name":"Home","item":"https:\/\/www.cotefleurs.ch\/en\/"},{"@type":"ListItem","position":2,"name":"Mentions l\u00e9gales"}]},{"@type":"WebSite","@id":"https:\/\/www.cotefleurs.ch\/fr\/#website","url":"https:\/\/www.cotefleurs.ch\/fr\/","name":"C\u00f4t\u00e9 fleurs","description":"Fleuriste \u00e0 Gen\u00e8ve","publisher":{"@id":"https:\/\/www.cotefleurs.ch\/fr\/#organization"},"potentialAction":[{"@type":"SearchAction","target":{"@type":"EntryPoint","urlTemplate":"https:\/\/www.cotefleurs.ch\/fr\/?s={search_term_string}"},"query-input":"required name=search_term_string"}],"inLanguage":"fr-FR"},{"@type":"Organization","@id":"https:\/\/www.cotefleurs.ch\/fr\/#organization","name":"C\u00f4t\u00e9 fleurs","url":"https:\/\/www.cotefleurs.ch\/fr\/","logo":{"@type":"ImageObject","inLanguage":"fr-FR","@id":"https:\/\/www.cotefleurs.ch\/fr\/#\/schema\/logo\/image\/","url":"https:\/\/www.cotefleurs.ch\/wp-content\/uploads\/2023\/08\/logo-cote-fleurs-fleuriste-geneve-livraison-fleurs.webp","contentUrl":"https:\/\/www.cotefleurs.ch\/wp-content\/uploads\/2023\/08\/logo-cote-fleurs-fleuriste-geneve-livraison-fleurs.webp","width":400,"height":400,"caption":"C\u00f4t\u00e9 fleurs"},"image":{"@id":"https:\/\/www.cotefleurs.ch\/fr\/#\/schema\/logo\/image\/"}}]}},"_links":{"self":[{"href":"https:\/\/www.cotefleurs.ch\/fr\/wp-json\/wp\/v2\/pages\/3320","targetHints":{"allow":["GET"]}}],"collection":[{"href":"https:\/\/www.cotefleurs.ch\/fr\/wp-json\/wp\/v2\/pages"}],"about":[{"href":"https:\/\/www.cotefleurs.ch\/fr\/wp-json\/wp\/v2\/types\/page"}],"author":[{"embeddable":true,"href":"https:\/\/www.cotefleurs.ch\/fr\/wp-json\/wp\/v2\/users\/2"}],"replies":[{"embeddable":true,"href":"https:\/\/www.cotefleurs.ch\/fr\/wp-json\/wp\/v2\/comments?post=3320"}],"version-history":[{"count":7,"href":"https:\/\/www.cotefleurs.ch\/fr\/wp-json\/wp\/v2\/pages\/3320\/revisions"}],"predecessor-version":[{"id":3626,"href":"https:\/\/www.cotefleurs.ch\/fr\/wp-json\/wp\/v2\/pages\/3320\/revisions\/3626"}],"wp:attachment":[{"href":"https:\/\/www.cotefleurs.ch\/fr\/wp-json\/wp\/v2\/media?parent=3320"}],"curies":[{"name":"wp","href":"https:\/\/api.w.org\/{rel}","templated":true}]}}