{"id":1918,"date":"2023-09-18T13:40:19","date_gmt":"2023-09-18T13:40:19","guid":{"rendered":"https:\/\/www.cotefleurs.ch\/?page_id=1918"},"modified":"2023-09-18T13:41:12","modified_gmt":"2023-09-18T13:41:12","slug":"bouquets-champetres","status":"publish","type":"page","link":"https:\/\/www.cotefleurs.ch\/fr\/acheter-en-ligne\/fleurs-coupees\/bouquets-melanges\/bouquets-champetres\/","title":{"rendered":"Bouquets champetres"},"content":{"rendered":"\t\t<div data-elementor-type=\"wp-page\" data-elementor-id=\"1918\" class=\"elementor elementor-1918\" data-elementor-post-type=\"page\">\n\t\t\t\t\t\t<section class=\"elementor-section elementor-top-section elementor-element elementor-element-5c2375f elementor-section-boxed elementor-section-height-default elementor-section-height-default\" data-id=\"5c2375f\" data-element_type=\"section\" data-settings=\"{&quot;background_background&quot;:&quot;classic&quot;}\">\n\t\t\t\t\t\t\t<div class=\"elementor-background-overlay\"><\/div>\n\t\t\t\t\t\t\t<div class=\"elementor-container elementor-column-gap-default\">\n\t\t\t\t\t<div class=\"elementor-column elementor-col-100 elementor-top-column elementor-element elementor-element-2b292e2\" data-id=\"2b292e2\" data-element_type=\"column\">\n\t\t\t<div class=\"elementor-widget-wrap elementor-element-populated\">\n\t\t\t\t\t\t<div class=\"elementor-element elementor-element-70e02a0 elementor-widget elementor-widget-heading\" data-id=\"70e02a0\" data-element_type=\"widget\" data-widget_type=\"heading.default\">\n\t\t\t\t<div class=\"elementor-widget-container\">\n\t\t\t<style>\/*! elementor - v3.23.0 - 15-07-2024 *\/\n.elementor-heading-title{padding:0;margin:0;line-height:1}.elementor-widget-heading .elementor-heading-title[class*=elementor-size-]>a{color:inherit;font-size:inherit;line-height:inherit}.elementor-widget-heading .elementor-heading-title.elementor-size-small{font-size:15px}.elementor-widget-heading .elementor-heading-title.elementor-size-medium{font-size:19px}.elementor-widget-heading .elementor-heading-title.elementor-size-large{font-size:29px}.elementor-widget-heading .elementor-heading-title.elementor-size-xl{font-size:39px}.elementor-widget-heading .elementor-heading-title.elementor-size-xxl{font-size:59px}<\/style><h1 class=\"elementor-heading-title elementor-size-default\">Acheter en ligne<\/h1>\t\t<\/div>\n\t\t\t\t<\/div>\n\t\t\t\t<div class=\"elementor-element elementor-element-582db40 elementor-widget elementor-widget-heading\" data-id=\"582db40\" data-element_type=\"widget\" data-widget_type=\"heading.default\">\n\t\t\t\t<div class=\"elementor-widget-container\">\n\t\t\t<h2 class=\"elementor-heading-title elementor-size-default\">Bouquet champ\u00eatres<\/h2>\t\t<\/div>\n\t\t\t\t<\/div>\n\t\t\t\t\t<\/div>\n\t\t<\/div>\n\t\t\t\t\t<\/div>\n\t\t<\/section>\n\t\t\t\t<section class=\"elementor-section elementor-top-section elementor-element elementor-element-518b730 elementor-section-boxed elementor-section-height-default elementor-section-height-default\" data-id=\"518b730\" data-element_type=\"section\" data-settings=\"{&quot;background_background&quot;:&quot;classic&quot;}\">\n\t\t\t\t\t\t<div class=\"elementor-container elementor-column-gap-default\">\n\t\t\t\t\t<div class=\"elementor-column elementor-col-100 elementor-top-column elementor-element elementor-element-046f6fb\" data-id=\"046f6fb\" data-element_type=\"column\">\n\t\t\t<div class=\"elementor-widget-wrap elementor-element-populated\">\n\t\t\t\t\t\t<div class=\"elementor-element elementor-element-52e5160 elementor-widget elementor-widget-shortcode\" data-id=\"52e5160\" data-element_type=\"widget\" data-widget_type=\"shortcode.default\">\n\t\t\t\t<div class=\"elementor-widget-container\">\n\t\t\t\t\t<div class=\"elementor-shortcode\">\n\n\n    <div id=\"choice-flowers\">\n        <div class=\"ariane\">\n            <div class=\"ariane__base\" data-slug=\"base\">\n                <p>Choix du bouquet<\/p>\n            <\/div>\n        <\/div>\n        <div class=\"cf-wrapper\">\n            <div class=\"cf-card disappear\" data-value=\"bouquets\" data-productId=\"\" style=\"background-image: url(https:\/\/emova-monceaufleurs-fr-storage.omn.proximis.com\/Imagestorage\/images\/740\/740\/628bb2d94487f_bouquet2_classiquebis_WEB_910x1090.jpg);\">\n                <div>\n                    <h3>Bouquets<\/h3>\n                    <p><\/p>\n                    <span class=\"elementor-button-icon elementor-align-icon-left\">\n                        <svg xmlns=\"http:\/\/www.w3.org\/2000\/svg\" width=\"48.013\" height=\"22.579\" viewBox=\"0 0 48.013 22.579\">\n                            <path id=\"down-arrow\" d=\"M36.075,44.159q.809-14.8.7-29.648-.031-4.183-.124-8.365c-.035-1.469-1.932-1.48-1.892,0q.367,14.824-.181,29.658-.155,4.183-.385,8.355C34.1,45.617,36,45.617,36.075,44.159ZM45.441,38.4l-7.753,8.969-1.9,2.2a8.621,8.621,0,0,0-.906,1.042,5.292,5.292,0,0,0-.513-.577L30.51,45.649l-4.393-4.995c-.884-1.01-2.232.609-1.326,1.6l8.4,9.551c.7.791,1.454,1.7,2.462.988a12.985,12.985,0,0,0,2.117-2.334l4.256-4.92,4.756-5.518c.884-1.02-.46-2.639-1.339-1.624Z\" transform=\"translate(-5.04 47.069) rotate(-90)\" fill=\"#da9c03\"><\/path>\n                        <\/svg> <\/span>\n                <\/div>\n            <\/div>\n            <div class=\"cf-card disappear\" data-value=\"arrangements\" data-productId=\"\" style=\"background-image: url(https:\/\/larosedor.ch\/files_perso\/produit\/img-513042139.jpg)\">\n                <div>\n                    <h3>Arrangements<\/h3>\n                    <p><\/p>\n                    <span class=\"elementor-button-icon elementor-align-icon-left\">\n                        <svg xmlns=\"http:\/\/www.w3.org\/2000\/svg\" width=\"48.013\" height=\"22.579\" viewBox=\"0 0 48.013 22.579\">\n                            <path id=\"down-arrow\" d=\"M36.075,44.159q.809-14.8.7-29.648-.031-4.183-.124-8.365c-.035-1.469-1.932-1.48-1.892,0q.367,14.824-.181,29.658-.155,4.183-.385,8.355C34.1,45.617,36,45.617,36.075,44.159ZM45.441,38.4l-7.753,8.969-1.9,2.2a8.621,8.621,0,0,0-.906,1.042,5.292,5.292,0,0,0-.513-.577L30.51,45.649l-4.393-4.995c-.884-1.01-2.232.609-1.326,1.6l8.4,9.551c.7.791,1.454,1.7,2.462.988a12.985,12.985,0,0,0,2.117-2.334l4.256-4.92,4.756-5.518c.884-1.02-.46-2.639-1.339-1.624Z\" transform=\"translate(-5.04 47.069) rotate(-90)\" fill=\"#da9c03\"><\/path>\n                        <\/svg> <\/span>\n                <\/div>\n            <\/div>\n            <div class=\"cf-card disappear\" data-value=\"orchidees\" data-productId=\"\" style=\"background-image: url(https:\/\/maanievents.com\/1572-large_default\/fleur-orchidee-latex-blanc-et-violet.jpg)\">\n                <div>\n                    <h3>Orchid\u00e9es<\/h3>\n                    <p><\/p>\n                    <span class=\"elementor-button-icon elementor-align-icon-left\">\n                        <svg xmlns=\"http:\/\/www.w3.org\/2000\/svg\" width=\"48.013\" height=\"22.579\" viewBox=\"0 0 48.013 22.579\">\n                            <path id=\"down-arrow\" d=\"M36.075,44.159q.809-14.8.7-29.648-.031-4.183-.124-8.365c-.035-1.469-1.932-1.48-1.892,0q.367,14.824-.181,29.658-.155,4.183-.385,8.355C34.1,45.617,36,45.617,36.075,44.159ZM45.441,38.4l-7.753,8.969-1.9,2.2a8.621,8.621,0,0,0-.906,1.042,5.292,5.292,0,0,0-.513-.577L30.51,45.649l-4.393-4.995c-.884-1.01-2.232.609-1.326,1.6l8.4,9.551c.7.791,1.454,1.7,2.462.988a12.985,12.985,0,0,0,2.117-2.334l4.256-4.92,4.756-5.518c.884-1.02-.46-2.639-1.339-1.624Z\" transform=\"translate(-5.04 47.069) rotate(-90)\" fill=\"#da9c03\"><\/path>\n                        <\/svg> <\/span>\n                <\/div>\n            <\/div>\n            <div class=\"cf-card disappear\" data-value=\"dernier_hommage\" data-productId=\"\" style=\"background-image: url(https:\/\/www.lodeur-des-sous-bois.fr\/produits\/produit_8\/couronne-de-fleurs-multicolores.jpg)\">\n                <div>\n                    <h3>Dernier hommage<\/h3>\n                    <p><\/p>\n                    <span class=\"elementor-button-icon elementor-align-icon-left\">\n                        <svg xmlns=\"http:\/\/www.w3.org\/2000\/svg\" width=\"48.013\" height=\"22.579\" viewBox=\"0 0 48.013 22.579\">\n                            <path id=\"down-arrow\" d=\"M36.075,44.159q.809-14.8.7-29.648-.031-4.183-.124-8.365c-.035-1.469-1.932-1.48-1.892,0q.367,14.824-.181,29.658-.155,4.183-.385,8.355C34.1,45.617,36,45.617,36.075,44.159ZM45.441,38.4l-7.753,8.969-1.9,2.2a8.621,8.621,0,0,0-.906,1.042,5.292,5.292,0,0,0-.513-.577L30.51,45.649l-4.393-4.995c-.884-1.01-2.232.609-1.326,1.6l8.4,9.551c.7.791,1.454,1.7,2.462.988a12.985,12.985,0,0,0,2.117-2.334l4.256-4.92,4.756-5.518c.884-1.02-.46-2.639-1.339-1.624Z\" transform=\"translate(-5.04 47.069) rotate(-90)\" fill=\"#da9c03\"><\/path>\n                        <\/svg> <\/span>\n                <\/div>\n            <\/div>\n        <\/div>\n        <div style=\"width: 100%; padding-bottom: 2em;\">\n            <p style=\"text-align: center; color: var(--e-global-color-text ); font-family: 'EB Garamond', Sans-serif;\">Pour toutes demandes sp\u00e9cifiques, n\u2019h\u00e9sitez pas \u00e0 nous contacter : +41 22 347 97 47<\/p>\n        <\/div>\n    <\/div>\n\n<script src=\"https:\/\/code.jquery.com\/jquery-3.7.1.min.js\" integrity=\"sha256-\/JqT3SQfawRcv\/BIHPThkBvs0OEvtFFmqPF\/lYI\/Cxo=\" crossorigin=\"anonymous\"><\/script>\n    <script src=\"\/wp-content\/themes\/hello-theme-child-master\/js\/custom-flowers.js\"><\/script>\n\n\n    <\/div>\n\t\t\t\t<\/div>\n\t\t\t\t<\/div>\n\t\t\t\t\t<\/div>\n\t\t<\/div>\n\t\t\t\t\t<\/div>\n\t\t<\/section>\n\t\t\t\t<\/div>\n\t\t","protected":false},"excerpt":{"rendered":"<p>Acheter en ligne Bouquet champ\u00eatres<\/p>\n","protected":false},"author":1,"featured_media":0,"parent":1895,"menu_order":0,"comment_status":"closed","ping_status":"closed","template":"","meta":{"_acf_changed":false,"footnotes":""},"class_list":["post-1918","page","type-page","status-publish","hentry"],"acf":[],"yoast_head":"<!-- This site is optimized with the Yoast SEO plugin v23.0 - https:\/\/yoast.com\/wordpress\/plugins\/seo\/ -->\n<title>Bouquets champetres - C\u00f4t\u00e9 fleurs<\/title>\n<meta name=\"robots\" content=\"index, follow, max-snippet:-1, max-image-preview:large, max-video-preview:-1\" \/>\n<link rel=\"canonical\" href=\"https:\/\/www.cotefleurs.ch\/fr\/acheter-en-ligne\/fleurs-coupees\/bouquets-melanges\/bouquets-champetres\/\" \/>\n<meta property=\"og:locale\" content=\"fr_FR\" \/>\n<meta property=\"og:type\" content=\"article\" \/>\n<meta property=\"og:title\" content=\"Bouquets champetres - C\u00f4t\u00e9 fleurs\" \/>\n<meta property=\"og:description\" content=\"Acheter en ligne Bouquet champ\u00eatres\" \/>\n<meta property=\"og:url\" content=\"https:\/\/www.cotefleurs.ch\/fr\/acheter-en-ligne\/fleurs-coupees\/bouquets-melanges\/bouquets-champetres\/\" \/>\n<meta property=\"og:site_name\" content=\"C\u00f4t\u00e9 fleurs\" \/>\n<meta property=\"article:modified_time\" content=\"2023-09-18T13:41:12+00:00\" \/>\n<meta property=\"og:image\" content=\"https:\/\/www.cotefleurs.ch\/wp-content\/uploads\/2023\/10\/Bouquet-mari\u201ae-rond-pastel-avec-dahlia.webp\" \/>\n\t<meta property=\"og:image:width\" content=\"1500\" \/>\n\t<meta property=\"og:image:height\" content=\"1120\" \/>\n\t<meta property=\"og:image:type\" content=\"image\/webp\" \/>\n<meta name=\"twitter:card\" content=\"summary_large_image\" \/>\n<meta name=\"twitter:label1\" content=\"Dur\u00e9e de lecture estim\u00e9e\" \/>\n\t<meta name=\"twitter:data1\" content=\"1 minute\" \/>\n<script type=\"application\/ld+json\" class=\"yoast-schema-graph\">{\"@context\":\"https:\/\/schema.org\",\"@graph\":[{\"@type\":\"WebPage\",\"@id\":\"https:\/\/www.cotefleurs.ch\/fr\/acheter-en-ligne\/fleurs-coupees\/bouquets-melanges\/bouquets-champetres\/\",\"url\":\"https:\/\/www.cotefleurs.ch\/fr\/acheter-en-ligne\/fleurs-coupees\/bouquets-melanges\/bouquets-champetres\/\",\"name\":\"Bouquets champetres - C\u00f4t\u00e9 fleurs\",\"isPartOf\":{\"@id\":\"https:\/\/www.cotefleurs.ch\/fr\/#website\"},\"datePublished\":\"2023-09-18T13:40:19+00:00\",\"dateModified\":\"2023-09-18T13:41:12+00:00\",\"breadcrumb\":{\"@id\":\"https:\/\/www.cotefleurs.ch\/fr\/acheter-en-ligne\/fleurs-coupees\/bouquets-melanges\/bouquets-champetres\/#breadcrumb\"},\"inLanguage\":\"fr-FR\",\"potentialAction\":[{\"@type\":\"ReadAction\",\"target\":[\"https:\/\/www.cotefleurs.ch\/fr\/acheter-en-ligne\/fleurs-coupees\/bouquets-melanges\/bouquets-champetres\/\"]}]},{\"@type\":\"BreadcrumbList\",\"@id\":\"https:\/\/www.cotefleurs.ch\/fr\/acheter-en-ligne\/fleurs-coupees\/bouquets-melanges\/bouquets-champetres\/#breadcrumb\",\"itemListElement\":[{\"@type\":\"ListItem\",\"position\":1,\"name\":\"Home\",\"item\":\"https:\/\/www.cotefleurs.ch\/en\/\"},{\"@type\":\"ListItem\",\"position\":2,\"name\":\"Livraison de fleurs \u00e0 Gen\u00e8ve\",\"item\":\"https:\/\/www.cotefleurs.ch\/fr\/acheter-en-ligne\/\"},{\"@type\":\"ListItem\",\"position\":3,\"name\":\"Fleurs coup\u00e9es\",\"item\":\"https:\/\/www.cotefleurs.ch\/fr\/acheter-en-ligne\/fleurs-coupees\/\"},{\"@type\":\"ListItem\",\"position\":4,\"name\":\"Bouquets melanges\",\"item\":\"https:\/\/www.cotefleurs.ch\/fr\/acheter-en-ligne\/fleurs-coupees\/bouquets-melanges\/\"},{\"@type\":\"ListItem\",\"position\":5,\"name\":\"Bouquets champetres\"}]},{\"@type\":\"WebSite\",\"@id\":\"https:\/\/www.cotefleurs.ch\/fr\/#website\",\"url\":\"https:\/\/www.cotefleurs.ch\/fr\/\",\"name\":\"C\u00f4t\u00e9 fleurs\",\"description\":\"Fleuriste \u00e0 Gen\u00e8ve\",\"publisher\":{\"@id\":\"https:\/\/www.cotefleurs.ch\/fr\/#organization\"},\"potentialAction\":[{\"@type\":\"SearchAction\",\"target\":{\"@type\":\"EntryPoint\",\"urlTemplate\":\"https:\/\/www.cotefleurs.ch\/fr\/?s={search_term_string}\"},\"query-input\":\"required name=search_term_string\"}],\"inLanguage\":\"fr-FR\"},{\"@type\":\"Organization\",\"@id\":\"https:\/\/www.cotefleurs.ch\/fr\/#organization\",\"name\":\"C\u00f4t\u00e9 fleurs\",\"url\":\"https:\/\/www.cotefleurs.ch\/fr\/\",\"logo\":{\"@type\":\"ImageObject\",\"inLanguage\":\"fr-FR\",\"@id\":\"https:\/\/www.cotefleurs.ch\/fr\/#\/schema\/logo\/image\/\",\"url\":\"https:\/\/www.cotefleurs.ch\/wp-content\/uploads\/2023\/08\/logo-cote-fleurs-fleuriste-geneve-livraison-fleurs.webp\",\"contentUrl\":\"https:\/\/www.cotefleurs.ch\/wp-content\/uploads\/2023\/08\/logo-cote-fleurs-fleuriste-geneve-livraison-fleurs.webp\",\"width\":400,\"height\":400,\"caption\":\"C\u00f4t\u00e9 fleurs\"},\"image\":{\"@id\":\"https:\/\/www.cotefleurs.ch\/fr\/#\/schema\/logo\/image\/\"}}]}<\/script>\n<!-- \/ Yoast SEO plugin. -->","yoast_head_json":{"title":"Bouquets champetres - C\u00f4t\u00e9 fleurs","robots":{"index":"index","follow":"follow","max-snippet":"max-snippet:-1","max-image-preview":"max-image-preview:large","max-video-preview":"max-video-preview:-1"},"canonical":"https:\/\/www.cotefleurs.ch\/fr\/acheter-en-ligne\/fleurs-coupees\/bouquets-melanges\/bouquets-champetres\/","og_locale":"fr_FR","og_type":"article","og_title":"Bouquets champetres - C\u00f4t\u00e9 fleurs","og_description":"Acheter en ligne Bouquet champ\u00eatres","og_url":"https:\/\/www.cotefleurs.ch\/fr\/acheter-en-ligne\/fleurs-coupees\/bouquets-melanges\/bouquets-champetres\/","og_site_name":"C\u00f4t\u00e9 fleurs","article_modified_time":"2023-09-18T13:41:12+00:00","og_image":[{"width":1500,"height":1120,"url":"https:\/\/www.cotefleurs.ch\/wp-content\/uploads\/2023\/10\/Bouquet-mari\u201ae-rond-pastel-avec-dahlia.webp","type":"image\/webp"}],"twitter_card":"summary_large_image","twitter_misc":{"Dur\u00e9e de lecture estim\u00e9e":"1 minute"},"schema":{"@context":"https:\/\/schema.org","@graph":[{"@type":"WebPage","@id":"https:\/\/www.cotefleurs.ch\/fr\/acheter-en-ligne\/fleurs-coupees\/bouquets-melanges\/bouquets-champetres\/","url":"https:\/\/www.cotefleurs.ch\/fr\/acheter-en-ligne\/fleurs-coupees\/bouquets-melanges\/bouquets-champetres\/","name":"Bouquets champetres - C\u00f4t\u00e9 fleurs","isPartOf":{"@id":"https:\/\/www.cotefleurs.ch\/fr\/#website"},"datePublished":"2023-09-18T13:40:19+00:00","dateModified":"2023-09-18T13:41:12+00:00","breadcrumb":{"@id":"https:\/\/www.cotefleurs.ch\/fr\/acheter-en-ligne\/fleurs-coupees\/bouquets-melanges\/bouquets-champetres\/#breadcrumb"},"inLanguage":"fr-FR","potentialAction":[{"@type":"ReadAction","target":["https:\/\/www.cotefleurs.ch\/fr\/acheter-en-ligne\/fleurs-coupees\/bouquets-melanges\/bouquets-champetres\/"]}]},{"@type":"BreadcrumbList","@id":"https:\/\/www.cotefleurs.ch\/fr\/acheter-en-ligne\/fleurs-coupees\/bouquets-melanges\/bouquets-champetres\/#breadcrumb","itemListElement":[{"@type":"ListItem","position":1,"name":"Home","item":"https:\/\/www.cotefleurs.ch\/en\/"},{"@type":"ListItem","position":2,"name":"Livraison de fleurs \u00e0 Gen\u00e8ve","item":"https:\/\/www.cotefleurs.ch\/fr\/acheter-en-ligne\/"},{"@type":"ListItem","position":3,"name":"Fleurs coup\u00e9es","item":"https:\/\/www.cotefleurs.ch\/fr\/acheter-en-ligne\/fleurs-coupees\/"},{"@type":"ListItem","position":4,"name":"Bouquets melanges","item":"https:\/\/www.cotefleurs.ch\/fr\/acheter-en-ligne\/fleurs-coupees\/bouquets-melanges\/"},{"@type":"ListItem","position":5,"name":"Bouquets champetres"}]},{"@type":"WebSite","@id":"https:\/\/www.cotefleurs.ch\/fr\/#website","url":"https:\/\/www.cotefleurs.ch\/fr\/","name":"C\u00f4t\u00e9 fleurs","description":"Fleuriste \u00e0 Gen\u00e8ve","publisher":{"@id":"https:\/\/www.cotefleurs.ch\/fr\/#organization"},"potentialAction":[{"@type":"SearchAction","target":{"@type":"EntryPoint","urlTemplate":"https:\/\/www.cotefleurs.ch\/fr\/?s={search_term_string}"},"query-input":"required name=search_term_string"}],"inLanguage":"fr-FR"},{"@type":"Organization","@id":"https:\/\/www.cotefleurs.ch\/fr\/#organization","name":"C\u00f4t\u00e9 fleurs","url":"https:\/\/www.cotefleurs.ch\/fr\/","logo":{"@type":"ImageObject","inLanguage":"fr-FR","@id":"https:\/\/www.cotefleurs.ch\/fr\/#\/schema\/logo\/image\/","url":"https:\/\/www.cotefleurs.ch\/wp-content\/uploads\/2023\/08\/logo-cote-fleurs-fleuriste-geneve-livraison-fleurs.webp","contentUrl":"https:\/\/www.cotefleurs.ch\/wp-content\/uploads\/2023\/08\/logo-cote-fleurs-fleuriste-geneve-livraison-fleurs.webp","width":400,"height":400,"caption":"C\u00f4t\u00e9 fleurs"},"image":{"@id":"https:\/\/www.cotefleurs.ch\/fr\/#\/schema\/logo\/image\/"}}]}},"_links":{"self":[{"href":"https:\/\/www.cotefleurs.ch\/fr\/wp-json\/wp\/v2\/pages\/1918","targetHints":{"allow":["GET"]}}],"collection":[{"href":"https:\/\/www.cotefleurs.ch\/fr\/wp-json\/wp\/v2\/pages"}],"about":[{"href":"https:\/\/www.cotefleurs.ch\/fr\/wp-json\/wp\/v2\/types\/page"}],"author":[{"embeddable":true,"href":"https:\/\/www.cotefleurs.ch\/fr\/wp-json\/wp\/v2\/users\/1"}],"replies":[{"embeddable":true,"href":"https:\/\/www.cotefleurs.ch\/fr\/wp-json\/wp\/v2\/comments?post=1918"}],"version-history":[{"count":4,"href":"https:\/\/www.cotefleurs.ch\/fr\/wp-json\/wp\/v2\/pages\/1918\/revisions"}],"predecessor-version":[{"id":1922,"href":"https:\/\/www.cotefleurs.ch\/fr\/wp-json\/wp\/v2\/pages\/1918\/revisions\/1922"}],"up":[{"embeddable":true,"href":"https:\/\/www.cotefleurs.ch\/fr\/wp-json\/wp\/v2\/pages\/1895"}],"wp:attachment":[{"href":"https:\/\/www.cotefleurs.ch\/fr\/wp-json\/wp\/v2\/media?parent=1918"}],"curies":[{"name":"wp","href":"https:\/\/api.w.org\/{rel}","templated":true}]}}