{"id":2612,"date":"2023-08-10T08:31:03","date_gmt":"2023-08-10T08:31:03","guid":{"rendered":"https:\/\/www.cotefleurs.ch\/produit\/oriental-champetre-bouquet\/"},"modified":"2023-10-25T14:09:17","modified_gmt":"2023-10-25T14:09:17","slug":"oriental-champetre-bouquet","status":"publish","type":"product","link":"https:\/\/www.cotefleurs.ch\/en\/buy-online\/cut-flowers\/mixed-bouquets\/wild-flowers\/oriental-en\/","title":{"rendered":"Oriental champ\u00eatre bouquet"},"content":{"rendered":"<p>The Bouquet of oriental country flowers combines the rustic simplicity of the countryside with oriental exoticism. These unique floral arrangements evoke the serenity of oriental gardens. Transform your interior into a haven of peace with these Bouquets of flowers. Order them today for fast delivery to Geneva and create an enchanted atmosphere.<\/p>\n","protected":false},"excerpt":{"rendered":"<p>The Bouquet of oriental country flowers combines the rustic simplicity of the countryside with oriental exoticism. These unique floral arrangements evoke the serenity of oriental gardens. Transform your interior into a haven of peace with these Bouquets of flowers. Order them today for fast delivery to Geneva and create an enchanted atmosphere.<\/p>\n","protected":false},"featured_media":2319,"comment_status":"open","ping_status":"closed","template":"","meta":{"_acf_changed":false},"product_cat":[91,93,99],"product_tag":[],"class_list":{"0":"post-2612","1":"product","2":"type-product","3":"status-publish","4":"has-post-thumbnail","6":"product_cat-bouquets","7":"product_cat-champetre","8":"product_cat-product-store","10":"first","11":"instock","12":"taxable","13":"shipping-taxable","14":"purchasable","15":"product-type-simple"},"acf":[],"yoast_head":"<!-- This site is optimized with the Yoast SEO plugin v23.0 - https:\/\/yoast.com\/wordpress\/plugins\/seo\/ -->\n<title>Oriental Country Bouquet | Flower Shop Geneva<\/title>\n<meta name=\"description\" content=\"Explore our oriental-inspired country bouquets online. Flower shop in Geneva with fast delivery.\" \/>\n<meta name=\"robots\" content=\"index, follow, max-snippet:-1, max-image-preview:large, max-video-preview:-1\" \/>\n<link rel=\"canonical\" href=\"https:\/\/www.cotefleurs.ch\/en\/buy-online\/cut-flowers\/mixed-bouquets\/wild-flowers\/oriental-en\/\" \/>\n<meta property=\"og:locale\" content=\"en_GB\" \/>\n<meta property=\"og:type\" content=\"article\" \/>\n<meta property=\"og:title\" content=\"Oriental Country Bouquet | Flower Shop Geneva\" \/>\n<meta property=\"og:description\" content=\"Explore our oriental-inspired country bouquets online. Flower shop in Geneva with fast delivery.\" \/>\n<meta property=\"og:url\" content=\"https:\/\/www.cotefleurs.ch\/en\/buy-online\/cut-flowers\/mixed-bouquets\/wild-flowers\/oriental-en\/\" \/>\n<meta property=\"og:site_name\" content=\"C\u00f4t\u00e9 fleurs\" \/>\n<meta property=\"article:modified_time\" content=\"2023-10-25T14:09:17+00:00\" \/>\n<meta property=\"og:image\" content=\"https:\/\/www.cotefleurs.ch\/wp-content\/uploads\/2023\/08\/bouquet-champetre-orientale-livraison-fleurs-geneve.webp\" \/>\n\t<meta property=\"og:image:width\" content=\"1000\" \/>\n\t<meta property=\"og:image:height\" content=\"1000\" \/>\n\t<meta property=\"og:image:type\" content=\"image\/webp\" \/>\n<meta name=\"twitter:card\" content=\"summary_large_image\" \/>\n<meta name=\"twitter:label1\" content=\"Estimated reading time\" \/>\n\t<meta name=\"twitter:data1\" content=\"1 minute\" \/>\n<script type=\"application\/ld+json\" class=\"yoast-schema-graph\">{\"@context\":\"https:\/\/schema.org\",\"@graph\":[{\"@type\":\"WebPage\",\"@id\":\"https:\/\/www.cotefleurs.ch\/en\/buy-online\/cut-flowers\/mixed-bouquets\/wild-flowers\/oriental-en\/\",\"url\":\"https:\/\/www.cotefleurs.ch\/en\/buy-online\/cut-flowers\/mixed-bouquets\/wild-flowers\/oriental-en\/\",\"name\":\"Oriental Country Bouquet | Flower Shop Geneva\",\"isPartOf\":{\"@id\":\"https:\/\/www.cotefleurs.ch\/en\/#website\"},\"primaryImageOfPage\":{\"@id\":\"https:\/\/www.cotefleurs.ch\/en\/buy-online\/cut-flowers\/mixed-bouquets\/wild-flowers\/oriental-en\/#primaryimage\"},\"image\":{\"@id\":\"https:\/\/www.cotefleurs.ch\/en\/buy-online\/cut-flowers\/mixed-bouquets\/wild-flowers\/oriental-en\/#primaryimage\"},\"thumbnailUrl\":\"https:\/\/www.cotefleurs.ch\/wp-content\/uploads\/2023\/08\/bouquet-champetre-orientale-livraison-fleurs-geneve.webp\",\"datePublished\":\"2023-08-10T08:31:03+00:00\",\"dateModified\":\"2023-10-25T14:09:17+00:00\",\"description\":\"Explore our oriental-inspired country bouquets online. Flower shop in Geneva with fast delivery.\",\"breadcrumb\":{\"@id\":\"https:\/\/www.cotefleurs.ch\/en\/buy-online\/cut-flowers\/mixed-bouquets\/wild-flowers\/oriental-en\/#breadcrumb\"},\"inLanguage\":\"en-GB\",\"potentialAction\":[{\"@type\":\"ReadAction\",\"target\":[\"https:\/\/www.cotefleurs.ch\/en\/buy-online\/cut-flowers\/mixed-bouquets\/wild-flowers\/oriental-en\/\"]}]},{\"@type\":\"ImageObject\",\"inLanguage\":\"en-GB\",\"@id\":\"https:\/\/www.cotefleurs.ch\/en\/buy-online\/cut-flowers\/mixed-bouquets\/wild-flowers\/oriental-en\/#primaryimage\",\"url\":\"https:\/\/www.cotefleurs.ch\/wp-content\/uploads\/2023\/08\/bouquet-champetre-orientale-livraison-fleurs-geneve.webp\",\"contentUrl\":\"https:\/\/www.cotefleurs.ch\/wp-content\/uploads\/2023\/08\/bouquet-champetre-orientale-livraison-fleurs-geneve.webp\",\"width\":1000,\"height\":1000,\"caption\":\"bouquet de fleur de couleur oriental\"},{\"@type\":\"BreadcrumbList\",\"@id\":\"https:\/\/www.cotefleurs.ch\/en\/buy-online\/cut-flowers\/mixed-bouquets\/wild-flowers\/oriental-en\/#breadcrumb\",\"itemListElement\":[{\"@type\":\"ListItem\",\"position\":1,\"name\":\"Home\",\"item\":\"https:\/\/www.cotefleurs.ch\/fr\/\"},{\"@type\":\"ListItem\",\"position\":2,\"name\":\"Produits\",\"item\":\"https:\/\/www.cotefleurs.ch\/fr\/shop\/\"},{\"@type\":\"ListItem\",\"position\":3,\"name\":\"Oriental champ\u00eatre bouquet\"}]},{\"@type\":\"WebSite\",\"@id\":\"https:\/\/www.cotefleurs.ch\/en\/#website\",\"url\":\"https:\/\/www.cotefleurs.ch\/en\/\",\"name\":\"C\u00f4t\u00e9 fleurs\",\"description\":\"Fleuriste \u00e0 Gen\u00e8ve\",\"publisher\":{\"@id\":\"https:\/\/www.cotefleurs.ch\/en\/#organization\"},\"potentialAction\":[{\"@type\":\"SearchAction\",\"target\":{\"@type\":\"EntryPoint\",\"urlTemplate\":\"https:\/\/www.cotefleurs.ch\/en\/?s={search_term_string}\"},\"query-input\":\"required name=search_term_string\"}],\"inLanguage\":\"en-GB\"},{\"@type\":\"Organization\",\"@id\":\"https:\/\/www.cotefleurs.ch\/en\/#organization\",\"name\":\"C\u00f4t\u00e9 fleurs\",\"url\":\"https:\/\/www.cotefleurs.ch\/en\/\",\"logo\":{\"@type\":\"ImageObject\",\"inLanguage\":\"en-GB\",\"@id\":\"https:\/\/www.cotefleurs.ch\/en\/#\/schema\/logo\/image\/\",\"url\":\"https:\/\/www.cotefleurs.ch\/wp-content\/uploads\/2023\/08\/logo-cote-fleurs-fleuriste-geneve-livraison-fleurs.webp\",\"contentUrl\":\"https:\/\/www.cotefleurs.ch\/wp-content\/uploads\/2023\/08\/logo-cote-fleurs-fleuriste-geneve-livraison-fleurs.webp\",\"width\":400,\"height\":400,\"caption\":\"C\u00f4t\u00e9 fleurs\"},\"image\":{\"@id\":\"https:\/\/www.cotefleurs.ch\/en\/#\/schema\/logo\/image\/\"}}]}<\/script>\n<!-- \/ Yoast SEO plugin. -->","yoast_head_json":{"title":"Oriental Country Bouquet | Flower Shop Geneva","description":"Explore our oriental-inspired country bouquets online. Flower shop in Geneva with fast delivery.","robots":{"index":"index","follow":"follow","max-snippet":"max-snippet:-1","max-image-preview":"max-image-preview:large","max-video-preview":"max-video-preview:-1"},"canonical":"https:\/\/www.cotefleurs.ch\/en\/buy-online\/cut-flowers\/mixed-bouquets\/wild-flowers\/oriental-en\/","og_locale":"en_GB","og_type":"article","og_title":"Oriental Country Bouquet | Flower Shop Geneva","og_description":"Explore our oriental-inspired country bouquets online. Flower shop in Geneva with fast delivery.","og_url":"https:\/\/www.cotefleurs.ch\/en\/buy-online\/cut-flowers\/mixed-bouquets\/wild-flowers\/oriental-en\/","og_site_name":"C\u00f4t\u00e9 fleurs","article_modified_time":"2023-10-25T14:09:17+00:00","og_image":[{"width":1000,"height":1000,"url":"https:\/\/www.cotefleurs.ch\/wp-content\/uploads\/2023\/08\/bouquet-champetre-orientale-livraison-fleurs-geneve.webp","type":"image\/webp"}],"twitter_card":"summary_large_image","twitter_misc":{"Estimated reading time":"1 minute"},"schema":{"@context":"https:\/\/schema.org","@graph":[{"@type":"WebPage","@id":"https:\/\/www.cotefleurs.ch\/en\/buy-online\/cut-flowers\/mixed-bouquets\/wild-flowers\/oriental-en\/","url":"https:\/\/www.cotefleurs.ch\/en\/buy-online\/cut-flowers\/mixed-bouquets\/wild-flowers\/oriental-en\/","name":"Oriental Country Bouquet | Flower Shop Geneva","isPartOf":{"@id":"https:\/\/www.cotefleurs.ch\/en\/#website"},"primaryImageOfPage":{"@id":"https:\/\/www.cotefleurs.ch\/en\/buy-online\/cut-flowers\/mixed-bouquets\/wild-flowers\/oriental-en\/#primaryimage"},"image":{"@id":"https:\/\/www.cotefleurs.ch\/en\/buy-online\/cut-flowers\/mixed-bouquets\/wild-flowers\/oriental-en\/#primaryimage"},"thumbnailUrl":"https:\/\/www.cotefleurs.ch\/wp-content\/uploads\/2023\/08\/bouquet-champetre-orientale-livraison-fleurs-geneve.webp","datePublished":"2023-08-10T08:31:03+00:00","dateModified":"2023-10-25T14:09:17+00:00","description":"Explore our oriental-inspired country bouquets online. Flower shop in Geneva with fast delivery.","breadcrumb":{"@id":"https:\/\/www.cotefleurs.ch\/en\/buy-online\/cut-flowers\/mixed-bouquets\/wild-flowers\/oriental-en\/#breadcrumb"},"inLanguage":"en-GB","potentialAction":[{"@type":"ReadAction","target":["https:\/\/www.cotefleurs.ch\/en\/buy-online\/cut-flowers\/mixed-bouquets\/wild-flowers\/oriental-en\/"]}]},{"@type":"ImageObject","inLanguage":"en-GB","@id":"https:\/\/www.cotefleurs.ch\/en\/buy-online\/cut-flowers\/mixed-bouquets\/wild-flowers\/oriental-en\/#primaryimage","url":"https:\/\/www.cotefleurs.ch\/wp-content\/uploads\/2023\/08\/bouquet-champetre-orientale-livraison-fleurs-geneve.webp","contentUrl":"https:\/\/www.cotefleurs.ch\/wp-content\/uploads\/2023\/08\/bouquet-champetre-orientale-livraison-fleurs-geneve.webp","width":1000,"height":1000,"caption":"bouquet de fleur de couleur oriental"},{"@type":"BreadcrumbList","@id":"https:\/\/www.cotefleurs.ch\/en\/buy-online\/cut-flowers\/mixed-bouquets\/wild-flowers\/oriental-en\/#breadcrumb","itemListElement":[{"@type":"ListItem","position":1,"name":"Home","item":"https:\/\/www.cotefleurs.ch\/fr\/"},{"@type":"ListItem","position":2,"name":"Produits","item":"https:\/\/www.cotefleurs.ch\/fr\/shop\/"},{"@type":"ListItem","position":3,"name":"Oriental champ\u00eatre bouquet"}]},{"@type":"WebSite","@id":"https:\/\/www.cotefleurs.ch\/en\/#website","url":"https:\/\/www.cotefleurs.ch\/en\/","name":"C\u00f4t\u00e9 fleurs","description":"Fleuriste \u00e0 Gen\u00e8ve","publisher":{"@id":"https:\/\/www.cotefleurs.ch\/en\/#organization"},"potentialAction":[{"@type":"SearchAction","target":{"@type":"EntryPoint","urlTemplate":"https:\/\/www.cotefleurs.ch\/en\/?s={search_term_string}"},"query-input":"required name=search_term_string"}],"inLanguage":"en-GB"},{"@type":"Organization","@id":"https:\/\/www.cotefleurs.ch\/en\/#organization","name":"C\u00f4t\u00e9 fleurs","url":"https:\/\/www.cotefleurs.ch\/en\/","logo":{"@type":"ImageObject","inLanguage":"en-GB","@id":"https:\/\/www.cotefleurs.ch\/en\/#\/schema\/logo\/image\/","url":"https:\/\/www.cotefleurs.ch\/wp-content\/uploads\/2023\/08\/logo-cote-fleurs-fleuriste-geneve-livraison-fleurs.webp","contentUrl":"https:\/\/www.cotefleurs.ch\/wp-content\/uploads\/2023\/08\/logo-cote-fleurs-fleuriste-geneve-livraison-fleurs.webp","width":400,"height":400,"caption":"C\u00f4t\u00e9 fleurs"},"image":{"@id":"https:\/\/www.cotefleurs.ch\/en\/#\/schema\/logo\/image\/"}}]}},"_links":{"self":[{"href":"https:\/\/www.cotefleurs.ch\/en\/wp-json\/wp\/v2\/product\/2612","targetHints":{"allow":["GET"]}}],"collection":[{"href":"https:\/\/www.cotefleurs.ch\/en\/wp-json\/wp\/v2\/product"}],"about":[{"href":"https:\/\/www.cotefleurs.ch\/en\/wp-json\/wp\/v2\/types\/product"}],"replies":[{"embeddable":true,"href":"https:\/\/www.cotefleurs.ch\/en\/wp-json\/wp\/v2\/comments?post=2612"}],"version-history":[{"count":2,"href":"https:\/\/www.cotefleurs.ch\/en\/wp-json\/wp\/v2\/product\/2612\/revisions"}],"predecessor-version":[{"id":3083,"href":"https:\/\/www.cotefleurs.ch\/en\/wp-json\/wp\/v2\/product\/2612\/revisions\/3083"}],"wp:featuredmedia":[{"embeddable":true,"href":"https:\/\/www.cotefleurs.ch\/en\/wp-json\/wp\/v2\/media\/2319"}],"wp:attachment":[{"href":"https:\/\/www.cotefleurs.ch\/en\/wp-json\/wp\/v2\/media?parent=2612"}],"wp:term":[{"taxonomy":"product_cat","embeddable":true,"href":"https:\/\/www.cotefleurs.ch\/en\/wp-json\/wp\/v2\/product_cat?post=2612"},{"taxonomy":"product_tag","embeddable":true,"href":"https:\/\/www.cotefleurs.ch\/en\/wp-json\/wp\/v2\/product_tag?post=2612"}],"curies":[{"name":"wp","href":"https:\/\/api.w.org\/{rel}","templated":true}]}}