{"id":2595,"date":"2023-08-10T08:31:04","date_gmt":"2023-08-10T08:31:04","guid":{"rendered":"https:\/\/www.cotefleurs.ch\/produit\/bouquet-of-orange-roses\/"},"modified":"2023-10-25T14:05:40","modified_gmt":"2023-10-25T14:05:40","slug":"bouquet-of-orange-roses","status":"publish","type":"product","link":"https:\/\/www.cotefleurs.ch\/en\/buy-online\/cut-flowers\/bouquets-of-one-kind\/roses\/colored\/","title":{"rendered":"Bouquet of orange roses"},"content":{"rendered":"<p>The Bouquet of Orange Roses evokes warmth and vitality. It also symbolizes the joy of living. These flamboyant roses symbolize enthusiasm and energy. Offer this bouquet to share joy and optimism. Roses are offered in odd numbers. Order it today and have these orange roses delivered to Geneva to bring color and vivacity to your home.<\/p>\n","protected":false},"excerpt":{"rendered":"<p>The Bouquet of Orange Roses evokes warmth and vitality. It also symbolizes the joy of living. These flamboyant roses symbolize enthusiasm and energy. Offer this bouquet to share joy and optimism. Roses are offered in odd numbers. Order it today and have these orange roses delivered to Geneva to bring color and vivacity to your [&hellip;]<\/p>\n","protected":false},"featured_media":2230,"comment_status":"open","ping_status":"closed","template":"","meta":{"_acf_changed":false},"product_cat":[91,118,94],"product_tag":[],"class_list":{"0":"post-2595","1":"product","2":"type-product","3":"status-publish","4":"has-post-thumbnail","6":"product_cat-bouquets","7":"product_cat-rose-en-2","8":"product_cat-variety-of-bouquet","10":"first","11":"instock","12":"taxable","13":"shipping-taxable","14":"purchasable","15":"product-type-simple"},"acf":[],"yoast_head":"<!-- This site is optimized with the Yoast SEO plugin v23.0 - https:\/\/yoast.com\/wordpress\/plugins\/seo\/ -->\n<title>Bouquet of Orange Roses | Geneva Roses Delivery<\/title>\n<meta name=\"description\" content=\"Order bright orange roses online. Delivery of roses in Geneva during the day.\" \/>\n<meta name=\"robots\" content=\"index, follow, max-snippet:-1, max-image-preview:large, max-video-preview:-1\" \/>\n<link rel=\"canonical\" href=\"https:\/\/www.cotefleurs.ch\/en\/buy-online\/cut-flowers\/bouquets-of-one-kind\/roses\/colored\/\" \/>\n<meta property=\"og:locale\" content=\"en_GB\" \/>\n<meta property=\"og:type\" content=\"article\" \/>\n<meta property=\"og:title\" content=\"Bouquet of Orange Roses | Geneva Roses Delivery\" \/>\n<meta property=\"og:description\" content=\"Order bright orange roses online. Delivery of roses in Geneva during the day.\" \/>\n<meta property=\"og:url\" content=\"https:\/\/www.cotefleurs.ch\/en\/buy-online\/cut-flowers\/bouquets-of-one-kind\/roses\/colored\/\" \/>\n<meta property=\"og:site_name\" content=\"C\u00f4t\u00e9 fleurs\" \/>\n<meta property=\"article:modified_time\" content=\"2023-10-25T14:05:40+00:00\" \/>\n<meta property=\"og:image\" content=\"https:\/\/www.cotefleurs.ch\/wp-content\/uploads\/2023\/08\/17-Bqt-roses-oranges-copie.webp\" \/>\n\t<meta property=\"og:image:width\" content=\"1000\" \/>\n\t<meta property=\"og:image:height\" content=\"1000\" \/>\n\t<meta property=\"og:image:type\" content=\"image\/webp\" \/>\n<meta name=\"twitter:card\" content=\"summary_large_image\" \/>\n<meta name=\"twitter:label1\" content=\"Estimated reading time\" \/>\n\t<meta name=\"twitter:data1\" content=\"1 minute\" \/>\n<script type=\"application\/ld+json\" class=\"yoast-schema-graph\">{\"@context\":\"https:\/\/schema.org\",\"@graph\":[{\"@type\":\"WebPage\",\"@id\":\"https:\/\/www.cotefleurs.ch\/en\/buy-online\/cut-flowers\/bouquets-of-one-kind\/roses\/colored\/\",\"url\":\"https:\/\/www.cotefleurs.ch\/en\/buy-online\/cut-flowers\/bouquets-of-one-kind\/roses\/colored\/\",\"name\":\"Bouquet of Orange Roses | Geneva Roses Delivery\",\"isPartOf\":{\"@id\":\"https:\/\/www.cotefleurs.ch\/en\/#website\"},\"primaryImageOfPage\":{\"@id\":\"https:\/\/www.cotefleurs.ch\/en\/buy-online\/cut-flowers\/bouquets-of-one-kind\/roses\/colored\/#primaryimage\"},\"image\":{\"@id\":\"https:\/\/www.cotefleurs.ch\/en\/buy-online\/cut-flowers\/bouquets-of-one-kind\/roses\/colored\/#primaryimage\"},\"thumbnailUrl\":\"https:\/\/www.cotefleurs.ch\/wp-content\/uploads\/2023\/08\/17-Bqt-roses-oranges-copie.webp\",\"datePublished\":\"2023-08-10T08:31:04+00:00\",\"dateModified\":\"2023-10-25T14:05:40+00:00\",\"description\":\"Order bright orange roses online. Delivery of roses in Geneva during the day.\",\"breadcrumb\":{\"@id\":\"https:\/\/www.cotefleurs.ch\/en\/buy-online\/cut-flowers\/bouquets-of-one-kind\/roses\/colored\/#breadcrumb\"},\"inLanguage\":\"en-GB\",\"potentialAction\":[{\"@type\":\"ReadAction\",\"target\":[\"https:\/\/www.cotefleurs.ch\/en\/buy-online\/cut-flowers\/bouquets-of-one-kind\/roses\/colored\/\"]}]},{\"@type\":\"ImageObject\",\"inLanguage\":\"en-GB\",\"@id\":\"https:\/\/www.cotefleurs.ch\/en\/buy-online\/cut-flowers\/bouquets-of-one-kind\/roses\/colored\/#primaryimage\",\"url\":\"https:\/\/www.cotefleurs.ch\/wp-content\/uploads\/2023\/08\/17-Bqt-roses-oranges-copie.webp\",\"contentUrl\":\"https:\/\/www.cotefleurs.ch\/wp-content\/uploads\/2023\/08\/17-Bqt-roses-oranges-copie.webp\",\"width\":1000,\"height\":1000,\"caption\":\"bouquet de roses orange - livraison \u00e0 gen\u00e8ve\"},{\"@type\":\"BreadcrumbList\",\"@id\":\"https:\/\/www.cotefleurs.ch\/en\/buy-online\/cut-flowers\/bouquets-of-one-kind\/roses\/colored\/#breadcrumb\",\"itemListElement\":[{\"@type\":\"ListItem\",\"position\":1,\"name\":\"Home\",\"item\":\"https:\/\/www.cotefleurs.ch\/fr\/\"},{\"@type\":\"ListItem\",\"position\":2,\"name\":\"Produits\",\"item\":\"https:\/\/www.cotefleurs.ch\/fr\/shop\/\"},{\"@type\":\"ListItem\",\"position\":3,\"name\":\"Bouquet of orange roses\"}]},{\"@type\":\"WebSite\",\"@id\":\"https:\/\/www.cotefleurs.ch\/en\/#website\",\"url\":\"https:\/\/www.cotefleurs.ch\/en\/\",\"name\":\"C\u00f4t\u00e9 fleurs\",\"description\":\"Fleuriste \u00e0 Gen\u00e8ve\",\"publisher\":{\"@id\":\"https:\/\/www.cotefleurs.ch\/en\/#organization\"},\"potentialAction\":[{\"@type\":\"SearchAction\",\"target\":{\"@type\":\"EntryPoint\",\"urlTemplate\":\"https:\/\/www.cotefleurs.ch\/en\/?s={search_term_string}\"},\"query-input\":\"required name=search_term_string\"}],\"inLanguage\":\"en-GB\"},{\"@type\":\"Organization\",\"@id\":\"https:\/\/www.cotefleurs.ch\/en\/#organization\",\"name\":\"C\u00f4t\u00e9 fleurs\",\"url\":\"https:\/\/www.cotefleurs.ch\/en\/\",\"logo\":{\"@type\":\"ImageObject\",\"inLanguage\":\"en-GB\",\"@id\":\"https:\/\/www.cotefleurs.ch\/en\/#\/schema\/logo\/image\/\",\"url\":\"https:\/\/www.cotefleurs.ch\/wp-content\/uploads\/2023\/08\/logo-cote-fleurs-fleuriste-geneve-livraison-fleurs.webp\",\"contentUrl\":\"https:\/\/www.cotefleurs.ch\/wp-content\/uploads\/2023\/08\/logo-cote-fleurs-fleuriste-geneve-livraison-fleurs.webp\",\"width\":400,\"height\":400,\"caption\":\"C\u00f4t\u00e9 fleurs\"},\"image\":{\"@id\":\"https:\/\/www.cotefleurs.ch\/en\/#\/schema\/logo\/image\/\"}}]}<\/script>\n<!-- \/ Yoast SEO plugin. -->","yoast_head_json":{"title":"Bouquet of Orange Roses | Geneva Roses Delivery","description":"Order bright orange roses online. Delivery of roses in Geneva during the day.","robots":{"index":"index","follow":"follow","max-snippet":"max-snippet:-1","max-image-preview":"max-image-preview:large","max-video-preview":"max-video-preview:-1"},"canonical":"https:\/\/www.cotefleurs.ch\/en\/buy-online\/cut-flowers\/bouquets-of-one-kind\/roses\/colored\/","og_locale":"en_GB","og_type":"article","og_title":"Bouquet of Orange Roses | Geneva Roses Delivery","og_description":"Order bright orange roses online. Delivery of roses in Geneva during the day.","og_url":"https:\/\/www.cotefleurs.ch\/en\/buy-online\/cut-flowers\/bouquets-of-one-kind\/roses\/colored\/","og_site_name":"C\u00f4t\u00e9 fleurs","article_modified_time":"2023-10-25T14:05:40+00:00","og_image":[{"width":1000,"height":1000,"url":"https:\/\/www.cotefleurs.ch\/wp-content\/uploads\/2023\/08\/17-Bqt-roses-oranges-copie.webp","type":"image\/webp"}],"twitter_card":"summary_large_image","twitter_misc":{"Estimated reading time":"1 minute"},"schema":{"@context":"https:\/\/schema.org","@graph":[{"@type":"WebPage","@id":"https:\/\/www.cotefleurs.ch\/en\/buy-online\/cut-flowers\/bouquets-of-one-kind\/roses\/colored\/","url":"https:\/\/www.cotefleurs.ch\/en\/buy-online\/cut-flowers\/bouquets-of-one-kind\/roses\/colored\/","name":"Bouquet of Orange Roses | Geneva Roses Delivery","isPartOf":{"@id":"https:\/\/www.cotefleurs.ch\/en\/#website"},"primaryImageOfPage":{"@id":"https:\/\/www.cotefleurs.ch\/en\/buy-online\/cut-flowers\/bouquets-of-one-kind\/roses\/colored\/#primaryimage"},"image":{"@id":"https:\/\/www.cotefleurs.ch\/en\/buy-online\/cut-flowers\/bouquets-of-one-kind\/roses\/colored\/#primaryimage"},"thumbnailUrl":"https:\/\/www.cotefleurs.ch\/wp-content\/uploads\/2023\/08\/17-Bqt-roses-oranges-copie.webp","datePublished":"2023-08-10T08:31:04+00:00","dateModified":"2023-10-25T14:05:40+00:00","description":"Order bright orange roses online. Delivery of roses in Geneva during the day.","breadcrumb":{"@id":"https:\/\/www.cotefleurs.ch\/en\/buy-online\/cut-flowers\/bouquets-of-one-kind\/roses\/colored\/#breadcrumb"},"inLanguage":"en-GB","potentialAction":[{"@type":"ReadAction","target":["https:\/\/www.cotefleurs.ch\/en\/buy-online\/cut-flowers\/bouquets-of-one-kind\/roses\/colored\/"]}]},{"@type":"ImageObject","inLanguage":"en-GB","@id":"https:\/\/www.cotefleurs.ch\/en\/buy-online\/cut-flowers\/bouquets-of-one-kind\/roses\/colored\/#primaryimage","url":"https:\/\/www.cotefleurs.ch\/wp-content\/uploads\/2023\/08\/17-Bqt-roses-oranges-copie.webp","contentUrl":"https:\/\/www.cotefleurs.ch\/wp-content\/uploads\/2023\/08\/17-Bqt-roses-oranges-copie.webp","width":1000,"height":1000,"caption":"bouquet de roses orange - livraison \u00e0 gen\u00e8ve"},{"@type":"BreadcrumbList","@id":"https:\/\/www.cotefleurs.ch\/en\/buy-online\/cut-flowers\/bouquets-of-one-kind\/roses\/colored\/#breadcrumb","itemListElement":[{"@type":"ListItem","position":1,"name":"Home","item":"https:\/\/www.cotefleurs.ch\/fr\/"},{"@type":"ListItem","position":2,"name":"Produits","item":"https:\/\/www.cotefleurs.ch\/fr\/shop\/"},{"@type":"ListItem","position":3,"name":"Bouquet of orange roses"}]},{"@type":"WebSite","@id":"https:\/\/www.cotefleurs.ch\/en\/#website","url":"https:\/\/www.cotefleurs.ch\/en\/","name":"C\u00f4t\u00e9 fleurs","description":"Fleuriste \u00e0 Gen\u00e8ve","publisher":{"@id":"https:\/\/www.cotefleurs.ch\/en\/#organization"},"potentialAction":[{"@type":"SearchAction","target":{"@type":"EntryPoint","urlTemplate":"https:\/\/www.cotefleurs.ch\/en\/?s={search_term_string}"},"query-input":"required name=search_term_string"}],"inLanguage":"en-GB"},{"@type":"Organization","@id":"https:\/\/www.cotefleurs.ch\/en\/#organization","name":"C\u00f4t\u00e9 fleurs","url":"https:\/\/www.cotefleurs.ch\/en\/","logo":{"@type":"ImageObject","inLanguage":"en-GB","@id":"https:\/\/www.cotefleurs.ch\/en\/#\/schema\/logo\/image\/","url":"https:\/\/www.cotefleurs.ch\/wp-content\/uploads\/2023\/08\/logo-cote-fleurs-fleuriste-geneve-livraison-fleurs.webp","contentUrl":"https:\/\/www.cotefleurs.ch\/wp-content\/uploads\/2023\/08\/logo-cote-fleurs-fleuriste-geneve-livraison-fleurs.webp","width":400,"height":400,"caption":"C\u00f4t\u00e9 fleurs"},"image":{"@id":"https:\/\/www.cotefleurs.ch\/en\/#\/schema\/logo\/image\/"}}]}},"_links":{"self":[{"href":"https:\/\/www.cotefleurs.ch\/en\/wp-json\/wp\/v2\/product\/2595","targetHints":{"allow":["GET"]}}],"collection":[{"href":"https:\/\/www.cotefleurs.ch\/en\/wp-json\/wp\/v2\/product"}],"about":[{"href":"https:\/\/www.cotefleurs.ch\/en\/wp-json\/wp\/v2\/types\/product"}],"replies":[{"embeddable":true,"href":"https:\/\/www.cotefleurs.ch\/en\/wp-json\/wp\/v2\/comments?post=2595"}],"version-history":[{"count":2,"href":"https:\/\/www.cotefleurs.ch\/en\/wp-json\/wp\/v2\/product\/2595\/revisions"}],"predecessor-version":[{"id":3064,"href":"https:\/\/www.cotefleurs.ch\/en\/wp-json\/wp\/v2\/product\/2595\/revisions\/3064"}],"wp:featuredmedia":[{"embeddable":true,"href":"https:\/\/www.cotefleurs.ch\/en\/wp-json\/wp\/v2\/media\/2230"}],"wp:attachment":[{"href":"https:\/\/www.cotefleurs.ch\/en\/wp-json\/wp\/v2\/media?parent=2595"}],"wp:term":[{"taxonomy":"product_cat","embeddable":true,"href":"https:\/\/www.cotefleurs.ch\/en\/wp-json\/wp\/v2\/product_cat?post=2595"},{"taxonomy":"product_tag","embeddable":true,"href":"https:\/\/www.cotefleurs.ch\/en\/wp-json\/wp\/v2\/product_tag?post=2595"}],"curies":[{"name":"wp","href":"https:\/\/api.w.org\/{rel}","templated":true}]}}