{"id":2581,"date":"2023-08-10T08:31:06","date_gmt":"2023-08-10T08:31:06","guid":{"rendered":"https:\/\/www.cotefleurs.ch\/produit\/coral-peony-bouquet\/"},"modified":"2023-10-25T13:59:44","modified_gmt":"2023-10-25T13:59:44","slug":"coral-peony-bouquet","status":"publish","type":"product","link":"https:\/\/www.cotefleurs.ch\/en\/buy-online\/cut-flowers\/bouquets-of-one-kind\/peony\/coral\/","title":{"rendered":"Coral peony bouquet"},"content":{"rendered":"<p>Corails Peony Bouquet is a celebration of colour and vitality. The peony bouquet is usually used as the bride\u2019s bouquet. These coral peonies evoke joy and energy. Offer this bouquet to bring a touch of vivacity to your space. Order today and have these peonies delivered to Geneva to create a bright and dynamic atmosphere.<\/p>\n","protected":false},"excerpt":{"rendered":"<p>Corails Peony Bouquet is a celebration of colour and vitality. The peony bouquet is usually used as the bride\u2019s bouquet. These coral peonies evoke joy and energy. Offer this bouquet to bring a touch of vivacity to your space. Order today and have these peonies delivered to Geneva to create a bright and dynamic atmosphere.<\/p>\n","protected":false},"featured_media":323,"comment_status":"open","ping_status":"closed","template":"","meta":{"_acf_changed":false},"product_cat":[91,115,94],"product_tag":[],"class_list":{"0":"post-2581","1":"product","2":"type-product","3":"status-publish","4":"has-post-thumbnail","6":"product_cat-bouquets","7":"product_cat-peony","8":"product_cat-variety-of-bouquet","10":"first","11":"instock","12":"taxable","13":"shipping-taxable","14":"purchasable","15":"product-type-simple"},"acf":[],"yoast_head":"<!-- This site is optimized with the Yoast SEO plugin v23.0 - https:\/\/yoast.com\/wordpress\/plugins\/seo\/ -->\n<title>Bouquet of Peonies Corails | Delivery of Peonies Geneva<\/title>\n<meta name=\"description\" content=\"Discover our beautiful bouquets of peonies for sale online. Order now for fast delivery to Geneva.\" \/>\n<meta name=\"robots\" content=\"index, follow, max-snippet:-1, max-image-preview:large, max-video-preview:-1\" \/>\n<link rel=\"canonical\" href=\"https:\/\/www.cotefleurs.ch\/en\/buy-online\/cut-flowers\/bouquets-of-one-kind\/peony\/coral\/\" \/>\n<meta property=\"og:locale\" content=\"en_GB\" \/>\n<meta property=\"og:type\" content=\"article\" \/>\n<meta property=\"og:title\" content=\"Bouquet of Peonies Corails | Delivery of Peonies Geneva\" \/>\n<meta property=\"og:description\" content=\"Discover our beautiful bouquets of peonies for sale online. Order now for fast delivery to Geneva.\" \/>\n<meta property=\"og:url\" content=\"https:\/\/www.cotefleurs.ch\/en\/buy-online\/cut-flowers\/bouquets-of-one-kind\/peony\/coral\/\" \/>\n<meta property=\"og:site_name\" content=\"C\u00f4t\u00e9 fleurs\" \/>\n<meta property=\"article:modified_time\" content=\"2023-10-25T13:59:44+00:00\" \/>\n<meta property=\"og:image\" content=\"https:\/\/www.cotefleurs.ch\/wp-content\/uploads\/2023\/08\/Bouquet-de-pivoines-corails-100-CHF-davril-a-juin.webp\" \/>\n\t<meta property=\"og:image:width\" content=\"1500\" \/>\n\t<meta property=\"og:image:height\" content=\"2000\" \/>\n\t<meta property=\"og:image:type\" content=\"image\/webp\" \/>\n<meta name=\"twitter:card\" content=\"summary_large_image\" \/>\n<meta name=\"twitter:label1\" content=\"Estimated reading time\" \/>\n\t<meta name=\"twitter:data1\" content=\"1 minute\" \/>\n<script type=\"application\/ld+json\" class=\"yoast-schema-graph\">{\"@context\":\"https:\/\/schema.org\",\"@graph\":[{\"@type\":\"WebPage\",\"@id\":\"https:\/\/www.cotefleurs.ch\/en\/buy-online\/cut-flowers\/bouquets-of-one-kind\/peony\/coral\/\",\"url\":\"https:\/\/www.cotefleurs.ch\/en\/buy-online\/cut-flowers\/bouquets-of-one-kind\/peony\/coral\/\",\"name\":\"Bouquet of Peonies Corails | Delivery of Peonies Geneva\",\"isPartOf\":{\"@id\":\"https:\/\/www.cotefleurs.ch\/en\/#website\"},\"primaryImageOfPage\":{\"@id\":\"https:\/\/www.cotefleurs.ch\/en\/buy-online\/cut-flowers\/bouquets-of-one-kind\/peony\/coral\/#primaryimage\"},\"image\":{\"@id\":\"https:\/\/www.cotefleurs.ch\/en\/buy-online\/cut-flowers\/bouquets-of-one-kind\/peony\/coral\/#primaryimage\"},\"thumbnailUrl\":\"https:\/\/www.cotefleurs.ch\/wp-content\/uploads\/2023\/08\/Bouquet-de-pivoines-corails-100-CHF-davril-a-juin.webp\",\"datePublished\":\"2023-08-10T08:31:06+00:00\",\"dateModified\":\"2023-10-25T13:59:44+00:00\",\"description\":\"Discover our beautiful bouquets of peonies for sale online. Order now for fast delivery to Geneva.\",\"breadcrumb\":{\"@id\":\"https:\/\/www.cotefleurs.ch\/en\/buy-online\/cut-flowers\/bouquets-of-one-kind\/peony\/coral\/#breadcrumb\"},\"inLanguage\":\"en-GB\",\"potentialAction\":[{\"@type\":\"ReadAction\",\"target\":[\"https:\/\/www.cotefleurs.ch\/en\/buy-online\/cut-flowers\/bouquets-of-one-kind\/peony\/coral\/\"]}]},{\"@type\":\"ImageObject\",\"inLanguage\":\"en-GB\",\"@id\":\"https:\/\/www.cotefleurs.ch\/en\/buy-online\/cut-flowers\/bouquets-of-one-kind\/peony\/coral\/#primaryimage\",\"url\":\"https:\/\/www.cotefleurs.ch\/wp-content\/uploads\/2023\/08\/Bouquet-de-pivoines-corails-100-CHF-davril-a-juin.webp\",\"contentUrl\":\"https:\/\/www.cotefleurs.ch\/wp-content\/uploads\/2023\/08\/Bouquet-de-pivoines-corails-100-CHF-davril-a-juin.webp\",\"width\":1500,\"height\":2000,\"caption\":\"Bouquet de pivoines corails\"},{\"@type\":\"BreadcrumbList\",\"@id\":\"https:\/\/www.cotefleurs.ch\/en\/buy-online\/cut-flowers\/bouquets-of-one-kind\/peony\/coral\/#breadcrumb\",\"itemListElement\":[{\"@type\":\"ListItem\",\"position\":1,\"name\":\"Home\",\"item\":\"https:\/\/www.cotefleurs.ch\/fr\/\"},{\"@type\":\"ListItem\",\"position\":2,\"name\":\"Produits\",\"item\":\"https:\/\/www.cotefleurs.ch\/fr\/shop\/\"},{\"@type\":\"ListItem\",\"position\":3,\"name\":\"Coral peony bouquet\"}]},{\"@type\":\"WebSite\",\"@id\":\"https:\/\/www.cotefleurs.ch\/en\/#website\",\"url\":\"https:\/\/www.cotefleurs.ch\/en\/\",\"name\":\"C\u00f4t\u00e9 fleurs\",\"description\":\"Fleuriste \u00e0 Gen\u00e8ve\",\"publisher\":{\"@id\":\"https:\/\/www.cotefleurs.ch\/en\/#organization\"},\"potentialAction\":[{\"@type\":\"SearchAction\",\"target\":{\"@type\":\"EntryPoint\",\"urlTemplate\":\"https:\/\/www.cotefleurs.ch\/en\/?s={search_term_string}\"},\"query-input\":\"required name=search_term_string\"}],\"inLanguage\":\"en-GB\"},{\"@type\":\"Organization\",\"@id\":\"https:\/\/www.cotefleurs.ch\/en\/#organization\",\"name\":\"C\u00f4t\u00e9 fleurs\",\"url\":\"https:\/\/www.cotefleurs.ch\/en\/\",\"logo\":{\"@type\":\"ImageObject\",\"inLanguage\":\"en-GB\",\"@id\":\"https:\/\/www.cotefleurs.ch\/en\/#\/schema\/logo\/image\/\",\"url\":\"https:\/\/www.cotefleurs.ch\/wp-content\/uploads\/2023\/08\/logo-cote-fleurs-fleuriste-geneve-livraison-fleurs.webp\",\"contentUrl\":\"https:\/\/www.cotefleurs.ch\/wp-content\/uploads\/2023\/08\/logo-cote-fleurs-fleuriste-geneve-livraison-fleurs.webp\",\"width\":400,\"height\":400,\"caption\":\"C\u00f4t\u00e9 fleurs\"},\"image\":{\"@id\":\"https:\/\/www.cotefleurs.ch\/en\/#\/schema\/logo\/image\/\"}}]}<\/script>\n<!-- \/ Yoast SEO plugin. -->","yoast_head_json":{"title":"Bouquet of Peonies Corails | Delivery of Peonies Geneva","description":"Discover our beautiful bouquets of peonies for sale online. Order now for fast delivery to Geneva.","robots":{"index":"index","follow":"follow","max-snippet":"max-snippet:-1","max-image-preview":"max-image-preview:large","max-video-preview":"max-video-preview:-1"},"canonical":"https:\/\/www.cotefleurs.ch\/en\/buy-online\/cut-flowers\/bouquets-of-one-kind\/peony\/coral\/","og_locale":"en_GB","og_type":"article","og_title":"Bouquet of Peonies Corails | Delivery of Peonies Geneva","og_description":"Discover our beautiful bouquets of peonies for sale online. Order now for fast delivery to Geneva.","og_url":"https:\/\/www.cotefleurs.ch\/en\/buy-online\/cut-flowers\/bouquets-of-one-kind\/peony\/coral\/","og_site_name":"C\u00f4t\u00e9 fleurs","article_modified_time":"2023-10-25T13:59:44+00:00","og_image":[{"width":1500,"height":2000,"url":"https:\/\/www.cotefleurs.ch\/wp-content\/uploads\/2023\/08\/Bouquet-de-pivoines-corails-100-CHF-davril-a-juin.webp","type":"image\/webp"}],"twitter_card":"summary_large_image","twitter_misc":{"Estimated reading time":"1 minute"},"schema":{"@context":"https:\/\/schema.org","@graph":[{"@type":"WebPage","@id":"https:\/\/www.cotefleurs.ch\/en\/buy-online\/cut-flowers\/bouquets-of-one-kind\/peony\/coral\/","url":"https:\/\/www.cotefleurs.ch\/en\/buy-online\/cut-flowers\/bouquets-of-one-kind\/peony\/coral\/","name":"Bouquet of Peonies Corails | Delivery of Peonies Geneva","isPartOf":{"@id":"https:\/\/www.cotefleurs.ch\/en\/#website"},"primaryImageOfPage":{"@id":"https:\/\/www.cotefleurs.ch\/en\/buy-online\/cut-flowers\/bouquets-of-one-kind\/peony\/coral\/#primaryimage"},"image":{"@id":"https:\/\/www.cotefleurs.ch\/en\/buy-online\/cut-flowers\/bouquets-of-one-kind\/peony\/coral\/#primaryimage"},"thumbnailUrl":"https:\/\/www.cotefleurs.ch\/wp-content\/uploads\/2023\/08\/Bouquet-de-pivoines-corails-100-CHF-davril-a-juin.webp","datePublished":"2023-08-10T08:31:06+00:00","dateModified":"2023-10-25T13:59:44+00:00","description":"Discover our beautiful bouquets of peonies for sale online. Order now for fast delivery to Geneva.","breadcrumb":{"@id":"https:\/\/www.cotefleurs.ch\/en\/buy-online\/cut-flowers\/bouquets-of-one-kind\/peony\/coral\/#breadcrumb"},"inLanguage":"en-GB","potentialAction":[{"@type":"ReadAction","target":["https:\/\/www.cotefleurs.ch\/en\/buy-online\/cut-flowers\/bouquets-of-one-kind\/peony\/coral\/"]}]},{"@type":"ImageObject","inLanguage":"en-GB","@id":"https:\/\/www.cotefleurs.ch\/en\/buy-online\/cut-flowers\/bouquets-of-one-kind\/peony\/coral\/#primaryimage","url":"https:\/\/www.cotefleurs.ch\/wp-content\/uploads\/2023\/08\/Bouquet-de-pivoines-corails-100-CHF-davril-a-juin.webp","contentUrl":"https:\/\/www.cotefleurs.ch\/wp-content\/uploads\/2023\/08\/Bouquet-de-pivoines-corails-100-CHF-davril-a-juin.webp","width":1500,"height":2000,"caption":"Bouquet de pivoines corails"},{"@type":"BreadcrumbList","@id":"https:\/\/www.cotefleurs.ch\/en\/buy-online\/cut-flowers\/bouquets-of-one-kind\/peony\/coral\/#breadcrumb","itemListElement":[{"@type":"ListItem","position":1,"name":"Home","item":"https:\/\/www.cotefleurs.ch\/fr\/"},{"@type":"ListItem","position":2,"name":"Produits","item":"https:\/\/www.cotefleurs.ch\/fr\/shop\/"},{"@type":"ListItem","position":3,"name":"Coral peony bouquet"}]},{"@type":"WebSite","@id":"https:\/\/www.cotefleurs.ch\/en\/#website","url":"https:\/\/www.cotefleurs.ch\/en\/","name":"C\u00f4t\u00e9 fleurs","description":"Fleuriste \u00e0 Gen\u00e8ve","publisher":{"@id":"https:\/\/www.cotefleurs.ch\/en\/#organization"},"potentialAction":[{"@type":"SearchAction","target":{"@type":"EntryPoint","urlTemplate":"https:\/\/www.cotefleurs.ch\/en\/?s={search_term_string}"},"query-input":"required name=search_term_string"}],"inLanguage":"en-GB"},{"@type":"Organization","@id":"https:\/\/www.cotefleurs.ch\/en\/#organization","name":"C\u00f4t\u00e9 fleurs","url":"https:\/\/www.cotefleurs.ch\/en\/","logo":{"@type":"ImageObject","inLanguage":"en-GB","@id":"https:\/\/www.cotefleurs.ch\/en\/#\/schema\/logo\/image\/","url":"https:\/\/www.cotefleurs.ch\/wp-content\/uploads\/2023\/08\/logo-cote-fleurs-fleuriste-geneve-livraison-fleurs.webp","contentUrl":"https:\/\/www.cotefleurs.ch\/wp-content\/uploads\/2023\/08\/logo-cote-fleurs-fleuriste-geneve-livraison-fleurs.webp","width":400,"height":400,"caption":"C\u00f4t\u00e9 fleurs"},"image":{"@id":"https:\/\/www.cotefleurs.ch\/en\/#\/schema\/logo\/image\/"}}]}},"_links":{"self":[{"href":"https:\/\/www.cotefleurs.ch\/en\/wp-json\/wp\/v2\/product\/2581","targetHints":{"allow":["GET"]}}],"collection":[{"href":"https:\/\/www.cotefleurs.ch\/en\/wp-json\/wp\/v2\/product"}],"about":[{"href":"https:\/\/www.cotefleurs.ch\/en\/wp-json\/wp\/v2\/types\/product"}],"replies":[{"embeddable":true,"href":"https:\/\/www.cotefleurs.ch\/en\/wp-json\/wp\/v2\/comments?post=2581"}],"version-history":[{"count":1,"href":"https:\/\/www.cotefleurs.ch\/en\/wp-json\/wp\/v2\/product\/2581\/revisions"}],"predecessor-version":[{"id":3051,"href":"https:\/\/www.cotefleurs.ch\/en\/wp-json\/wp\/v2\/product\/2581\/revisions\/3051"}],"wp:featuredmedia":[{"embeddable":true,"href":"https:\/\/www.cotefleurs.ch\/en\/wp-json\/wp\/v2\/media\/323"}],"wp:attachment":[{"href":"https:\/\/www.cotefleurs.ch\/en\/wp-json\/wp\/v2\/media?parent=2581"}],"wp:term":[{"taxonomy":"product_cat","embeddable":true,"href":"https:\/\/www.cotefleurs.ch\/en\/wp-json\/wp\/v2\/product_cat?post=2581"},{"taxonomy":"product_tag","embeddable":true,"href":"https:\/\/www.cotefleurs.ch\/en\/wp-json\/wp\/v2\/product_tag?post=2581"}],"curies":[{"name":"wp","href":"https:\/\/api.w.org\/{rel}","templated":true}]}}