{"id":2579,"date":"2023-08-10T08:31:28","date_gmt":"2023-08-10T08:31:28","guid":{"rendered":"https:\/\/www.cotefleurs.ch\/produit\/pink-anemone-bouquet\/"},"modified":"2023-10-25T13:57:10","modified_gmt":"2023-10-25T13:57:10","slug":"pink-anemone-bouquet","status":"publish","type":"product","link":"https:\/\/www.cotefleurs.ch\/en\/buy-online\/cut-flowers\/bouquets-of-one-kind\/anemone\/pink\/","title":{"rendered":"Pink anemone bouquet"},"content":{"rendered":"<p>The bouquet of pink anemones evokes sweetness and delicacy. These pink anemones symbolize affection and tenderness. Offer this bouquet to express feelings of love and charm. Order today and have these pink anemones delivered to Geneva to create a romantic and soothing atmosphere.<\/p>\n","protected":false},"excerpt":{"rendered":"<p>The bouquet of pink anemones evokes sweetness and delicacy. These pink anemones symbolize affection and tenderness. Offer this bouquet to express feelings of love and charm. Order today and have these pink anemones delivered to Geneva to create a romantic and soothing atmosphere.<\/p>\n","protected":false},"featured_media":2253,"comment_status":"open","ping_status":"closed","template":"","meta":{"_acf_changed":false},"product_cat":[114,91,94],"product_tag":[],"class_list":{"0":"post-2579","1":"product","2":"type-product","3":"status-publish","4":"has-post-thumbnail","6":"product_cat-anemones-en","7":"product_cat-bouquets","8":"product_cat-variety-of-bouquet","10":"first","11":"instock","12":"taxable","13":"shipping-taxable","14":"purchasable","15":"product-type-simple"},"acf":[],"yoast_head":"<!-- This site is optimized with the Yoast SEO plugin v23.0 - https:\/\/yoast.com\/wordpress\/plugins\/seo\/ -->\n<title>Bouquet of pink anemones | Online Sales Geneva<\/title>\n<meta name=\"description\" content=\"Bouquets of pink anemones on sale online to brighten your day. Vente en ligne pour livraison rapide \u00e0 Gen\u00e8ve.\" \/>\n<meta name=\"robots\" content=\"index, follow, max-snippet:-1, max-image-preview:large, max-video-preview:-1\" \/>\n<link rel=\"canonical\" href=\"https:\/\/www.cotefleurs.ch\/en\/buy-online\/cut-flowers\/bouquets-of-one-kind\/anemone\/pink\/\" \/>\n<meta property=\"og:locale\" content=\"en_GB\" \/>\n<meta property=\"og:type\" content=\"article\" \/>\n<meta property=\"og:title\" content=\"Bouquet of pink anemones | Online Sales Geneva\" \/>\n<meta property=\"og:description\" content=\"Bouquets of pink anemones on sale online to brighten your day. Vente en ligne pour livraison rapide \u00e0 Gen\u00e8ve.\" \/>\n<meta property=\"og:url\" content=\"https:\/\/www.cotefleurs.ch\/en\/buy-online\/cut-flowers\/bouquets-of-one-kind\/anemone\/pink\/\" \/>\n<meta property=\"og:site_name\" content=\"C\u00f4t\u00e9 fleurs\" \/>\n<meta property=\"article:modified_time\" content=\"2023-10-25T13:57:10+00:00\" \/>\n<meta property=\"og:image\" content=\"https:\/\/www.cotefleurs.ch\/wp-content\/uploads\/2023\/08\/33-Bouquet-dAnCmones-120-CHF-de-novembre-O-mars-copie.webp\" \/>\n\t<meta property=\"og:image:width\" content=\"1000\" \/>\n\t<meta property=\"og:image:height\" content=\"1000\" \/>\n\t<meta property=\"og:image:type\" content=\"image\/webp\" \/>\n<meta name=\"twitter:card\" content=\"summary_large_image\" \/>\n<meta name=\"twitter:label1\" content=\"Estimated reading time\" \/>\n\t<meta name=\"twitter:data1\" content=\"1 minute\" \/>\n<script type=\"application\/ld+json\" class=\"yoast-schema-graph\">{\"@context\":\"https:\/\/schema.org\",\"@graph\":[{\"@type\":\"WebPage\",\"@id\":\"https:\/\/www.cotefleurs.ch\/en\/buy-online\/cut-flowers\/bouquets-of-one-kind\/anemone\/pink\/\",\"url\":\"https:\/\/www.cotefleurs.ch\/en\/buy-online\/cut-flowers\/bouquets-of-one-kind\/anemone\/pink\/\",\"name\":\"Bouquet of pink anemones | Online Sales Geneva\",\"isPartOf\":{\"@id\":\"https:\/\/www.cotefleurs.ch\/en\/#website\"},\"primaryImageOfPage\":{\"@id\":\"https:\/\/www.cotefleurs.ch\/en\/buy-online\/cut-flowers\/bouquets-of-one-kind\/anemone\/pink\/#primaryimage\"},\"image\":{\"@id\":\"https:\/\/www.cotefleurs.ch\/en\/buy-online\/cut-flowers\/bouquets-of-one-kind\/anemone\/pink\/#primaryimage\"},\"thumbnailUrl\":\"https:\/\/www.cotefleurs.ch\/wp-content\/uploads\/2023\/08\/33-Bouquet-dAnCmones-120-CHF-de-novembre-O-mars-copie.webp\",\"datePublished\":\"2023-08-10T08:31:28+00:00\",\"dateModified\":\"2023-10-25T13:57:10+00:00\",\"description\":\"Bouquets of pink anemones on sale online to brighten your day. Vente en ligne pour livraison rapide \u00e0 Gen\u00e8ve.\",\"breadcrumb\":{\"@id\":\"https:\/\/www.cotefleurs.ch\/en\/buy-online\/cut-flowers\/bouquets-of-one-kind\/anemone\/pink\/#breadcrumb\"},\"inLanguage\":\"en-GB\",\"potentialAction\":[{\"@type\":\"ReadAction\",\"target\":[\"https:\/\/www.cotefleurs.ch\/en\/buy-online\/cut-flowers\/bouquets-of-one-kind\/anemone\/pink\/\"]}]},{\"@type\":\"ImageObject\",\"inLanguage\":\"en-GB\",\"@id\":\"https:\/\/www.cotefleurs.ch\/en\/buy-online\/cut-flowers\/bouquets-of-one-kind\/anemone\/pink\/#primaryimage\",\"url\":\"https:\/\/www.cotefleurs.ch\/wp-content\/uploads\/2023\/08\/33-Bouquet-dAnCmones-120-CHF-de-novembre-O-mars-copie.webp\",\"contentUrl\":\"https:\/\/www.cotefleurs.ch\/wp-content\/uploads\/2023\/08\/33-Bouquet-dAnCmones-120-CHF-de-novembre-O-mars-copie.webp\",\"width\":1000,\"height\":1000,\"caption\":\"bouquet de fleurs bleu\"},{\"@type\":\"BreadcrumbList\",\"@id\":\"https:\/\/www.cotefleurs.ch\/en\/buy-online\/cut-flowers\/bouquets-of-one-kind\/anemone\/pink\/#breadcrumb\",\"itemListElement\":[{\"@type\":\"ListItem\",\"position\":1,\"name\":\"Home\",\"item\":\"https:\/\/www.cotefleurs.ch\/fr\/\"},{\"@type\":\"ListItem\",\"position\":2,\"name\":\"Produits\",\"item\":\"https:\/\/www.cotefleurs.ch\/fr\/shop\/\"},{\"@type\":\"ListItem\",\"position\":3,\"name\":\"Pink anemone bouquet\"}]},{\"@type\":\"WebSite\",\"@id\":\"https:\/\/www.cotefleurs.ch\/en\/#website\",\"url\":\"https:\/\/www.cotefleurs.ch\/en\/\",\"name\":\"C\u00f4t\u00e9 fleurs\",\"description\":\"Fleuriste \u00e0 Gen\u00e8ve\",\"publisher\":{\"@id\":\"https:\/\/www.cotefleurs.ch\/en\/#organization\"},\"potentialAction\":[{\"@type\":\"SearchAction\",\"target\":{\"@type\":\"EntryPoint\",\"urlTemplate\":\"https:\/\/www.cotefleurs.ch\/en\/?s={search_term_string}\"},\"query-input\":\"required name=search_term_string\"}],\"inLanguage\":\"en-GB\"},{\"@type\":\"Organization\",\"@id\":\"https:\/\/www.cotefleurs.ch\/en\/#organization\",\"name\":\"C\u00f4t\u00e9 fleurs\",\"url\":\"https:\/\/www.cotefleurs.ch\/en\/\",\"logo\":{\"@type\":\"ImageObject\",\"inLanguage\":\"en-GB\",\"@id\":\"https:\/\/www.cotefleurs.ch\/en\/#\/schema\/logo\/image\/\",\"url\":\"https:\/\/www.cotefleurs.ch\/wp-content\/uploads\/2023\/08\/logo-cote-fleurs-fleuriste-geneve-livraison-fleurs.webp\",\"contentUrl\":\"https:\/\/www.cotefleurs.ch\/wp-content\/uploads\/2023\/08\/logo-cote-fleurs-fleuriste-geneve-livraison-fleurs.webp\",\"width\":400,\"height\":400,\"caption\":\"C\u00f4t\u00e9 fleurs\"},\"image\":{\"@id\":\"https:\/\/www.cotefleurs.ch\/en\/#\/schema\/logo\/image\/\"}}]}<\/script>\n<!-- \/ Yoast SEO plugin. -->","yoast_head_json":{"title":"Bouquet of pink anemones | Online Sales Geneva","description":"Bouquets of pink anemones on sale online to brighten your day. Vente en ligne pour livraison rapide \u00e0 Gen\u00e8ve.","robots":{"index":"index","follow":"follow","max-snippet":"max-snippet:-1","max-image-preview":"max-image-preview:large","max-video-preview":"max-video-preview:-1"},"canonical":"https:\/\/www.cotefleurs.ch\/en\/buy-online\/cut-flowers\/bouquets-of-one-kind\/anemone\/pink\/","og_locale":"en_GB","og_type":"article","og_title":"Bouquet of pink anemones | Online Sales Geneva","og_description":"Bouquets of pink anemones on sale online to brighten your day. Vente en ligne pour livraison rapide \u00e0 Gen\u00e8ve.","og_url":"https:\/\/www.cotefleurs.ch\/en\/buy-online\/cut-flowers\/bouquets-of-one-kind\/anemone\/pink\/","og_site_name":"C\u00f4t\u00e9 fleurs","article_modified_time":"2023-10-25T13:57:10+00:00","og_image":[{"width":1000,"height":1000,"url":"https:\/\/www.cotefleurs.ch\/wp-content\/uploads\/2023\/08\/33-Bouquet-dAnCmones-120-CHF-de-novembre-O-mars-copie.webp","type":"image\/webp"}],"twitter_card":"summary_large_image","twitter_misc":{"Estimated reading time":"1 minute"},"schema":{"@context":"https:\/\/schema.org","@graph":[{"@type":"WebPage","@id":"https:\/\/www.cotefleurs.ch\/en\/buy-online\/cut-flowers\/bouquets-of-one-kind\/anemone\/pink\/","url":"https:\/\/www.cotefleurs.ch\/en\/buy-online\/cut-flowers\/bouquets-of-one-kind\/anemone\/pink\/","name":"Bouquet of pink anemones | Online Sales Geneva","isPartOf":{"@id":"https:\/\/www.cotefleurs.ch\/en\/#website"},"primaryImageOfPage":{"@id":"https:\/\/www.cotefleurs.ch\/en\/buy-online\/cut-flowers\/bouquets-of-one-kind\/anemone\/pink\/#primaryimage"},"image":{"@id":"https:\/\/www.cotefleurs.ch\/en\/buy-online\/cut-flowers\/bouquets-of-one-kind\/anemone\/pink\/#primaryimage"},"thumbnailUrl":"https:\/\/www.cotefleurs.ch\/wp-content\/uploads\/2023\/08\/33-Bouquet-dAnCmones-120-CHF-de-novembre-O-mars-copie.webp","datePublished":"2023-08-10T08:31:28+00:00","dateModified":"2023-10-25T13:57:10+00:00","description":"Bouquets of pink anemones on sale online to brighten your day. Vente en ligne pour livraison rapide \u00e0 Gen\u00e8ve.","breadcrumb":{"@id":"https:\/\/www.cotefleurs.ch\/en\/buy-online\/cut-flowers\/bouquets-of-one-kind\/anemone\/pink\/#breadcrumb"},"inLanguage":"en-GB","potentialAction":[{"@type":"ReadAction","target":["https:\/\/www.cotefleurs.ch\/en\/buy-online\/cut-flowers\/bouquets-of-one-kind\/anemone\/pink\/"]}]},{"@type":"ImageObject","inLanguage":"en-GB","@id":"https:\/\/www.cotefleurs.ch\/en\/buy-online\/cut-flowers\/bouquets-of-one-kind\/anemone\/pink\/#primaryimage","url":"https:\/\/www.cotefleurs.ch\/wp-content\/uploads\/2023\/08\/33-Bouquet-dAnCmones-120-CHF-de-novembre-O-mars-copie.webp","contentUrl":"https:\/\/www.cotefleurs.ch\/wp-content\/uploads\/2023\/08\/33-Bouquet-dAnCmones-120-CHF-de-novembre-O-mars-copie.webp","width":1000,"height":1000,"caption":"bouquet de fleurs bleu"},{"@type":"BreadcrumbList","@id":"https:\/\/www.cotefleurs.ch\/en\/buy-online\/cut-flowers\/bouquets-of-one-kind\/anemone\/pink\/#breadcrumb","itemListElement":[{"@type":"ListItem","position":1,"name":"Home","item":"https:\/\/www.cotefleurs.ch\/fr\/"},{"@type":"ListItem","position":2,"name":"Produits","item":"https:\/\/www.cotefleurs.ch\/fr\/shop\/"},{"@type":"ListItem","position":3,"name":"Pink anemone bouquet"}]},{"@type":"WebSite","@id":"https:\/\/www.cotefleurs.ch\/en\/#website","url":"https:\/\/www.cotefleurs.ch\/en\/","name":"C\u00f4t\u00e9 fleurs","description":"Fleuriste \u00e0 Gen\u00e8ve","publisher":{"@id":"https:\/\/www.cotefleurs.ch\/en\/#organization"},"potentialAction":[{"@type":"SearchAction","target":{"@type":"EntryPoint","urlTemplate":"https:\/\/www.cotefleurs.ch\/en\/?s={search_term_string}"},"query-input":"required name=search_term_string"}],"inLanguage":"en-GB"},{"@type":"Organization","@id":"https:\/\/www.cotefleurs.ch\/en\/#organization","name":"C\u00f4t\u00e9 fleurs","url":"https:\/\/www.cotefleurs.ch\/en\/","logo":{"@type":"ImageObject","inLanguage":"en-GB","@id":"https:\/\/www.cotefleurs.ch\/en\/#\/schema\/logo\/image\/","url":"https:\/\/www.cotefleurs.ch\/wp-content\/uploads\/2023\/08\/logo-cote-fleurs-fleuriste-geneve-livraison-fleurs.webp","contentUrl":"https:\/\/www.cotefleurs.ch\/wp-content\/uploads\/2023\/08\/logo-cote-fleurs-fleuriste-geneve-livraison-fleurs.webp","width":400,"height":400,"caption":"C\u00f4t\u00e9 fleurs"},"image":{"@id":"https:\/\/www.cotefleurs.ch\/en\/#\/schema\/logo\/image\/"}}]}},"_links":{"self":[{"href":"https:\/\/www.cotefleurs.ch\/en\/wp-json\/wp\/v2\/product\/2579","targetHints":{"allow":["GET"]}}],"collection":[{"href":"https:\/\/www.cotefleurs.ch\/en\/wp-json\/wp\/v2\/product"}],"about":[{"href":"https:\/\/www.cotefleurs.ch\/en\/wp-json\/wp\/v2\/types\/product"}],"replies":[{"embeddable":true,"href":"https:\/\/www.cotefleurs.ch\/en\/wp-json\/wp\/v2\/comments?post=2579"}],"version-history":[{"count":1,"href":"https:\/\/www.cotefleurs.ch\/en\/wp-json\/wp\/v2\/product\/2579\/revisions"}],"predecessor-version":[{"id":3046,"href":"https:\/\/www.cotefleurs.ch\/en\/wp-json\/wp\/v2\/product\/2579\/revisions\/3046"}],"wp:featuredmedia":[{"embeddable":true,"href":"https:\/\/www.cotefleurs.ch\/en\/wp-json\/wp\/v2\/media\/2253"}],"wp:attachment":[{"href":"https:\/\/www.cotefleurs.ch\/en\/wp-json\/wp\/v2\/media?parent=2579"}],"wp:term":[{"taxonomy":"product_cat","embeddable":true,"href":"https:\/\/www.cotefleurs.ch\/en\/wp-json\/wp\/v2\/product_cat?post=2579"},{"taxonomy":"product_tag","embeddable":true,"href":"https:\/\/www.cotefleurs.ch\/en\/wp-json\/wp\/v2\/product_tag?post=2579"}],"curies":[{"name":"wp","href":"https:\/\/api.w.org\/{rel}","templated":true}]}}