{"id":2555,"date":"2023-08-10T08:31:55","date_gmt":"2023-08-10T08:31:55","guid":{"rendered":"https:\/\/www.cotefleurs.ch\/produit\/heart-of-red-roses\/"},"modified":"2023-10-25T13:38:59","modified_gmt":"2023-10-25T13:38:59","slug":"hearts-of-red-roses","status":"publish","type":"product","link":"https:\/\/www.cotefleurs.ch\/en\/buy-online\/final-tribute\/hearts\/red\/","title":{"rendered":"Heart of red roses"},"content":{"rendered":"<p>Post haec Gallus Hierapolim profecturus ut expeditioni specie tenus adesset, Antiochensi plebi suppliciter obsecranti ut inediae dispelleret metum, quae per multas difficilisque causas adfore iam sperabatur, non ut mos est principibus, quorum diffusa potestas localibus subinde medetur aerumnis, disponi quicquam statuit vel ex provinciis alimenta transferri conterminis, sed consularem Syriae Theophilum prope adstantem ultima metuenti multitudini dedit id adsidue replicando quod invito rectore nullus egere poterit victu.<br \/>\nQuibus ita sceleste patratis Paulus cruore perfusus reversusque ad principis castra multos coopertos paene catenis adduxit in squalorem deiectos atque maestitiam, quorum adventu intendebantur eculei uncosque parabat carnifex et tormenta. et ex is proscripti sunt plures actique in exilium alii, non nullos gladii consumpsere poenales. nec enim quisquam facile meminit sub Constantio, ubi susurro tenus haec movebantur, quemquam absolutum.<br \/>\nEquitis Romani autem esse filium criminis loco poni ab accusatoribus neque his iudicantibus oportuit neque defendentibus nobis. Nam quod de pietate dixistis, est quidem ista nostra existimatio, sed iudicium certe parentis; quid nos opinemur, audietis ex iuratis; quid parentes sentiant, lacrimae matris incredibilisque maeror, squalor patris et haec praesens maestitia, quam cernitis, luctusque declarat.<\/p>\n","protected":false},"excerpt":{"rendered":"<p>Post haec Gallus Hierapolim profecturus ut expeditioni specie tenus adesset, Antiochensi plebi suppliciter obsecranti ut inediae dispelleret metum, quae per multas difficilisque causas adfore iam sperabatur, non ut mos est principibus, quorum diffusa potestas localibus subinde medetur aerumnis, disponi quicquam statuit vel ex provinciis alimenta transferri conterminis, sed consularem Syriae Theophilum prope adstantem ultima metuenti [&hellip;]<\/p>\n","protected":false},"featured_media":3006,"comment_status":"open","ping_status":"closed","template":"","meta":{"_acf_changed":false},"product_cat":[103,109,110,99],"product_tag":[],"class_list":{"0":"post-2555","1":"product","2":"type-product","3":"status-publish","4":"has-post-thumbnail","6":"product_cat-final-tribute","7":"product_cat-hearts","8":"product_cat-hearts-of-roses","9":"product_cat-product-store","11":"first","12":"instock","13":"taxable","14":"shipping-taxable","15":"purchasable","16":"product-type-simple"},"acf":[],"yoast_head":"<!-- This site is optimized with the Yoast SEO plugin v23.0 - https:\/\/yoast.com\/wordpress\/plugins\/seo\/ -->\n<title>Eternal Love with Red Rose Hearts | Geneva<\/title>\n<meta name=\"description\" content=\"Red Rose Hearts symbolise unshakeable love. Fleurs Gen\u00e8ve - order for compassionate delivery.\" \/>\n<meta name=\"robots\" content=\"index, follow, max-snippet:-1, max-image-preview:large, max-video-preview:-1\" \/>\n<link rel=\"canonical\" href=\"https:\/\/www.cotefleurs.ch\/en\/buy-online\/final-tribute\/hearts\/red\/\" \/>\n<meta property=\"og:locale\" content=\"en_GB\" \/>\n<meta property=\"og:type\" content=\"article\" \/>\n<meta property=\"og:title\" content=\"Eternal Love with Red Rose Hearts | Geneva\" \/>\n<meta property=\"og:description\" content=\"Red Rose Hearts symbolise unshakeable love. Fleurs Gen\u00e8ve - order for compassionate delivery.\" \/>\n<meta property=\"og:url\" content=\"https:\/\/www.cotefleurs.ch\/en\/buy-online\/final-tribute\/hearts\/red\/\" \/>\n<meta property=\"og:site_name\" content=\"C\u00f4t\u00e9 fleurs\" \/>\n<meta property=\"article:modified_time\" content=\"2023-10-25T13:38:59+00:00\" \/>\n<meta property=\"og:image\" content=\"https:\/\/www.cotefleurs.ch\/wp-content\/uploads\/2023\/10\/coeur-de-rose-fleuriste-geneve.webp\" \/>\n\t<meta property=\"og:image:width\" content=\"1000\" \/>\n\t<meta property=\"og:image:height\" content=\"1000\" \/>\n\t<meta property=\"og:image:type\" content=\"image\/webp\" \/>\n<meta name=\"twitter:card\" content=\"summary_large_image\" \/>\n<meta name=\"twitter:label1\" content=\"Estimated reading time\" \/>\n\t<meta name=\"twitter:data1\" content=\"1 minute\" \/>\n<script type=\"application\/ld+json\" class=\"yoast-schema-graph\">{\"@context\":\"https:\/\/schema.org\",\"@graph\":[{\"@type\":\"WebPage\",\"@id\":\"https:\/\/www.cotefleurs.ch\/en\/buy-online\/final-tribute\/hearts\/red\/\",\"url\":\"https:\/\/www.cotefleurs.ch\/en\/buy-online\/final-tribute\/hearts\/red\/\",\"name\":\"Eternal Love with Red Rose Hearts | Geneva\",\"isPartOf\":{\"@id\":\"https:\/\/www.cotefleurs.ch\/en\/#website\"},\"primaryImageOfPage\":{\"@id\":\"https:\/\/www.cotefleurs.ch\/en\/buy-online\/final-tribute\/hearts\/red\/#primaryimage\"},\"image\":{\"@id\":\"https:\/\/www.cotefleurs.ch\/en\/buy-online\/final-tribute\/hearts\/red\/#primaryimage\"},\"thumbnailUrl\":\"https:\/\/www.cotefleurs.ch\/wp-content\/uploads\/2023\/10\/coeur-de-rose-fleuriste-geneve.webp\",\"datePublished\":\"2023-08-10T08:31:55+00:00\",\"dateModified\":\"2023-10-25T13:38:59+00:00\",\"description\":\"Red Rose Hearts symbolise unshakeable love. Fleurs Gen\u00e8ve - order for compassionate delivery.\",\"breadcrumb\":{\"@id\":\"https:\/\/www.cotefleurs.ch\/en\/buy-online\/final-tribute\/hearts\/red\/#breadcrumb\"},\"inLanguage\":\"en-GB\",\"potentialAction\":[{\"@type\":\"ReadAction\",\"target\":[\"https:\/\/www.cotefleurs.ch\/en\/buy-online\/final-tribute\/hearts\/red\/\"]}]},{\"@type\":\"ImageObject\",\"inLanguage\":\"en-GB\",\"@id\":\"https:\/\/www.cotefleurs.ch\/en\/buy-online\/final-tribute\/hearts\/red\/#primaryimage\",\"url\":\"https:\/\/www.cotefleurs.ch\/wp-content\/uploads\/2023\/10\/coeur-de-rose-fleuriste-geneve.webp\",\"contentUrl\":\"https:\/\/www.cotefleurs.ch\/wp-content\/uploads\/2023\/10\/coeur-de-rose-fleuriste-geneve.webp\",\"width\":1000,\"height\":1000,\"caption\":\"Coeur de rose pour enterrement, livraison de fleurs \u00e0 Gen\u00e8ve, artisan fleuriste Gen\u00e8ve\"},{\"@type\":\"BreadcrumbList\",\"@id\":\"https:\/\/www.cotefleurs.ch\/en\/buy-online\/final-tribute\/hearts\/red\/#breadcrumb\",\"itemListElement\":[{\"@type\":\"ListItem\",\"position\":1,\"name\":\"Home\",\"item\":\"https:\/\/www.cotefleurs.ch\/fr\/\"},{\"@type\":\"ListItem\",\"position\":2,\"name\":\"Produits\",\"item\":\"https:\/\/www.cotefleurs.ch\/fr\/shop\/\"},{\"@type\":\"ListItem\",\"position\":3,\"name\":\"Heart of red roses\"}]},{\"@type\":\"WebSite\",\"@id\":\"https:\/\/www.cotefleurs.ch\/en\/#website\",\"url\":\"https:\/\/www.cotefleurs.ch\/en\/\",\"name\":\"C\u00f4t\u00e9 fleurs\",\"description\":\"Fleuriste \u00e0 Gen\u00e8ve\",\"publisher\":{\"@id\":\"https:\/\/www.cotefleurs.ch\/en\/#organization\"},\"potentialAction\":[{\"@type\":\"SearchAction\",\"target\":{\"@type\":\"EntryPoint\",\"urlTemplate\":\"https:\/\/www.cotefleurs.ch\/en\/?s={search_term_string}\"},\"query-input\":\"required name=search_term_string\"}],\"inLanguage\":\"en-GB\"},{\"@type\":\"Organization\",\"@id\":\"https:\/\/www.cotefleurs.ch\/en\/#organization\",\"name\":\"C\u00f4t\u00e9 fleurs\",\"url\":\"https:\/\/www.cotefleurs.ch\/en\/\",\"logo\":{\"@type\":\"ImageObject\",\"inLanguage\":\"en-GB\",\"@id\":\"https:\/\/www.cotefleurs.ch\/en\/#\/schema\/logo\/image\/\",\"url\":\"https:\/\/www.cotefleurs.ch\/wp-content\/uploads\/2023\/08\/logo-cote-fleurs-fleuriste-geneve-livraison-fleurs.webp\",\"contentUrl\":\"https:\/\/www.cotefleurs.ch\/wp-content\/uploads\/2023\/08\/logo-cote-fleurs-fleuriste-geneve-livraison-fleurs.webp\",\"width\":400,\"height\":400,\"caption\":\"C\u00f4t\u00e9 fleurs\"},\"image\":{\"@id\":\"https:\/\/www.cotefleurs.ch\/en\/#\/schema\/logo\/image\/\"}}]}<\/script>\n<!-- \/ Yoast SEO plugin. -->","yoast_head_json":{"title":"Eternal Love with Red Rose Hearts | Geneva","description":"Red Rose Hearts symbolise unshakeable love. Fleurs Gen\u00e8ve - order for compassionate delivery.","robots":{"index":"index","follow":"follow","max-snippet":"max-snippet:-1","max-image-preview":"max-image-preview:large","max-video-preview":"max-video-preview:-1"},"canonical":"https:\/\/www.cotefleurs.ch\/en\/buy-online\/final-tribute\/hearts\/red\/","og_locale":"en_GB","og_type":"article","og_title":"Eternal Love with Red Rose Hearts | Geneva","og_description":"Red Rose Hearts symbolise unshakeable love. Fleurs Gen\u00e8ve - order for compassionate delivery.","og_url":"https:\/\/www.cotefleurs.ch\/en\/buy-online\/final-tribute\/hearts\/red\/","og_site_name":"C\u00f4t\u00e9 fleurs","article_modified_time":"2023-10-25T13:38:59+00:00","og_image":[{"width":1000,"height":1000,"url":"https:\/\/www.cotefleurs.ch\/wp-content\/uploads\/2023\/10\/coeur-de-rose-fleuriste-geneve.webp","type":"image\/webp"}],"twitter_card":"summary_large_image","twitter_misc":{"Estimated reading time":"1 minute"},"schema":{"@context":"https:\/\/schema.org","@graph":[{"@type":"WebPage","@id":"https:\/\/www.cotefleurs.ch\/en\/buy-online\/final-tribute\/hearts\/red\/","url":"https:\/\/www.cotefleurs.ch\/en\/buy-online\/final-tribute\/hearts\/red\/","name":"Eternal Love with Red Rose Hearts | Geneva","isPartOf":{"@id":"https:\/\/www.cotefleurs.ch\/en\/#website"},"primaryImageOfPage":{"@id":"https:\/\/www.cotefleurs.ch\/en\/buy-online\/final-tribute\/hearts\/red\/#primaryimage"},"image":{"@id":"https:\/\/www.cotefleurs.ch\/en\/buy-online\/final-tribute\/hearts\/red\/#primaryimage"},"thumbnailUrl":"https:\/\/www.cotefleurs.ch\/wp-content\/uploads\/2023\/10\/coeur-de-rose-fleuriste-geneve.webp","datePublished":"2023-08-10T08:31:55+00:00","dateModified":"2023-10-25T13:38:59+00:00","description":"Red Rose Hearts symbolise unshakeable love. Fleurs Gen\u00e8ve - order for compassionate delivery.","breadcrumb":{"@id":"https:\/\/www.cotefleurs.ch\/en\/buy-online\/final-tribute\/hearts\/red\/#breadcrumb"},"inLanguage":"en-GB","potentialAction":[{"@type":"ReadAction","target":["https:\/\/www.cotefleurs.ch\/en\/buy-online\/final-tribute\/hearts\/red\/"]}]},{"@type":"ImageObject","inLanguage":"en-GB","@id":"https:\/\/www.cotefleurs.ch\/en\/buy-online\/final-tribute\/hearts\/red\/#primaryimage","url":"https:\/\/www.cotefleurs.ch\/wp-content\/uploads\/2023\/10\/coeur-de-rose-fleuriste-geneve.webp","contentUrl":"https:\/\/www.cotefleurs.ch\/wp-content\/uploads\/2023\/10\/coeur-de-rose-fleuriste-geneve.webp","width":1000,"height":1000,"caption":"Coeur de rose pour enterrement, livraison de fleurs \u00e0 Gen\u00e8ve, artisan fleuriste Gen\u00e8ve"},{"@type":"BreadcrumbList","@id":"https:\/\/www.cotefleurs.ch\/en\/buy-online\/final-tribute\/hearts\/red\/#breadcrumb","itemListElement":[{"@type":"ListItem","position":1,"name":"Home","item":"https:\/\/www.cotefleurs.ch\/fr\/"},{"@type":"ListItem","position":2,"name":"Produits","item":"https:\/\/www.cotefleurs.ch\/fr\/shop\/"},{"@type":"ListItem","position":3,"name":"Heart of red roses"}]},{"@type":"WebSite","@id":"https:\/\/www.cotefleurs.ch\/en\/#website","url":"https:\/\/www.cotefleurs.ch\/en\/","name":"C\u00f4t\u00e9 fleurs","description":"Fleuriste \u00e0 Gen\u00e8ve","publisher":{"@id":"https:\/\/www.cotefleurs.ch\/en\/#organization"},"potentialAction":[{"@type":"SearchAction","target":{"@type":"EntryPoint","urlTemplate":"https:\/\/www.cotefleurs.ch\/en\/?s={search_term_string}"},"query-input":"required name=search_term_string"}],"inLanguage":"en-GB"},{"@type":"Organization","@id":"https:\/\/www.cotefleurs.ch\/en\/#organization","name":"C\u00f4t\u00e9 fleurs","url":"https:\/\/www.cotefleurs.ch\/en\/","logo":{"@type":"ImageObject","inLanguage":"en-GB","@id":"https:\/\/www.cotefleurs.ch\/en\/#\/schema\/logo\/image\/","url":"https:\/\/www.cotefleurs.ch\/wp-content\/uploads\/2023\/08\/logo-cote-fleurs-fleuriste-geneve-livraison-fleurs.webp","contentUrl":"https:\/\/www.cotefleurs.ch\/wp-content\/uploads\/2023\/08\/logo-cote-fleurs-fleuriste-geneve-livraison-fleurs.webp","width":400,"height":400,"caption":"C\u00f4t\u00e9 fleurs"},"image":{"@id":"https:\/\/www.cotefleurs.ch\/en\/#\/schema\/logo\/image\/"}}]}},"_links":{"self":[{"href":"https:\/\/www.cotefleurs.ch\/en\/wp-json\/wp\/v2\/product\/2555","targetHints":{"allow":["GET"]}}],"collection":[{"href":"https:\/\/www.cotefleurs.ch\/en\/wp-json\/wp\/v2\/product"}],"about":[{"href":"https:\/\/www.cotefleurs.ch\/en\/wp-json\/wp\/v2\/types\/product"}],"replies":[{"embeddable":true,"href":"https:\/\/www.cotefleurs.ch\/en\/wp-json\/wp\/v2\/comments?post=2555"}],"version-history":[{"count":1,"href":"https:\/\/www.cotefleurs.ch\/en\/wp-json\/wp\/v2\/product\/2555\/revisions"}],"predecessor-version":[{"id":3007,"href":"https:\/\/www.cotefleurs.ch\/en\/wp-json\/wp\/v2\/product\/2555\/revisions\/3007"}],"wp:featuredmedia":[{"embeddable":true,"href":"https:\/\/www.cotefleurs.ch\/en\/wp-json\/wp\/v2\/media\/3006"}],"wp:attachment":[{"href":"https:\/\/www.cotefleurs.ch\/en\/wp-json\/wp\/v2\/media?parent=2555"}],"wp:term":[{"taxonomy":"product_cat","embeddable":true,"href":"https:\/\/www.cotefleurs.ch\/en\/wp-json\/wp\/v2\/product_cat?post=2555"},{"taxonomy":"product_tag","embeddable":true,"href":"https:\/\/www.cotefleurs.ch\/en\/wp-json\/wp\/v2\/product_tag?post=2555"}],"curies":[{"name":"wp","href":"https:\/\/api.w.org\/{rel}","templated":true}]}}