{"id":2431,"date":"2023-09-25T11:55:44","date_gmt":"2023-09-25T11:55:44","guid":{"rendered":"https:\/\/www.cotefleurs.ch\/produit\/birth-arrangement-with-plush-toy\/"},"modified":"2023-11-07T17:22:07","modified_gmt":"2023-11-07T17:22:07","slug":"birth-arrangement-with-plush-toy","status":"publish","type":"product","link":"https:\/\/www.cotefleurs.ch\/en\/buy-online\/birth-arrangement-with-plush-toy\/","title":{"rendered":"Birth arrangement (with plush toy)"},"content":{"rendered":"","protected":false},"excerpt":{"rendered":"","protected":false},"featured_media":2012,"comment_status":"open","ping_status":"closed","template":"","meta":{"_acf_changed":false},"product_cat":[99],"product_tag":[],"class_list":{"0":"post-2431","1":"product","2":"type-product","3":"status-publish","4":"has-post-thumbnail","6":"product_cat-product-store","8":"first","9":"instock","10":"taxable","11":"shipping-taxable","12":"purchasable","13":"product-type-variable"},"acf":[],"yoast_head":"<!-- This site is optimized with the Yoast SEO plugin v23.0 - https:\/\/yoast.com\/wordpress\/plugins\/seo\/ -->\n<title>Birth arrangement (with plush toy) - C\u00f4t\u00e9 fleurs<\/title>\n<meta name=\"description\" content=\"Offer a magnificent birth floral arrangement in Geneva, to welcome the newborn and share in the joy of the parents.\" \/>\n<meta name=\"robots\" content=\"index, follow, max-snippet:-1, max-image-preview:large, max-video-preview:-1\" \/>\n<link rel=\"canonical\" href=\"https:\/\/www.cotefleurs.ch\/en\/buy-online\/birth-arrangement-with-plush-toy\/\" \/>\n<meta property=\"og:locale\" content=\"en_GB\" \/>\n<meta property=\"og:type\" content=\"article\" \/>\n<meta property=\"og:title\" content=\"Birth arrangement (with plush toy) - C\u00f4t\u00e9 fleurs\" \/>\n<meta property=\"og:description\" content=\"Offer a magnificent birth floral arrangement in Geneva, to welcome the newborn and share in the joy of the parents.\" \/>\n<meta property=\"og:url\" content=\"https:\/\/www.cotefleurs.ch\/en\/buy-online\/birth-arrangement-with-plush-toy\/\" \/>\n<meta property=\"og:site_name\" content=\"C\u00f4t\u00e9 fleurs\" \/>\n<meta property=\"article:modified_time\" content=\"2023-11-07T17:22:07+00:00\" \/>\n<meta property=\"og:image\" content=\"https:\/\/www.cotefleurs.ch\/wp-content\/uploads\/2023\/09\/Arranegement-Naissance-blanc-et-bleu-avec-nounours-100-CHF-scaled.webp\" \/>\n\t<meta property=\"og:image:width\" content=\"2560\" \/>\n\t<meta property=\"og:image:height\" content=\"1920\" \/>\n\t<meta property=\"og:image:type\" content=\"image\/webp\" \/>\n<meta name=\"twitter:card\" content=\"summary_large_image\" \/>\n<script type=\"application\/ld+json\" class=\"yoast-schema-graph\">{\"@context\":\"https:\/\/schema.org\",\"@graph\":[{\"@type\":\"WebPage\",\"@id\":\"https:\/\/www.cotefleurs.ch\/en\/buy-online\/birth-arrangement-with-plush-toy\/\",\"url\":\"https:\/\/www.cotefleurs.ch\/en\/buy-online\/birth-arrangement-with-plush-toy\/\",\"name\":\"Birth arrangement (with plush toy) - C\u00f4t\u00e9 fleurs\",\"isPartOf\":{\"@id\":\"https:\/\/www.cotefleurs.ch\/en\/#website\"},\"primaryImageOfPage\":{\"@id\":\"https:\/\/www.cotefleurs.ch\/en\/buy-online\/birth-arrangement-with-plush-toy\/#primaryimage\"},\"image\":{\"@id\":\"https:\/\/www.cotefleurs.ch\/en\/buy-online\/birth-arrangement-with-plush-toy\/#primaryimage\"},\"thumbnailUrl\":\"https:\/\/www.cotefleurs.ch\/wp-content\/uploads\/2023\/09\/Arranegement-Naissance-blanc-et-bleu-avec-nounours-100-CHF-scaled.webp\",\"datePublished\":\"2023-09-25T11:55:44+00:00\",\"dateModified\":\"2023-11-07T17:22:07+00:00\",\"description\":\"Offer a magnificent birth floral arrangement in Geneva, to welcome the newborn and share in the joy of the parents.\",\"breadcrumb\":{\"@id\":\"https:\/\/www.cotefleurs.ch\/en\/buy-online\/birth-arrangement-with-plush-toy\/#breadcrumb\"},\"inLanguage\":\"en-GB\",\"potentialAction\":[{\"@type\":\"ReadAction\",\"target\":[\"https:\/\/www.cotefleurs.ch\/en\/buy-online\/birth-arrangement-with-plush-toy\/\"]}]},{\"@type\":\"ImageObject\",\"inLanguage\":\"en-GB\",\"@id\":\"https:\/\/www.cotefleurs.ch\/en\/buy-online\/birth-arrangement-with-plush-toy\/#primaryimage\",\"url\":\"https:\/\/www.cotefleurs.ch\/wp-content\/uploads\/2023\/09\/Arranegement-Naissance-blanc-et-bleu-avec-nounours-100-CHF-scaled.webp\",\"contentUrl\":\"https:\/\/www.cotefleurs.ch\/wp-content\/uploads\/2023\/09\/Arranegement-Naissance-blanc-et-bleu-avec-nounours-100-CHF-scaled.webp\",\"width\":2560,\"height\":1920,\"caption\":\"Bouqet de fleur de naissance\"},{\"@type\":\"BreadcrumbList\",\"@id\":\"https:\/\/www.cotefleurs.ch\/en\/buy-online\/birth-arrangement-with-plush-toy\/#breadcrumb\",\"itemListElement\":[{\"@type\":\"ListItem\",\"position\":1,\"name\":\"Home\",\"item\":\"https:\/\/www.cotefleurs.ch\/fr\/\"},{\"@type\":\"ListItem\",\"position\":2,\"name\":\"Produits\",\"item\":\"https:\/\/www.cotefleurs.ch\/fr\/shop\/\"},{\"@type\":\"ListItem\",\"position\":3,\"name\":\"Birth arrangement (with plush toy)\"}]},{\"@type\":\"WebSite\",\"@id\":\"https:\/\/www.cotefleurs.ch\/en\/#website\",\"url\":\"https:\/\/www.cotefleurs.ch\/en\/\",\"name\":\"C\u00f4t\u00e9 fleurs\",\"description\":\"Fleuriste \u00e0 Gen\u00e8ve\",\"publisher\":{\"@id\":\"https:\/\/www.cotefleurs.ch\/en\/#organization\"},\"potentialAction\":[{\"@type\":\"SearchAction\",\"target\":{\"@type\":\"EntryPoint\",\"urlTemplate\":\"https:\/\/www.cotefleurs.ch\/en\/?s={search_term_string}\"},\"query-input\":\"required name=search_term_string\"}],\"inLanguage\":\"en-GB\"},{\"@type\":\"Organization\",\"@id\":\"https:\/\/www.cotefleurs.ch\/en\/#organization\",\"name\":\"C\u00f4t\u00e9 fleurs\",\"url\":\"https:\/\/www.cotefleurs.ch\/en\/\",\"logo\":{\"@type\":\"ImageObject\",\"inLanguage\":\"en-GB\",\"@id\":\"https:\/\/www.cotefleurs.ch\/en\/#\/schema\/logo\/image\/\",\"url\":\"https:\/\/www.cotefleurs.ch\/wp-content\/uploads\/2023\/08\/logo-cote-fleurs-fleuriste-geneve-livraison-fleurs.webp\",\"contentUrl\":\"https:\/\/www.cotefleurs.ch\/wp-content\/uploads\/2023\/08\/logo-cote-fleurs-fleuriste-geneve-livraison-fleurs.webp\",\"width\":400,\"height\":400,\"caption\":\"C\u00f4t\u00e9 fleurs\"},\"image\":{\"@id\":\"https:\/\/www.cotefleurs.ch\/en\/#\/schema\/logo\/image\/\"}}]}<\/script>\n<!-- \/ Yoast SEO plugin. -->","yoast_head_json":{"title":"Birth arrangement (with plush toy) - C\u00f4t\u00e9 fleurs","description":"Offer a magnificent birth floral arrangement in Geneva, to welcome the newborn and share in the joy of the parents.","robots":{"index":"index","follow":"follow","max-snippet":"max-snippet:-1","max-image-preview":"max-image-preview:large","max-video-preview":"max-video-preview:-1"},"canonical":"https:\/\/www.cotefleurs.ch\/en\/buy-online\/birth-arrangement-with-plush-toy\/","og_locale":"en_GB","og_type":"article","og_title":"Birth arrangement (with plush toy) - C\u00f4t\u00e9 fleurs","og_description":"Offer a magnificent birth floral arrangement in Geneva, to welcome the newborn and share in the joy of the parents.","og_url":"https:\/\/www.cotefleurs.ch\/en\/buy-online\/birth-arrangement-with-plush-toy\/","og_site_name":"C\u00f4t\u00e9 fleurs","article_modified_time":"2023-11-07T17:22:07+00:00","og_image":[{"width":2560,"height":1920,"url":"https:\/\/www.cotefleurs.ch\/wp-content\/uploads\/2023\/09\/Arranegement-Naissance-blanc-et-bleu-avec-nounours-100-CHF-scaled.webp","type":"image\/webp"}],"twitter_card":"summary_large_image","schema":{"@context":"https:\/\/schema.org","@graph":[{"@type":"WebPage","@id":"https:\/\/www.cotefleurs.ch\/en\/buy-online\/birth-arrangement-with-plush-toy\/","url":"https:\/\/www.cotefleurs.ch\/en\/buy-online\/birth-arrangement-with-plush-toy\/","name":"Birth arrangement (with plush toy) - C\u00f4t\u00e9 fleurs","isPartOf":{"@id":"https:\/\/www.cotefleurs.ch\/en\/#website"},"primaryImageOfPage":{"@id":"https:\/\/www.cotefleurs.ch\/en\/buy-online\/birth-arrangement-with-plush-toy\/#primaryimage"},"image":{"@id":"https:\/\/www.cotefleurs.ch\/en\/buy-online\/birth-arrangement-with-plush-toy\/#primaryimage"},"thumbnailUrl":"https:\/\/www.cotefleurs.ch\/wp-content\/uploads\/2023\/09\/Arranegement-Naissance-blanc-et-bleu-avec-nounours-100-CHF-scaled.webp","datePublished":"2023-09-25T11:55:44+00:00","dateModified":"2023-11-07T17:22:07+00:00","description":"Offer a magnificent birth floral arrangement in Geneva, to welcome the newborn and share in the joy of the parents.","breadcrumb":{"@id":"https:\/\/www.cotefleurs.ch\/en\/buy-online\/birth-arrangement-with-plush-toy\/#breadcrumb"},"inLanguage":"en-GB","potentialAction":[{"@type":"ReadAction","target":["https:\/\/www.cotefleurs.ch\/en\/buy-online\/birth-arrangement-with-plush-toy\/"]}]},{"@type":"ImageObject","inLanguage":"en-GB","@id":"https:\/\/www.cotefleurs.ch\/en\/buy-online\/birth-arrangement-with-plush-toy\/#primaryimage","url":"https:\/\/www.cotefleurs.ch\/wp-content\/uploads\/2023\/09\/Arranegement-Naissance-blanc-et-bleu-avec-nounours-100-CHF-scaled.webp","contentUrl":"https:\/\/www.cotefleurs.ch\/wp-content\/uploads\/2023\/09\/Arranegement-Naissance-blanc-et-bleu-avec-nounours-100-CHF-scaled.webp","width":2560,"height":1920,"caption":"Bouqet de fleur de naissance"},{"@type":"BreadcrumbList","@id":"https:\/\/www.cotefleurs.ch\/en\/buy-online\/birth-arrangement-with-plush-toy\/#breadcrumb","itemListElement":[{"@type":"ListItem","position":1,"name":"Home","item":"https:\/\/www.cotefleurs.ch\/fr\/"},{"@type":"ListItem","position":2,"name":"Produits","item":"https:\/\/www.cotefleurs.ch\/fr\/shop\/"},{"@type":"ListItem","position":3,"name":"Birth arrangement (with plush toy)"}]},{"@type":"WebSite","@id":"https:\/\/www.cotefleurs.ch\/en\/#website","url":"https:\/\/www.cotefleurs.ch\/en\/","name":"C\u00f4t\u00e9 fleurs","description":"Fleuriste \u00e0 Gen\u00e8ve","publisher":{"@id":"https:\/\/www.cotefleurs.ch\/en\/#organization"},"potentialAction":[{"@type":"SearchAction","target":{"@type":"EntryPoint","urlTemplate":"https:\/\/www.cotefleurs.ch\/en\/?s={search_term_string}"},"query-input":"required name=search_term_string"}],"inLanguage":"en-GB"},{"@type":"Organization","@id":"https:\/\/www.cotefleurs.ch\/en\/#organization","name":"C\u00f4t\u00e9 fleurs","url":"https:\/\/www.cotefleurs.ch\/en\/","logo":{"@type":"ImageObject","inLanguage":"en-GB","@id":"https:\/\/www.cotefleurs.ch\/en\/#\/schema\/logo\/image\/","url":"https:\/\/www.cotefleurs.ch\/wp-content\/uploads\/2023\/08\/logo-cote-fleurs-fleuriste-geneve-livraison-fleurs.webp","contentUrl":"https:\/\/www.cotefleurs.ch\/wp-content\/uploads\/2023\/08\/logo-cote-fleurs-fleuriste-geneve-livraison-fleurs.webp","width":400,"height":400,"caption":"C\u00f4t\u00e9 fleurs"},"image":{"@id":"https:\/\/www.cotefleurs.ch\/en\/#\/schema\/logo\/image\/"}}]}},"_links":{"self":[{"href":"https:\/\/www.cotefleurs.ch\/en\/wp-json\/wp\/v2\/product\/2431","targetHints":{"allow":["GET"]}}],"collection":[{"href":"https:\/\/www.cotefleurs.ch\/en\/wp-json\/wp\/v2\/product"}],"about":[{"href":"https:\/\/www.cotefleurs.ch\/en\/wp-json\/wp\/v2\/types\/product"}],"replies":[{"embeddable":true,"href":"https:\/\/www.cotefleurs.ch\/en\/wp-json\/wp\/v2\/comments?post=2431"}],"version-history":[{"count":1,"href":"https:\/\/www.cotefleurs.ch\/en\/wp-json\/wp\/v2\/product\/2431\/revisions"}],"predecessor-version":[{"id":2432,"href":"https:\/\/www.cotefleurs.ch\/en\/wp-json\/wp\/v2\/product\/2431\/revisions\/2432"}],"wp:featuredmedia":[{"embeddable":true,"href":"https:\/\/www.cotefleurs.ch\/en\/wp-json\/wp\/v2\/media\/2012"}],"wp:attachment":[{"href":"https:\/\/www.cotefleurs.ch\/en\/wp-json\/wp\/v2\/media?parent=2431"}],"wp:term":[{"taxonomy":"product_cat","embeddable":true,"href":"https:\/\/www.cotefleurs.ch\/en\/wp-json\/wp\/v2\/product_cat?post=2431"},{"taxonomy":"product_tag","embeddable":true,"href":"https:\/\/www.cotefleurs.ch\/en\/wp-json\/wp\/v2\/product_tag?post=2431"}],"curies":[{"name":"wp","href":"https:\/\/api.w.org\/{rel}","templated":true}]}}