{"id":2437,"date":"2023-09-18T13:57:58","date_gmt":"2023-09-18T13:57:58","guid":{"rendered":"https:\/\/www.cotefleurs.ch\/terms-and-conditions-of-sale\/"},"modified":"2023-10-18T16:53:49","modified_gmt":"2023-10-18T16:53:49","slug":"terms-and-conditions-of-sale","status":"publish","type":"page","link":"https:\/\/www.cotefleurs.ch\/en\/terms-and-conditions-of-sale\/","title":{"rendered":"Terms and conditions of sale"},"content":{"rendered":"\t\t<div data-elementor-type=\"wp-page\" data-elementor-id=\"2437\" class=\"elementor elementor-2437 elementor-1959\" data-elementor-post-type=\"page\">\n\t\t\t\t\t\t<section class=\"elementor-section elementor-top-section elementor-element elementor-element-8c42114 elementor-section-boxed elementor-section-height-default elementor-section-height-default\" data-id=\"8c42114\" data-element_type=\"section\" data-settings=\"{&quot;background_background&quot;:&quot;classic&quot;}\">\n\t\t\t\t\t\t\t<div class=\"elementor-background-overlay\"><\/div>\n\t\t\t\t\t\t\t<div class=\"elementor-container elementor-column-gap-default\">\n\t\t\t\t\t<div class=\"elementor-column elementor-col-100 elementor-top-column elementor-element elementor-element-5dbacdc\" data-id=\"5dbacdc\" data-element_type=\"column\">\n\t\t\t<div class=\"elementor-widget-wrap elementor-element-populated\">\n\t\t\t\t\t\t<div class=\"elementor-element elementor-element-f2f98e4 elementor-widget elementor-widget-heading\" data-id=\"f2f98e4\" data-element_type=\"widget\" data-widget_type=\"heading.default\">\n\t\t\t\t<div class=\"elementor-widget-container\">\n\t\t\t<style>\/*! elementor - v3.23.0 - 15-07-2024 *\/\n.elementor-heading-title{padding:0;margin:0;line-height:1}.elementor-widget-heading .elementor-heading-title[class*=elementor-size-]>a{color:inherit;font-size:inherit;line-height:inherit}.elementor-widget-heading .elementor-heading-title.elementor-size-small{font-size:15px}.elementor-widget-heading .elementor-heading-title.elementor-size-medium{font-size:19px}.elementor-widget-heading .elementor-heading-title.elementor-size-large{font-size:29px}.elementor-widget-heading .elementor-heading-title.elementor-size-xl{font-size:39px}.elementor-widget-heading .elementor-heading-title.elementor-size-xxl{font-size:59px}<\/style><h1 class=\"elementor-heading-title elementor-size-default\">Buy online<\/h1>\t\t<\/div>\n\t\t\t\t<\/div>\n\t\t\t\t<div class=\"elementor-element elementor-element-ded4bee elementor-widget elementor-widget-heading\" data-id=\"ded4bee\" data-element_type=\"widget\" data-widget_type=\"heading.default\">\n\t\t\t\t<div class=\"elementor-widget-container\">\n\t\t\t<h2 class=\"elementor-heading-title elementor-size-default\">Terms and conditions of sale<\/h2>\t\t<\/div>\n\t\t\t\t<\/div>\n\t\t\t\t\t<\/div>\n\t\t<\/div>\n\t\t\t\t\t<\/div>\n\t\t<\/section>\n\t\t\t\t<section class=\"elementor-section elementor-top-section elementor-element elementor-element-448b471 elementor-section-boxed elementor-section-height-default elementor-section-height-default\" data-id=\"448b471\" data-element_type=\"section\" data-settings=\"{&quot;background_background&quot;:&quot;classic&quot;}\">\n\t\t\t\t\t\t<div class=\"elementor-container elementor-column-gap-default\">\n\t\t\t\t\t<div class=\"elementor-column elementor-col-100 elementor-top-column elementor-element elementor-element-2c8f38c\" data-id=\"2c8f38c\" data-element_type=\"column\">\n\t\t\t<div class=\"elementor-widget-wrap elementor-element-populated\">\n\t\t\t\t\t\t<div class=\"elementor-element elementor-element-070ba02 elementor-widget elementor-widget-text-editor\" data-id=\"070ba02\" data-element_type=\"widget\" data-widget_type=\"text-editor.default\">\n\t\t\t\t<div class=\"elementor-widget-container\">\n\t\t\t<style>\/*! elementor - v3.23.0 - 15-07-2024 *\/\n.elementor-widget-text-editor.elementor-drop-cap-view-stacked .elementor-drop-cap{background-color:#69727d;color:#fff}.elementor-widget-text-editor.elementor-drop-cap-view-framed .elementor-drop-cap{color:#69727d;border:3px solid;background-color:transparent}.elementor-widget-text-editor:not(.elementor-drop-cap-view-default) .elementor-drop-cap{margin-top:8px}.elementor-widget-text-editor:not(.elementor-drop-cap-view-default) .elementor-drop-cap-letter{width:1em;height:1em}.elementor-widget-text-editor .elementor-drop-cap{float:left;text-align:center;line-height:1;font-size:50px}.elementor-widget-text-editor .elementor-drop-cap-letter{display:inline-block}<\/style>\t\t\t\t<p>We invite online customers using our site who purchase flowers to read the following general terms of sale carefully before ordering any of the products shown on this internet site. Acquiring a product through the present site implies an unreserved acceptance by the purchaser of the present terms and conditions of sale.<\/p><h3>Item 1: The Products<\/h3><p>The Cot\u00e9 Fleurs online shop allows you to create the bouquet of your choice by following the different steps proposed. Every step is illustrated with photos of floral arrangements relating to your choices. These pictures are intended to be informative examples, and to give you some ideas to help you create a floral arrangement which closely matches your wishes. The floral creations that you will achieve will not be identical to the photos on the site. Flowers are a natural perishable product that can vary with the seasons so we need to be flexible; every creation is unique. The florists at Cot\u00e9 Fleurs are highly qualified and creative; they will create an arrangement that matches your requirements as closely as possible. We assume that the purchaser agrees with this process for creating &#8220;Cot\u00e9 Fleurs online&#8221; bouquets and, due to this, we will not accept any claim relating to the examples shown on the site.<\/p><h3>Item 2: Sales Conditions<\/h3><p>So that the floral arrangement that you have chosen is made under the best conditions, the order must arrive with us in the day before if you want a delivery the following morning, and in the morning before 1pm for a delivery the same afternoon. You can also place an order for same day delivery but, in this case, you must telephone the team at Cot\u00e9 Fleurs to make sure that they are able to process your order. If you do not do this, Cot\u00e9 Fleurs will treat the order in the normal way, either the morning after for orders placed the previous day or in the afternoon for orders placed before 1pm. All orders placed in the afternoon without a phone call will be delivered the next day. We would like to remind you that orders for destinations not shown in the delivery table (for example in the canton of Vaud) must be placed 2 days in advance. If you have a special request (for example a large number of flowers of the same variety) we urge you to place the order several days in advance so that we can meet your wishes. As soon as we have received your order, you will get an email confirming that we are able to treat it on time. If this is not the case, then we will contact you by email or telephone in order to propose an alternative.<\/p><h3>Item 3: The Deliveries<\/h3><p>We only deliver in Switzerland. Your flowers are delivered by Cot\u00e9 Fleurs SA to the address indicated in the order. If the delivery is far away, we may telephone before delivering to make sure that somebody will be there during the time slot. We never reveal the name of the sender, so that it is always a surprise when the card is opened. If we have not been able to confirm the delivery with the recipient, we will contact you without delay. If we are not able to contact you, the order is put on hold and eventually cancelled without charge after a few days. The delivery charges are calculated using the reference table of distance based on the post code of the destination. If you would like a destination not shown in the reference table, then this is also possible, but it will be undertaken by a business partner, which is why it is necessary to give two days notice to organise this. In every case, we are committed to respect the delivery date, but not necessarily a specific time. Our experienced drivers will endeavour to choose the best time slot indicated in the order or convenient to the recipient, according to the delivery schedule and the prevailing traffic conditions. We deliver according to the following timetable: Monday, Tuesday, Wednesday Thursday, Friday, from 8am to 6pm, Saturday from 8am to 1pm. We deliver every day except Sunday. The shop is open all year apart from the annual holidays from December 24th to January 10th, during the Easter weekend (closing Thursday 5pm, reopening Tuesday 8am) and during the official holidays (Thursday for Ascension, Monday for Pentec\u00f4te, August 1st and Thursday Je\u00fbne Genevois). During busy times such as Valentine&#8217;s Day, Mother&#8217;s Day, Jewish New Year and December 24th, it is particularly important to respect the deadlines so that we can organise the delivery of your order. If Mother&#8217;s Day, December 24th or the Jewish New Year falls on a Sunday, then we only carry out deliveries in the morning.<\/p><h3>Item 4: Accuracy of data<\/h3><p>So that we can respect our liabilities, we request that you complete the obligatory fields of the order carefully and accurately. If data is not correct, we will not be able to process your order and it will be suspended until we are able to contact you. If we are not able to contact you, the order will be put on hold and subsequently cancelled after a few days. In this case, we do not guarantee a full refund.<\/p><h3>Item 5: Price and Payment<\/h3><p>We execute the orders according to the budget that you define, and this is shown without VAT. The delivery prices indicated are also shown without VAT. The rate of VAT is related to the products ordered. The rate of VAT is 2.5% for cut flowers, orchids, funeral wreathes and arrangements providing that the price of the containers does not exceed 30% of the total value. We are committed to ensuring that the price of the container does not exceed 30% of the value of the arrangement so that a rate of 2.5% can apply. The delivery charges are linked to the flowers and are also charged at 2.5%. An 8% rate of VAT applies to containers and other packaged products supplied.<\/p><p>The orders processed by the e-business Cot\u00e9 Fleurs are only accepted with a payment by credit card via the Postfinance secure payment platform. The site lets you pay in both Swiss Francs and in Euros. The rate of exchange used is the one existing at the time of the transaction with Postfinance.<\/p><h3>Item 6: Quality of the Products<\/h3><p>We buy our products daily from trustworthy suppliers who are able to provide top quality and freshness. Flowers have a lifespan which varies with the variety. An arrangement of cut flowers generally lasts one week under normal conditions of temperature and maintenance and an arrangement of orchids between one and two months. We cannot be held responsible for periods of high temperature or cases when common sense is ignored such as leaving a bouquet without water for several hours, exposing the flowers to temperatures below 10\u00b0C, leaving the flowers exposed in full sun, or choosing a vase that is too small and contains insufficient water for them to thrive.<\/p><h3>Item 7: Guarantees<\/h3><p>We endeavour to guarantee good quality, however flowers are perishable natural products, and it can happen that that there is a poor bloom despite our best efforts. In this case, we ask you to advise us within 3 days by sending an email to\u00a0<span id=\"email_721169764784062\"><a href=\"mailto:info@cotefleurs.ch\">info@cotefleurs.ch<\/a><\/span>\u00a0with a photo of the damaged arrangement. Alternatively, you can also return the bouquet directly to the shop. Excluding heatwaves, and providing that the flowers have been looked after sensibly, we will undertake to replace them. If there is any doubt about the origin of the bouquet photographed, or its maintenance, Cot\u00e9 Fleurs reserves the right to ask the customer to return it to the shop before replacing it. In the case of a gift, if the recipient of the flowers is not satisfied for subjective reasons or preferences, we are unable to carry out a replacement or give any kind of cash refund or credit. However, we always respect the choice of the sender.<\/p><h3>Item 8: Cancellation<\/h3><p>All orders may be cancelled up to 48 hours before the delivery date. In this case, the customer must advise us by telephone on 0041 22 347 97 47 or by email to\u00a0<span id=\"email_8031697647840650\"><a href=\"mailto:info@cotefleurs.ch\">info@cotefleurs.ch<\/a><\/span>. If this lead time is not respected, we will not be able to accept the cancellation unless there are exceptional circumstances. Providing that the correct notice has been given, charges will be refunded.<\/p><h3>Item 9: Privacy<\/h3><p>All data stored in the ordering system is confidential. It will only be used to process your order and will not be passed on to third parties for mailings or advertising. We reserve the right to send you some communications from time to time to keep you updated on our activities. You can opt out of these mailings if you wish. You can also delete your customer account by sending an email to\u00a0<span id=\"email_7741697647840851\"><a href=\"mailto:info@cotefleurs.ch\">info@cotefleurs.ch<\/a><\/span>.<\/p><h3>Item 10: Place of Jurisdiction<\/h3><p>The Company Cot\u00e9 Fleurs SA respects the Swiss law and applies it to the scope of its activity. The place of jurisdiction is Geneva.<\/p><h3>Item 11: Intellectual Property<\/h3><p>The intellectual property rights of all graphics, photos, text and comments on the site and the e-business of Cot\u00e9 Fleurs SA are subject to worldwide copyright. Any total or partial reproduction of the site\u2019s contents is therefore strictly forbidden.<\/p><h3>Item 12: Opening Hours<\/h3><p>Our normal shop working hours are Monday, Tuesday, Thursday and Friday from 8.30am to 6.45pm non stop, and Wednesday and Saturday from 8.30am to 1pm. If you would like further information, please do not hesitate to contact us by emailing\u00a0<span id=\"email_2831697647840604\"><a href=\"mailto:info@cotefleurs.ch\">info@cotefleurs.ch<\/a><\/span>\u00a0or by telephoning 0041 22 347 97 47.<\/p>\t\t\t\t\t\t<\/div>\n\t\t\t\t<\/div>\n\t\t\t\t\t<\/div>\n\t\t<\/div>\n\t\t\t\t\t<\/div>\n\t\t<\/section>\n\t\t\t\t<\/div>\n\t\t","protected":false},"excerpt":{"rendered":"<p>Buy online Terms and conditions of sale We invite online customers using our site who purchase flowers to read the following general terms of sale carefully before ordering any of the products shown on this internet site. Acquiring a product through the present site implies an unreserved acceptance by the purchaser of the present terms [&hellip;]<\/p>\n","protected":false},"author":1,"featured_media":0,"parent":0,"menu_order":0,"comment_status":"closed","ping_status":"closed","template":"","meta":{"_acf_changed":false,"footnotes":""},"class_list":["post-2437","page","type-page","status-publish","hentry"],"acf":[],"yoast_head":"<!-- This site is optimized with the Yoast SEO plugin v23.0 - https:\/\/yoast.com\/wordpress\/plugins\/seo\/ -->\n<title>Terms and conditions of sale - C\u00f4t\u00e9 fleurs<\/title>\n<meta name=\"robots\" content=\"noindex, follow\" \/>\n<meta property=\"og:locale\" content=\"en_GB\" \/>\n<meta property=\"og:type\" content=\"article\" \/>\n<meta property=\"og:title\" content=\"Terms and conditions of sale - C\u00f4t\u00e9 fleurs\" \/>\n<meta property=\"og:description\" content=\"Buy online Terms and conditions of sale We invite online customers using our site who purchase flowers to read the following general terms of sale carefully before ordering any of the products shown on this internet site. Acquiring a product through the present site implies an unreserved acceptance by the purchaser of the present terms [&hellip;]\" \/>\n<meta property=\"og:url\" content=\"https:\/\/www.cotefleurs.ch\/en\/terms-and-conditions-of-sale\/\" \/>\n<meta property=\"og:site_name\" content=\"C\u00f4t\u00e9 fleurs\" \/>\n<meta property=\"article:modified_time\" content=\"2023-10-18T16:53:49+00:00\" \/>\n<meta property=\"og:image\" content=\"https:\/\/www.cotefleurs.ch\/wp-content\/uploads\/2023\/10\/Bouquet-mari\u201ae-rond-pastel-avec-dahlia.webp\" \/>\n\t<meta property=\"og:image:width\" content=\"1500\" \/>\n\t<meta property=\"og:image:height\" content=\"1120\" \/>\n\t<meta property=\"og:image:type\" content=\"image\/webp\" \/>\n<meta name=\"twitter:card\" content=\"summary_large_image\" \/>\n<meta name=\"twitter:label1\" content=\"Estimated reading time\" \/>\n\t<meta name=\"twitter:data1\" content=\"8 minutes\" \/>\n<script type=\"application\/ld+json\" class=\"yoast-schema-graph\">{\"@context\":\"https:\/\/schema.org\",\"@graph\":[{\"@type\":\"WebPage\",\"@id\":\"https:\/\/www.cotefleurs.ch\/en\/terms-and-conditions-of-sale\/\",\"url\":\"https:\/\/www.cotefleurs.ch\/en\/terms-and-conditions-of-sale\/\",\"name\":\"Terms and conditions of sale - C\u00f4t\u00e9 fleurs\",\"isPartOf\":{\"@id\":\"https:\/\/www.cotefleurs.ch\/en\/#website\"},\"datePublished\":\"2023-09-18T13:57:58+00:00\",\"dateModified\":\"2023-10-18T16:53:49+00:00\",\"breadcrumb\":{\"@id\":\"https:\/\/www.cotefleurs.ch\/en\/terms-and-conditions-of-sale\/#breadcrumb\"},\"inLanguage\":\"en-GB\",\"potentialAction\":[{\"@type\":\"ReadAction\",\"target\":[\"https:\/\/www.cotefleurs.ch\/en\/terms-and-conditions-of-sale\/\"]}]},{\"@type\":\"BreadcrumbList\",\"@id\":\"https:\/\/www.cotefleurs.ch\/en\/terms-and-conditions-of-sale\/#breadcrumb\",\"itemListElement\":[{\"@type\":\"ListItem\",\"position\":1,\"name\":\"Home\",\"item\":\"https:\/\/www.cotefleurs.ch\/fr\/\"},{\"@type\":\"ListItem\",\"position\":2,\"name\":\"Terms and conditions of sale\"}]},{\"@type\":\"WebSite\",\"@id\":\"https:\/\/www.cotefleurs.ch\/en\/#website\",\"url\":\"https:\/\/www.cotefleurs.ch\/en\/\",\"name\":\"C\u00f4t\u00e9 fleurs\",\"description\":\"Fleuriste \u00e0 Gen\u00e8ve\",\"publisher\":{\"@id\":\"https:\/\/www.cotefleurs.ch\/en\/#organization\"},\"potentialAction\":[{\"@type\":\"SearchAction\",\"target\":{\"@type\":\"EntryPoint\",\"urlTemplate\":\"https:\/\/www.cotefleurs.ch\/en\/?s={search_term_string}\"},\"query-input\":\"required name=search_term_string\"}],\"inLanguage\":\"en-GB\"},{\"@type\":\"Organization\",\"@id\":\"https:\/\/www.cotefleurs.ch\/en\/#organization\",\"name\":\"C\u00f4t\u00e9 fleurs\",\"url\":\"https:\/\/www.cotefleurs.ch\/en\/\",\"logo\":{\"@type\":\"ImageObject\",\"inLanguage\":\"en-GB\",\"@id\":\"https:\/\/www.cotefleurs.ch\/en\/#\/schema\/logo\/image\/\",\"url\":\"https:\/\/www.cotefleurs.ch\/wp-content\/uploads\/2023\/08\/logo-cote-fleurs-fleuriste-geneve-livraison-fleurs.webp\",\"contentUrl\":\"https:\/\/www.cotefleurs.ch\/wp-content\/uploads\/2023\/08\/logo-cote-fleurs-fleuriste-geneve-livraison-fleurs.webp\",\"width\":400,\"height\":400,\"caption\":\"C\u00f4t\u00e9 fleurs\"},\"image\":{\"@id\":\"https:\/\/www.cotefleurs.ch\/en\/#\/schema\/logo\/image\/\"}}]}<\/script>\n<!-- \/ Yoast SEO plugin. -->","yoast_head_json":{"title":"Terms and conditions of sale - C\u00f4t\u00e9 fleurs","robots":{"index":"noindex","follow":"follow"},"og_locale":"en_GB","og_type":"article","og_title":"Terms and conditions of sale - C\u00f4t\u00e9 fleurs","og_description":"Buy online Terms and conditions of sale We invite online customers using our site who purchase flowers to read the following general terms of sale carefully before ordering any of the products shown on this internet site. Acquiring a product through the present site implies an unreserved acceptance by the purchaser of the present terms [&hellip;]","og_url":"https:\/\/www.cotefleurs.ch\/en\/terms-and-conditions-of-sale\/","og_site_name":"C\u00f4t\u00e9 fleurs","article_modified_time":"2023-10-18T16:53:49+00:00","og_image":[{"width":1500,"height":1120,"url":"https:\/\/www.cotefleurs.ch\/wp-content\/uploads\/2023\/10\/Bouquet-mari\u201ae-rond-pastel-avec-dahlia.webp","type":"image\/webp"}],"twitter_card":"summary_large_image","twitter_misc":{"Estimated reading time":"8 minutes"},"schema":{"@context":"https:\/\/schema.org","@graph":[{"@type":"WebPage","@id":"https:\/\/www.cotefleurs.ch\/en\/terms-and-conditions-of-sale\/","url":"https:\/\/www.cotefleurs.ch\/en\/terms-and-conditions-of-sale\/","name":"Terms and conditions of sale - C\u00f4t\u00e9 fleurs","isPartOf":{"@id":"https:\/\/www.cotefleurs.ch\/en\/#website"},"datePublished":"2023-09-18T13:57:58+00:00","dateModified":"2023-10-18T16:53:49+00:00","breadcrumb":{"@id":"https:\/\/www.cotefleurs.ch\/en\/terms-and-conditions-of-sale\/#breadcrumb"},"inLanguage":"en-GB","potentialAction":[{"@type":"ReadAction","target":["https:\/\/www.cotefleurs.ch\/en\/terms-and-conditions-of-sale\/"]}]},{"@type":"BreadcrumbList","@id":"https:\/\/www.cotefleurs.ch\/en\/terms-and-conditions-of-sale\/#breadcrumb","itemListElement":[{"@type":"ListItem","position":1,"name":"Home","item":"https:\/\/www.cotefleurs.ch\/fr\/"},{"@type":"ListItem","position":2,"name":"Terms and conditions of sale"}]},{"@type":"WebSite","@id":"https:\/\/www.cotefleurs.ch\/en\/#website","url":"https:\/\/www.cotefleurs.ch\/en\/","name":"C\u00f4t\u00e9 fleurs","description":"Fleuriste \u00e0 Gen\u00e8ve","publisher":{"@id":"https:\/\/www.cotefleurs.ch\/en\/#organization"},"potentialAction":[{"@type":"SearchAction","target":{"@type":"EntryPoint","urlTemplate":"https:\/\/www.cotefleurs.ch\/en\/?s={search_term_string}"},"query-input":"required name=search_term_string"}],"inLanguage":"en-GB"},{"@type":"Organization","@id":"https:\/\/www.cotefleurs.ch\/en\/#organization","name":"C\u00f4t\u00e9 fleurs","url":"https:\/\/www.cotefleurs.ch\/en\/","logo":{"@type":"ImageObject","inLanguage":"en-GB","@id":"https:\/\/www.cotefleurs.ch\/en\/#\/schema\/logo\/image\/","url":"https:\/\/www.cotefleurs.ch\/wp-content\/uploads\/2023\/08\/logo-cote-fleurs-fleuriste-geneve-livraison-fleurs.webp","contentUrl":"https:\/\/www.cotefleurs.ch\/wp-content\/uploads\/2023\/08\/logo-cote-fleurs-fleuriste-geneve-livraison-fleurs.webp","width":400,"height":400,"caption":"C\u00f4t\u00e9 fleurs"},"image":{"@id":"https:\/\/www.cotefleurs.ch\/en\/#\/schema\/logo\/image\/"}}]}},"_links":{"self":[{"href":"https:\/\/www.cotefleurs.ch\/en\/wp-json\/wp\/v2\/pages\/2437","targetHints":{"allow":["GET"]}}],"collection":[{"href":"https:\/\/www.cotefleurs.ch\/en\/wp-json\/wp\/v2\/pages"}],"about":[{"href":"https:\/\/www.cotefleurs.ch\/en\/wp-json\/wp\/v2\/types\/page"}],"author":[{"embeddable":true,"href":"https:\/\/www.cotefleurs.ch\/en\/wp-json\/wp\/v2\/users\/1"}],"replies":[{"embeddable":true,"href":"https:\/\/www.cotefleurs.ch\/en\/wp-json\/wp\/v2\/comments?post=2437"}],"version-history":[{"count":4,"href":"https:\/\/www.cotefleurs.ch\/en\/wp-json\/wp\/v2\/pages\/2437\/revisions"}],"predecessor-version":[{"id":3305,"href":"https:\/\/www.cotefleurs.ch\/en\/wp-json\/wp\/v2\/pages\/2437\/revisions\/3305"}],"wp:attachment":[{"href":"https:\/\/www.cotefleurs.ch\/en\/wp-json\/wp\/v2\/media?parent=2437"}],"curies":[{"name":"wp","href":"https:\/\/api.w.org\/{rel}","templated":true}]}}